{"id":10816,"date":"2025-10-19T21:32:32","date_gmt":"2025-10-19T19:32:32","guid":{"rendered":"https:\/\/opecheurdelune.com\/product\/lit-de-repos-cleopatre-de-dick-cordemeyer-pour-auping-1960\/"},"modified":"2025-12-17T17:39:49","modified_gmt":"2025-12-17T16:39:49","slug":"lit-de-repos-cleopatre-de-dick-cordemeyer-pour-auping-1960","status":"publish","type":"product","link":"https:\/\/opecheurdelune.com\/en\/product\/lit-de-repos-cleopatre-de-dick-cordemeyer-pour-auping-1960\/","title":{"rendered":"Lit de repos Cl\u00e9op\u00e2tre de Dick Cordemeyer pour Auping, 1960"},"content":{"rendered":"<p>Lit de repos, Daybed mod\u00e8le &#8220;Cl\u00e9op\u00e2tre&#8221; de designer Dick Cordemeyer pour l&#8217;\u00e9diteur Auping aux Pays-Bas en 1960.<\/p>\n<p>Structure en bois et m\u00e9tal, sommier en m\u00e9tal tress\u00e9. Le matelas et le coussin sont neufs, retapiss\u00e9s avec un tissu de laine gris perle.<\/p>\n<p>hauteur 37 cm longueur 200 cm largeur\u00a0 90 cm<\/p>\n<p>Dick Cordemeyer est n\u00e9 le 17 avril 1929 \u00e0 Amsterdam, aux Pays-Bas. \u00e9tait un designer de meubles n\u00e9erlandais. Il \u00e9tait surtout connu pour son travail au sein de la c\u00e9l\u00e8bre entreprise de design de meubles De Ploeg et Auping, o\u00f9 il a contribu\u00e9 \u00e0 cr\u00e9er plusieurs pi\u00e8ces embl\u00e9matiques du design moderne n\u00e9erlandais. Cordemeyer a \u00e9t\u00e9 influent dans le d\u00e9veloppement du design fonctionnel et esth\u00e9tique dans les meubles, et son travail continue d&#8217;\u00eatre appr\u00e9ci\u00e9 et respect\u00e9 dans le domaine du design.<\/p>\n<p>Auping est une entreprise n\u00e9erlandaise sp\u00e9cialis\u00e9e dans la conception et la fabrication de meubles de lit, notamment des matelas, des sommiers et des cadres de lit. Elle a \u00e9t\u00e9 fond\u00e9e en 1888 par Johannes Auping \u00e0 Deventer, aux Pays-Bas. Auping est connue pour son engagement envers la qualit\u00e9, le confort et l&#8217;innovation dans la fabrication de ses produits.<\/p>\n<p>Des questions sur le produit, la logistique, la facture o\u00f9 le mode de r\u00e8glement une seule adresse pour obtenir votre r\u00e9ponse personnalis\u00e9e\u00a0\u00a0<a href=\"https:\/\/old.opecheurdelune.com\/contact-o-pecheur-de-lune\" target=\"_blank\" rel=\"noopener\">vincent@opecheurdelune.com<\/a><\/p>\n","protected":false},"excerpt":{"rendered":"<p>Lit de repos, Daybed mod\u00e8le &#8220;Cl\u00e9op\u00e2tre&#8221; de designer Dick Cordemeyer pour l&#8217;\u00e9diteur Auping aux Pays-Bas en 1960. Structure en bois et m\u00e9tal, sommier en m\u00e9tal tress\u00e9. Le matelas et le coussin sont neufs, retapiss\u00e9s avec un tissu de laine gris perle. hauteur 37 cm longueur 200 cm largeur\u00a0 90 cm Dick Cordemeyer est n\u00e9 le 17 avril 1929 \u00e0 Amsterdam, aux Pays-Bas. \u00e9tait un designer de meubles n\u00e9erlandais. Il \u00e9tait surtout connu pour son travail au sein de la c\u00e9l\u00e8bre entreprise de design de meubles De Ploeg et Auping, o\u00f9 il a contribu\u00e9 \u00e0 cr\u00e9er plusieurs pi\u00e8ces embl\u00e9matiques du design moderne n\u00e9erlandais. Cordemeyer a \u00e9t\u00e9 influent dans le d\u00e9veloppement du design fonctionnel et esth\u00e9tique dans les meubles, et son travail continue d&#8217;\u00eatre appr\u00e9ci\u00e9 et respect\u00e9 dans le domaine du design. Auping est une entreprise n\u00e9erlandaise sp\u00e9cialis\u00e9e dans la conception et la fabrication de meubles de lit, notamment des matelas, des sommiers et des cadres de lit. Elle a \u00e9t\u00e9 fond\u00e9e en 1888 par Johannes Auping \u00e0 Deventer, aux Pays-Bas. Auping est connue pour son engagement envers la qualit\u00e9, le confort et l&#8217;innovation dans la fabrication de ses produits. Des questions sur le produit, la logistique, la facture o\u00f9 le mode de r\u00e8glement une seule adresse pour obtenir votre r\u00e9ponse personnalis\u00e9e\u00a0\u00a0vincent@opecheurdelune.com<\/p>\n","protected":false},"featured_media":9737,"comment_status":"closed","ping_status":"closed","template":"","meta":{"_seopress_robots_primary_cat":"","_seopress_titles_title":"","_seopress_titles_desc":"","_seopress_robots_index":"","_gspb_post_css":"","inline_featured_image":false},"product_brand":[],"product_cat":[332],"product_tag":[337,341,342],"berocket_brand":[],"class_list":{"0":"post-10816","1":"product","2":"type-product","3":"status-publish","4":"has-post-thumbnail","6":"product_cat-seating-armchairs","7":"product_tag-assises-en","8":"product_tag-literie-en","9":"product_tag-sofa-en","11":"first","12":"outofstock","13":"taxable","14":"shipping-taxable","15":"purchasable","16":"product-type-simple"},"_links":{"self":[{"href":"https:\/\/opecheurdelune.com\/en\/wp-json\/wp\/v2\/product\/10816","targetHints":{"allow":["GET"]}}],"collection":[{"href":"https:\/\/opecheurdelune.com\/en\/wp-json\/wp\/v2\/product"}],"about":[{"href":"https:\/\/opecheurdelune.com\/en\/wp-json\/wp\/v2\/types\/product"}],"replies":[{"embeddable":true,"href":"https:\/\/opecheurdelune.com\/en\/wp-json\/wp\/v2\/comments?post=10816"}],"wp:featuredmedia":[{"embeddable":true,"href":"https:\/\/opecheurdelune.com\/en\/wp-json\/wp\/v2\/media\/9737"}],"wp:attachment":[{"href":"https:\/\/opecheurdelune.com\/en\/wp-json\/wp\/v2\/media?parent=10816"}],"wp:term":[{"taxonomy":"product_brand","embeddable":true,"href":"https:\/\/opecheurdelune.com\/en\/wp-json\/wp\/v2\/product_brand?post=10816"},{"taxonomy":"product_cat","embeddable":true,"href":"https:\/\/opecheurdelune.com\/en\/wp-json\/wp\/v2\/product_cat?post=10816"},{"taxonomy":"product_tag","embeddable":true,"href":"https:\/\/opecheurdelune.com\/en\/wp-json\/wp\/v2\/product_tag?post=10816"},{"taxonomy":"berocket_brand","embeddable":true,"href":"https:\/\/opecheurdelune.com\/en\/wp-json\/wp\/v2\/berocket_brand?post=10816"}],"curies":[{"name":"wp","href":"https:\/\/api.w.org\/{rel}","templated":true}]}}