{"id":10814,"date":"2024-10-19T19:32:36","date_gmt":"2024-10-19T17:32:36","guid":{"rendered":"https:\/\/opecheurdelune.com\/product\/chaise-longue-lc4-le-corbusier-pierre-jeanneret-charlotte-perriand-editons-cassina\/"},"modified":"2025-10-19T21:32:36","modified_gmt":"2025-10-19T19:32:36","slug":"chaise-longue-lc4-le-corbusier-pierre-jeanneret-charlotte-perriand-editons-cassina","status":"publish","type":"product","link":"https:\/\/opecheurdelune.com\/en\/product\/chaise-longue-lc4-le-corbusier-pierre-jeanneret-charlotte-perriand-editons-cassina\/","title":{"rendered":"Chaise longue &#8220;LC4&#8221;, Le Corbusier, Pierre Jeanneret, Charlotte Perriand, \u00e9ditons Cassina"},"content":{"rendered":"<p>Chaise longue &#8220;LC4&#8221;, Le Corbusier, Pierre Jeanneret, Charlotte Perriand, \u00e9ditons Cassina. Chaise longue r\u00e9glable, structure en tube de m\u00e9tal chrom\u00e9, habillage de cuir noir, sur un pi\u00e9tement en forme de &#8220;H&#8221; allong\u00e9, en m\u00e9tal laqu\u00e9 noir, belle patine et bon \u00e9tat d&#8217;usage. Le cuir et les parties m\u00e9talliques sont sans d\u00e9faut. Notre chaise longue est sign\u00e9e et num\u00e9rot\u00e9e.<\/p>\n<p>hauteur 63 cm hauteur assise 30 cm largeur 50 longueur 160 cm<\/p>\n<div class=\"w-full text-token-text-primary\" data-testid=\"conversation-turn-5\">\n<div class=\"px-4 py-2 justify-center text-base md:gap-6 m-auto\">\n<div class=\"flex flex-1 text-base mx-auto gap-3 md:px-5 lg:px-1 xl:px-5 md:max-w-3xl lg:max-w-[40rem] xl:max-w-[48rem] group final-completion\">\n<div class=\"relative flex w-full flex-col agent-turn\">\n<div class=\"flex-col gap-1 md:gap-3\">\n<div class=\"flex flex-grow flex-col max-w-full\">\n<div class=\"min-h-[20px] text-message flex flex-col items-start gap-3 whitespace-pre-wrap break-words [.text-message+&amp;]:mt-5 overflow-x-auto\" data-message-author-role=\"assistant\" data-message-id=\"adbd0e1f-20bd-4319-851a-680c18f44008\">\n<div class=\"markdown prose w-full break-words dark:prose-invert light\">\n<p>La chaise longue LC4 est une autre cr\u00e9ation embl\u00e9matique du designer Le Corbusier, en collaboration avec Charlotte Perriand et Pierre Jeanneret. Con\u00e7ue dans les ann\u00e9es 1920, la LC4 est une r\u00e9interpr\u00e9tation de la chaise longue traditionnelle, repens\u00e9e pour r\u00e9pondre aux exigences du design moderne et du confort.<\/p>\n<p>La particularit\u00e9 de la chaise longue LC4 r\u00e9side dans sa forme ergonomique qui permet \u00e0 l&#8217;utilisateur de s&#8217;\u00e9tendre confortablement, gr\u00e2ce \u00e0 son support r\u00e9glable en acier chrom\u00e9 ou en acier laqu\u00e9, et \u00e0 son coussin en cuir ou en tissu. La LC4 se distingue par son design \u00e9pur\u00e9 et fluide, mettant en valeur les principes du mouvement moderne, notamment la fonctionnalit\u00e9 et la simplicit\u00e9.<\/p>\n<p>L&#8217;un des aspects les plus remarquables de la LC4 est son apparence intemporelle et \u00e9l\u00e9gante, qui lui permet de s&#8217;int\u00e9grer harmonieusement dans une vari\u00e9t\u00e9 de contextes d\u00e9coratifs, que ce soit dans les int\u00e9rieurs r\u00e9sidentiels ou commerciaux.<\/p>\n<p>La chaise longue LC4 est consid\u00e9r\u00e9e comme une pi\u00e8ce embl\u00e9matique du design du XXe si\u00e8cle et est toujours produite depuis 1965 par Cassina, restant ainsi une r\u00e9f\u00e9rence incontournable pour les amateurs de design et les collectionneurs.<\/p>\n<p>Des questions sur le produit, la logistique, la facture o\u00f9 le mode de r\u00e8glement une seule adresse pour obtenir votre r\u00e9ponse personnalis\u00e9e\u00a0\u00a0<a href=\"https:\/\/old.opecheurdelune.com\/contact-o-pecheur-de-lune\" target=\"_blank\" rel=\"noopener\">vincent@opecheurdelune.com<\/a><\/p>\n<\/div>\n<\/div>\n<\/div>\n<\/div>\n<\/div>\n<\/div>\n<\/div>\n<\/div>\n","protected":false},"excerpt":{"rendered":"<p>Chaise longue &#8220;LC4&#8221;, Le Corbusier, Pierre Jeanneret, Charlotte Perriand, \u00e9ditons Cassina. Chaise longue r\u00e9glable, structure en tube de m\u00e9tal chrom\u00e9, habillage de cuir noir, sur un pi\u00e9tement en forme de &#8220;H&#8221; allong\u00e9, en m\u00e9tal laqu\u00e9 noir, belle patine et bon \u00e9tat d&#8217;usage. Le cuir et les parties m\u00e9talliques sont sans d\u00e9faut. Notre chaise longue est sign\u00e9e et num\u00e9rot\u00e9e. hauteur 63 cm hauteur assise 30 cm largeur 50 longueur 160 cm La chaise longue LC4 est une autre cr\u00e9ation embl\u00e9matique du designer Le Corbusier, en collaboration avec Charlotte Perriand et Pierre Jeanneret. Con\u00e7ue dans les ann\u00e9es 1920, la LC4 est une r\u00e9interpr\u00e9tation de la chaise longue traditionnelle, repens\u00e9e pour r\u00e9pondre aux exigences du design moderne et du confort. La particularit\u00e9 de la chaise longue LC4 r\u00e9side dans sa forme ergonomique qui permet \u00e0 l&#8217;utilisateur de s&#8217;\u00e9tendre confortablement, gr\u00e2ce \u00e0 son support r\u00e9glable en acier chrom\u00e9 ou en acier laqu\u00e9, et \u00e0 son coussin en cuir ou en tissu. La LC4 se distingue par son design \u00e9pur\u00e9 et fluide, mettant en valeur les principes du mouvement moderne, notamment la fonctionnalit\u00e9 et la simplicit\u00e9. L&#8217;un des aspects les plus remarquables de la LC4 est son apparence intemporelle et \u00e9l\u00e9gante, qui lui permet de s&#8217;int\u00e9grer harmonieusement dans une vari\u00e9t\u00e9 de contextes d\u00e9coratifs, que ce soit dans les int\u00e9rieurs r\u00e9sidentiels ou commerciaux. La chaise longue LC4 est consid\u00e9r\u00e9e comme une pi\u00e8ce embl\u00e9matique du design du XXe si\u00e8cle et est toujours produite depuis 1965 par Cassina, restant ainsi une r\u00e9f\u00e9rence incontournable pour les amateurs de design et les collectionneurs. Des questions sur le produit, la logistique, la facture o\u00f9 le mode de r\u00e8glement une seule adresse pour obtenir votre r\u00e9ponse personnalis\u00e9e\u00a0\u00a0vincent@opecheurdelune.com<\/p>\n","protected":false},"featured_media":9609,"comment_status":"closed","ping_status":"closed","template":"","meta":{"_seopress_robots_primary_cat":"","_seopress_titles_title":"","_seopress_titles_desc":"","_seopress_robots_index":"","_gspb_post_css":"","inline_featured_image":false},"product_brand":[],"product_cat":[332],"product_tag":[337,339,340],"berocket_brand":[],"class_list":{"0":"post-10814","1":"product","2":"type-product","3":"status-publish","4":"has-post-thumbnail","6":"product_cat-seating-armchairs","7":"product_tag-assises-en","8":"product_tag-chaise-longue-en","9":"product_tag-cuir-en","11":"first","12":"outofstock","13":"taxable","14":"shipping-taxable","15":"purchasable","16":"product-type-simple"},"_links":{"self":[{"href":"https:\/\/opecheurdelune.com\/en\/wp-json\/wp\/v2\/product\/10814","targetHints":{"allow":["GET"]}}],"collection":[{"href":"https:\/\/opecheurdelune.com\/en\/wp-json\/wp\/v2\/product"}],"about":[{"href":"https:\/\/opecheurdelune.com\/en\/wp-json\/wp\/v2\/types\/product"}],"replies":[{"embeddable":true,"href":"https:\/\/opecheurdelune.com\/en\/wp-json\/wp\/v2\/comments?post=10814"}],"wp:featuredmedia":[{"embeddable":true,"href":"https:\/\/opecheurdelune.com\/en\/wp-json\/wp\/v2\/media\/9609"}],"wp:attachment":[{"href":"https:\/\/opecheurdelune.com\/en\/wp-json\/wp\/v2\/media?parent=10814"}],"wp:term":[{"taxonomy":"product_brand","embeddable":true,"href":"https:\/\/opecheurdelune.com\/en\/wp-json\/wp\/v2\/product_brand?post=10814"},{"taxonomy":"product_cat","embeddable":true,"href":"https:\/\/opecheurdelune.com\/en\/wp-json\/wp\/v2\/product_cat?post=10814"},{"taxonomy":"product_tag","embeddable":true,"href":"https:\/\/opecheurdelune.com\/en\/wp-json\/wp\/v2\/product_tag?post=10814"},{"taxonomy":"berocket_brand","embeddable":true,"href":"https:\/\/opecheurdelune.com\/en\/wp-json\/wp\/v2\/berocket_brand?post=10814"}],"curies":[{"name":"wp","href":"https:\/\/api.w.org\/{rel}","templated":true}]}}