{"id":10812,"date":"2024-10-19T19:32:35","date_gmt":"2024-10-19T17:32:35","guid":{"rendered":"https:\/\/opecheurdelune.com\/product\/salon-gilda-de-michel-ducaroy-pour-ligne-roset-france-1973\/"},"modified":"2025-10-19T21:32:35","modified_gmt":"2025-10-19T19:32:35","slug":"salon-gilda-de-michel-ducaroy-pour-ligne-roset-france-1973","status":"publish","type":"product","link":"https:\/\/opecheurdelune.com\/en\/product\/salon-gilda-de-michel-ducaroy-pour-ligne-roset-france-1973\/","title":{"rendered":"Salon &#8220;gilda&#8221; de Michel Ducaroy pour ligne roset, france, 1973"},"content":{"rendered":"<p>Salon &#8220;gilda&#8221; de Michel Ducaroy pour ligne roset, france, 1973 le salon en velours bleu nuit et mousse en tr\u00e8s bon \u00e9tat se compose de 6 chauffeuses, 4 poufs et une table basse.<\/p>\n<p>6 fauteuils : hauteur 67 cm largeur 105 cm assise 30<\/p>\n<p>quatre poufs : hauteur 37 cm largeur 60 cm longueur 70 cm<\/p>\n<p>une table basse en verre : longueur 83 hauteur 40<\/p>\n<div class=\"flex-1 overflow-hidden\">\n<div class=\"react-scroll-to-bottom--css-okypd-79elbk h-full\">\n<div class=\"react-scroll-to-bottom--css-okypd-1n7m0yu\">\n<div class=\"flex flex-col pb-9 text-sm\">\n<div class=\"w-full text-token-text-primary\" data-testid=\"conversation-turn-13\">\n<div class=\"px-4 py-2 justify-center text-base md:gap-6 m-auto\">\n<div class=\"flex flex-1 text-base mx-auto gap-3 md:px-5 lg:px-1 xl:px-5 md:max-w-3xl lg:max-w-[40rem] xl:max-w-[48rem] group final-completion\">\n<div class=\"relative flex w-full flex-col agent-turn\">\n<div class=\"flex-col gap-1 md:gap-3\">\n<div class=\"flex flex-grow flex-col max-w-full\">\n<div class=\"min-h-[20px] text-message flex flex-col items-start gap-3 whitespace-pre-wrap break-words [.text-message+&amp;]:mt-5 overflow-x-auto\" data-message-author-role=\"assistant\" data-message-id=\"795a23df-6251-45bc-8a5f-376f1ae22bef\">\n<div class=\"markdown prose w-full break-words dark:prose-invert light\">\n<p>Les chauffeuses Gilda font partie de la collection de mobilier con\u00e7ue par le c\u00e9l\u00e8bre designer fran\u00e7ais Michel Ducaroy pour la marque de design contemporain Ligne Roset. Connu pour son style distinctif et son approche innovante du design, Ducaroy a cr\u00e9\u00e9 les chauffeuses Gilda en 1973, L&#8217;ensemble sera \u00e9dit\u00e9 jusqu&#8217;en 1976.<\/p>\n<p>Les chauffeuses Gilda incarnent l&#8217;esth\u00e9tique caract\u00e9ristique de Ducaroy, caract\u00e9ris\u00e9es par des lignes \u00e9pur\u00e9es, des formes organiques et un souci du confort. Ces si\u00e8ges sont con\u00e7us avec des mat\u00e9riaux de velours et des mousses de haute qualit\u00e9 offrant ainsi une exp\u00e9rience d&#8217;assise luxueuse.<\/p>\n<p>Le design modulaire des chauffeuses Gilda permet une flexibilit\u00e9 dans l&#8217;agencement et l&#8217;utilisation de l&#8217;espace, ce qui les rend adapt\u00e9s \u00e0 une vari\u00e9t\u00e9 de configurations de salon. Leur polyvalence et leur \u00e9l\u00e9gance intemporelle en ont fait des pi\u00e8ces pris\u00e9es par les amateurs de design d&#8217;int\u00e9rieur du monde entier.<\/p>\n<p>Elles demeurent des pi\u00e8ces recherch\u00e9es et recherch\u00e9es par les collectionneurs et les amateurs de design, tout en restant ancr\u00e9es dans l&#8217;histoire du design fran\u00e7ais du 20e si\u00e8cle.<\/p>\n<\/div>\n<\/div>\n<\/div>\n<\/div>\n<\/div>\n<\/div>\n<\/div>\n<\/div>\n<\/div>\n<\/div>\n<\/div>\n<\/div>\n<p>Des questions sur le produit, la logistique, la facture o\u00f9 le mode de r\u00e8glement une seule adresse pour obtenir votre r\u00e9ponse personnalis\u00e9e\u00a0\u00a0<a href=\"https:\/\/old.opecheurdelune.com\/contact-o-pecheur-de-lune\" target=\"_blank\" rel=\"noopener\">vincent@opecheurdelune.com<\/a><\/p>\n<p>Michel Ducaroy \u00e9tait un designer fran\u00e7ais de renomm\u00e9e internationale, n\u00e9 le 25 ao\u00fbt 1925 \u00e0 Paris et d\u00e9c\u00e9d\u00e9 le 27 ao\u00fbt 2009. Il est principalement connu pour ses contributions majeures au design de meubles contemporains, notamment pour la marque Ligne Roset.<\/p>\n<p>Ducaroy a \u00e9tudi\u00e9 \u00e0 l&#8217;\u00c9cole Nationale Sup\u00e9rieure des Arts D\u00e9coratifs de Paris. Il a commenc\u00e9 sa carri\u00e8re dans les ann\u00e9es 1950 et est devenu un pionnier du design fran\u00e7ais dans les d\u00e9cennies suivantes. Sa collaboration avec Ligne Roset a \u00e9t\u00e9 particuli\u00e8rement fructueuse et embl\u00e9matique de son style.<\/p>\n<p>Parmi ses cr\u00e9ations les plus c\u00e9l\u00e8bres figure le canap\u00e9 Togo, con\u00e7u en 1973 pour Ligne Roset. Ce canap\u00e9 modulaire au design audacieux et ergonomique est devenu un symbole du design des ann\u00e9es 1970 et reste aujourd&#8217;hui un classique du mobilier contemporain.<\/p>\n<p>Ducaroy \u00e9tait r\u00e9put\u00e9 pour son approche innovante du design, combinant formes organiques, fonctionnalit\u00e9 et confort. Son travail influence de nombreux designers et continue d&#8217;inspirer le design contemporain.<\/p>\n<p>Au fil de sa carri\u00e8re, Michel Ducaroy a re\u00e7u de nombreuses distinctions et r\u00e9compenses pour son travail, ce qui t\u00e9moigne de son importance dans le domaine du design.<\/p>\n","protected":false},"excerpt":{"rendered":"<p>Salon &#8220;gilda&#8221; de Michel Ducaroy pour ligne roset, france, 1973 le salon en velours bleu nuit et mousse en tr\u00e8s bon \u00e9tat se compose de 6 chauffeuses, 4 poufs et une table basse. 6 fauteuils : hauteur 67 cm largeur 105 cm assise 30 quatre poufs : hauteur 37 cm largeur 60 cm longueur 70 cm une table basse en verre : longueur 83 hauteur 40 Les chauffeuses Gilda font partie de la collection de mobilier con\u00e7ue par le c\u00e9l\u00e8bre designer fran\u00e7ais Michel Ducaroy pour la marque de design contemporain Ligne Roset. Connu pour son style distinctif et son approche innovante du design, Ducaroy a cr\u00e9\u00e9 les chauffeuses Gilda en 1973, L&#8217;ensemble sera \u00e9dit\u00e9 jusqu&#8217;en 1976. Les chauffeuses Gilda incarnent l&#8217;esth\u00e9tique caract\u00e9ristique de Ducaroy, caract\u00e9ris\u00e9es par des lignes \u00e9pur\u00e9es, des formes organiques et un souci du confort. Ces si\u00e8ges sont con\u00e7us avec des mat\u00e9riaux de velours et des mousses de haute qualit\u00e9 offrant ainsi une exp\u00e9rience d&#8217;assise luxueuse. Le design modulaire des chauffeuses Gilda permet une flexibilit\u00e9 dans l&#8217;agencement et l&#8217;utilisation de l&#8217;espace, ce qui les rend adapt\u00e9s \u00e0 une vari\u00e9t\u00e9 de configurations de salon. Leur polyvalence et leur \u00e9l\u00e9gance intemporelle en ont fait des pi\u00e8ces pris\u00e9es par les amateurs de design d&#8217;int\u00e9rieur du monde entier. Elles demeurent des pi\u00e8ces recherch\u00e9es et recherch\u00e9es par les collectionneurs et les amateurs de design, tout en restant ancr\u00e9es dans l&#8217;histoire du design fran\u00e7ais du 20e si\u00e8cle. Des questions sur le produit, la logistique, la facture o\u00f9 le mode de r\u00e8glement une seule adresse pour obtenir votre r\u00e9ponse personnalis\u00e9e\u00a0\u00a0vincent@opecheurdelune.com Michel Ducaroy \u00e9tait un designer fran\u00e7ais de renomm\u00e9e internationale, n\u00e9 le 25 ao\u00fbt 1925 \u00e0 Paris et d\u00e9c\u00e9d\u00e9 le 27 ao\u00fbt 2009. Il est principalement connu pour ses contributions majeures au design de meubles contemporains, notamment pour la marque Ligne Roset. Ducaroy a \u00e9tudi\u00e9 \u00e0 l&#8217;\u00c9cole Nationale Sup\u00e9rieure des Arts D\u00e9coratifs de Paris. Il a commenc\u00e9 sa carri\u00e8re dans les ann\u00e9es 1950 et est devenu un pionnier du design fran\u00e7ais dans les d\u00e9cennies suivantes. Sa collaboration avec Ligne Roset a \u00e9t\u00e9 particuli\u00e8rement fructueuse et embl\u00e9matique de son style. Parmi ses cr\u00e9ations les plus c\u00e9l\u00e8bres figure le canap\u00e9 Togo, con\u00e7u en 1973 pour Ligne Roset. Ce canap\u00e9 modulaire au design audacieux et ergonomique est devenu un symbole du design des ann\u00e9es 1970 et reste aujourd&#8217;hui un classique du mobilier contemporain. Ducaroy \u00e9tait r\u00e9put\u00e9 pour son approche innovante du design, combinant formes organiques, fonctionnalit\u00e9 et confort. Son travail influence de nombreux designers et continue d&#8217;inspirer le design contemporain. Au fil de sa carri\u00e8re, Michel Ducaroy a re\u00e7u de nombreuses distinctions et r\u00e9compenses pour son travail, ce qui t\u00e9moigne de son importance dans le domaine du design.<\/p>\n","protected":false},"featured_media":9616,"comment_status":"closed","ping_status":"closed","template":"","meta":{"_seopress_robots_primary_cat":"","_seopress_titles_title":"","_seopress_titles_desc":"","_seopress_robots_index":"","_gspb_post_css":"","inline_featured_image":false},"product_brand":[],"product_cat":[332],"product_tag":[],"berocket_brand":[],"class_list":{"0":"post-10812","1":"product","2":"type-product","3":"status-publish","4":"has-post-thumbnail","6":"product_cat-seating-armchairs","8":"first","9":"outofstock","10":"taxable","11":"shipping-taxable","12":"purchasable","13":"product-type-simple"},"_links":{"self":[{"href":"https:\/\/opecheurdelune.com\/en\/wp-json\/wp\/v2\/product\/10812","targetHints":{"allow":["GET"]}}],"collection":[{"href":"https:\/\/opecheurdelune.com\/en\/wp-json\/wp\/v2\/product"}],"about":[{"href":"https:\/\/opecheurdelune.com\/en\/wp-json\/wp\/v2\/types\/product"}],"replies":[{"embeddable":true,"href":"https:\/\/opecheurdelune.com\/en\/wp-json\/wp\/v2\/comments?post=10812"}],"wp:featuredmedia":[{"embeddable":true,"href":"https:\/\/opecheurdelune.com\/en\/wp-json\/wp\/v2\/media\/9616"}],"wp:attachment":[{"href":"https:\/\/opecheurdelune.com\/en\/wp-json\/wp\/v2\/media?parent=10812"}],"wp:term":[{"taxonomy":"product_brand","embeddable":true,"href":"https:\/\/opecheurdelune.com\/en\/wp-json\/wp\/v2\/product_brand?post=10812"},{"taxonomy":"product_cat","embeddable":true,"href":"https:\/\/opecheurdelune.com\/en\/wp-json\/wp\/v2\/product_cat?post=10812"},{"taxonomy":"product_tag","embeddable":true,"href":"https:\/\/opecheurdelune.com\/en\/wp-json\/wp\/v2\/product_tag?post=10812"},{"taxonomy":"berocket_brand","embeddable":true,"href":"https:\/\/opecheurdelune.com\/en\/wp-json\/wp\/v2\/berocket_brand?post=10812"}],"curies":[{"name":"wp","href":"https:\/\/api.w.org\/{rel}","templated":true}]}}