{"id":10811,"date":"2025-10-19T21:32:32","date_gmt":"2025-10-19T19:32:32","guid":{"rendered":"https:\/\/opecheurdelune.com\/product\/fauteuil-sphere-en-fibre-de-verre-france-1960\/"},"modified":"2025-10-19T21:32:57","modified_gmt":"2025-10-19T19:32:57","slug":"fauteuil-sphere-en-fibre-de-verre-france-1960","status":"publish","type":"product","link":"https:\/\/opecheurdelune.com\/en\/product\/fauteuil-sphere-en-fibre-de-verre-france-1960\/","title":{"rendered":"Fauteuil sph\u00e8re en fibre de verre, France, 1960"},"content":{"rendered":"<p>Paire de fauteuils chauffeuses pivotants, en fibre de verre gel coat mat, mousse et laine Kvadrat, travail fran\u00e7ais 1960.<\/p>\n<p>hauteur 85 cm largeur 85 cm profondeur 50 cm<\/p>\n<p>Notre paire de fauteuils a \u00e9t\u00e9 enti\u00e8rement r\u00e9nov\u00e9e. La fibre de verre a retrouv\u00e9 son \u00e9clat, les mousses et cousins sont neufs. L&#8217;ensemble est \u00e9tudi\u00e9 pour conserver les lignes pures des fauteuils en offrant une assise confortable. La laine tonus 4 de chez Kvadrat permet une assise chaleureuse et un rendu solaire.<\/p>\n<p>Des questions sur le produit, la logistique, la facture o\u00f9 le mode de r\u00e8glement une seule adresse pour obtenir votre r\u00e9ponse personnalis\u00e9\u00a0<a href=\"https:\/\/old.opecheurdelune.com\/contact-o-pecheur-de-lune\" target=\"_blank\" rel=\"noopener\">vincent@opecheurdelune.com<\/a><\/p>\n","protected":false},"excerpt":{"rendered":"<p>Paire de fauteuils chauffeuses pivotants, en fibre de verre gel coat mat, mousse et laine Kvadrat, travail fran\u00e7ais 1960. hauteur 85 cm largeur 85 cm profondeur 50 cm Notre paire de fauteuils a \u00e9t\u00e9 enti\u00e8rement r\u00e9nov\u00e9e. La fibre de verre a retrouv\u00e9 son \u00e9clat, les mousses et cousins sont neufs. L&#8217;ensemble est \u00e9tudi\u00e9 pour conserver les lignes pures des fauteuils en offrant une assise confortable. La laine tonus 4 de chez Kvadrat permet une assise chaleureuse et un rendu solaire. Des questions sur le produit, la logistique, la facture o\u00f9 le mode de r\u00e8glement une seule adresse pour obtenir votre r\u00e9ponse personnalis\u00e9\u00a0vincent@opecheurdelune.com<\/p>\n","protected":false},"featured_media":9730,"comment_status":"closed","ping_status":"closed","template":"","meta":{"_seopress_robots_primary_cat":"","_seopress_titles_title":"","_seopress_titles_desc":"","_seopress_robots_index":"","_gspb_post_css":"","inline_featured_image":false},"product_brand":[],"product_cat":[332],"product_tag":[337,338],"berocket_brand":[],"class_list":{"0":"post-10811","1":"product","2":"type-product","3":"status-publish","4":"has-post-thumbnail","6":"product_cat-seating-armchairs","7":"product_tag-assises-en","8":"product_tag-fauteuil-en","10":"first","11":"instock","12":"taxable","13":"shipping-taxable","14":"purchasable","15":"product-type-simple"},"_links":{"self":[{"href":"https:\/\/opecheurdelune.com\/en\/wp-json\/wp\/v2\/product\/10811","targetHints":{"allow":["GET"]}}],"collection":[{"href":"https:\/\/opecheurdelune.com\/en\/wp-json\/wp\/v2\/product"}],"about":[{"href":"https:\/\/opecheurdelune.com\/en\/wp-json\/wp\/v2\/types\/product"}],"replies":[{"embeddable":true,"href":"https:\/\/opecheurdelune.com\/en\/wp-json\/wp\/v2\/comments?post=10811"}],"wp:featuredmedia":[{"embeddable":true,"href":"https:\/\/opecheurdelune.com\/en\/wp-json\/wp\/v2\/media\/9730"}],"wp:attachment":[{"href":"https:\/\/opecheurdelune.com\/en\/wp-json\/wp\/v2\/media?parent=10811"}],"wp:term":[{"taxonomy":"product_brand","embeddable":true,"href":"https:\/\/opecheurdelune.com\/en\/wp-json\/wp\/v2\/product_brand?post=10811"},{"taxonomy":"product_cat","embeddable":true,"href":"https:\/\/opecheurdelune.com\/en\/wp-json\/wp\/v2\/product_cat?post=10811"},{"taxonomy":"product_tag","embeddable":true,"href":"https:\/\/opecheurdelune.com\/en\/wp-json\/wp\/v2\/product_tag?post=10811"},{"taxonomy":"berocket_brand","embeddable":true,"href":"https:\/\/opecheurdelune.com\/en\/wp-json\/wp\/v2\/berocket_brand?post=10811"}],"curies":[{"name":"wp","href":"https:\/\/api.w.org\/{rel}","templated":true}]}}