{"id":10810,"date":"2025-10-19T21:32:32","date_gmt":"2025-10-19T19:32:32","guid":{"rendered":"https:\/\/opecheurdelune.com\/product\/fauteuil-vegetal-erwan-et-ronan-bouroullec-vitra\/"},"modified":"2025-10-19T21:32:57","modified_gmt":"2025-10-19T19:32:57","slug":"fauteuil-vegetal-erwan-et-ronan-bouroullec-vitra","status":"publish","type":"product","link":"https:\/\/opecheurdelune.com\/en\/product\/fauteuil-vegetal-erwan-et-ronan-bouroullec-vitra\/","title":{"rendered":"Fauteuil V\u00e9g\u00e9tal Erwan et Ronan Bouroullec, Vitra"},"content":{"rendered":"<p>Fauteuil V\u00e9g\u00e9tal Erwan et Ronan Bouroullec \u00e9dition Vitra.<\/p>\n<p>Con\u00e7ue pour une utilisation en ext\u00e9rieur, la chaise V\u00e9g\u00e9tal est r\u00e9sistante aux intemp\u00e9ries et empilable pour des raisons pratiques. La structure complexe, asym\u00e9trique du si\u00e8ge compos\u00e9e d\u2019entretoises ayant la forme de branches, traduit l\u2019inspiration n\u00e9e des formes naturelles. La chaise est r\u00e9alis\u00e9e par un proc\u00e9d\u00e9 de moulage par injection en polyamide et teste les limites de la mati\u00e8re et de la production d\u2019aujourd\u2019hui.<\/p>\n<p>hauteur 83 cm hauteur assise 45 cm largeur 60<\/p>\n<p>Des questions sur le produit, la logistique, la facture o\u00f9 le mode de r\u00e8glement une seule adresse pour obtenir votre r\u00e9ponse personnalis\u00e9\u00a0<a href=\"https:\/\/old.opecheurdelune.com\/contact-o-pecheur-de-lune\" target=\"_blank\" rel=\"noopener\">vincent@opecheurdelune.com<\/a><\/p>\n","protected":false},"excerpt":{"rendered":"<p>Fauteuil V\u00e9g\u00e9tal Erwan et Ronan Bouroullec \u00e9dition Vitra. Con\u00e7ue pour une utilisation en ext\u00e9rieur, la chaise V\u00e9g\u00e9tal est r\u00e9sistante aux intemp\u00e9ries et empilable pour des raisons pratiques. La structure complexe, asym\u00e9trique du si\u00e8ge compos\u00e9e d\u2019entretoises ayant la forme de branches, traduit l\u2019inspiration n\u00e9e des formes naturelles. La chaise est r\u00e9alis\u00e9e par un proc\u00e9d\u00e9 de moulage par injection en polyamide et teste les limites de la mati\u00e8re et de la production d\u2019aujourd\u2019hui. hauteur 83 cm hauteur assise 45 cm largeur 60 Des questions sur le produit, la logistique, la facture o\u00f9 le mode de r\u00e8glement une seule adresse pour obtenir votre r\u00e9ponse personnalis\u00e9\u00a0vincent@opecheurdelune.com<\/p>\n","protected":false},"featured_media":9647,"comment_status":"closed","ping_status":"closed","template":"","meta":{"_seopress_robots_primary_cat":"","_seopress_titles_title":"","_seopress_titles_desc":"","_seopress_robots_index":"","_gspb_post_css":"","inline_featured_image":false},"product_brand":[],"product_cat":[332],"product_tag":[],"berocket_brand":[],"class_list":{"0":"post-10810","1":"product","2":"type-product","3":"status-publish","4":"has-post-thumbnail","6":"product_cat-seating-armchairs","8":"first","9":"instock","10":"taxable","11":"shipping-taxable","12":"purchasable","13":"product-type-simple"},"_links":{"self":[{"href":"https:\/\/opecheurdelune.com\/en\/wp-json\/wp\/v2\/product\/10810","targetHints":{"allow":["GET"]}}],"collection":[{"href":"https:\/\/opecheurdelune.com\/en\/wp-json\/wp\/v2\/product"}],"about":[{"href":"https:\/\/opecheurdelune.com\/en\/wp-json\/wp\/v2\/types\/product"}],"replies":[{"embeddable":true,"href":"https:\/\/opecheurdelune.com\/en\/wp-json\/wp\/v2\/comments?post=10810"}],"wp:featuredmedia":[{"embeddable":true,"href":"https:\/\/opecheurdelune.com\/en\/wp-json\/wp\/v2\/media\/9647"}],"wp:attachment":[{"href":"https:\/\/opecheurdelune.com\/en\/wp-json\/wp\/v2\/media?parent=10810"}],"wp:term":[{"taxonomy":"product_brand","embeddable":true,"href":"https:\/\/opecheurdelune.com\/en\/wp-json\/wp\/v2\/product_brand?post=10810"},{"taxonomy":"product_cat","embeddable":true,"href":"https:\/\/opecheurdelune.com\/en\/wp-json\/wp\/v2\/product_cat?post=10810"},{"taxonomy":"product_tag","embeddable":true,"href":"https:\/\/opecheurdelune.com\/en\/wp-json\/wp\/v2\/product_tag?post=10810"},{"taxonomy":"berocket_brand","embeddable":true,"href":"https:\/\/opecheurdelune.com\/en\/wp-json\/wp\/v2\/berocket_brand?post=10810"}],"curies":[{"name":"wp","href":"https:\/\/api.w.org\/{rel}","templated":true}]}}