{"id":10806,"date":"2024-10-19T19:32:35","date_gmt":"2024-10-19T17:32:35","guid":{"rendered":"https:\/\/opecheurdelune.com\/product\/paire-de-fauteuil-week-end-de-pierre-gauthier-delaye-1957\/"},"modified":"2025-10-23T21:04:26","modified_gmt":"2025-10-23T19:04:26","slug":"paire-de-fauteuil-week-end-de-pierre-gauthier-delaye-1957","status":"publish","type":"product","link":"https:\/\/opecheurdelune.com\/en\/product\/paire-de-fauteuil-week-end-de-pierre-gauthier-delaye-1957\/","title":{"rendered":"Paire de fauteuil &#8220;Week-end&#8221; de Pierre Gauthier-Delaye, 1957"},"content":{"rendered":"<section class=\"product__description margin--top-bottom--medium\" aria-labelledby=\"nav-label__product-description\">\n<div id=\"tab-1\" role=\"tabpanel\" aria-labelledby=\"tabby-toggle_tab-1\">\n<div class=\"rte\">\n<div class=\"description\">\n<p>Paire de fauteuil &#8220;Week-end&#8221; de Pierre Gauthier-Delaye, 1957<\/p>\n<p>Fauteuil du designer Pierre Gauthier-Delaye en pin des Landes avec assise en paill\u00e9.<\/p>\n<p>hauteur 70 cm hauteur assise 38 cm longueur\u00a0 profondeur 74<\/p>\n<\/div>\n<\/div>\n<\/div>\n<\/section>\n<div>Des questions sur le produit, la logistique, la facture o\u00f9 le mode de r\u00e8glement une seule adresse pour obtenir votre r\u00e9ponse personnalis\u00e9\u00a0<a href=\"https:\/\/old.opecheurdelune.com\/contact-o-pecheur-de-lune\" target=\"_blank\" rel=\"noopener\">vincent@opecheurdelune.com<\/a><\/div>\n<\/div>\n","protected":false},"excerpt":{"rendered":"<p>Paire de fauteuil &#8220;Week-end&#8221; de Pierre Gauthier-Delaye, 1957 Fauteuil du designer Pierre Gauthier-Delaye en pin des Landes avec assise en paill\u00e9. hauteur 70 cm hauteur assise 38 cm longueur\u00a0 profondeur 74 Des questions sur le produit, la logistique, la facture o\u00f9 le mode de r\u00e8glement une seule adresse pour obtenir votre r\u00e9ponse personnalis\u00e9\u00a0vincent@opecheurdelune.com<\/p>\n","protected":false},"featured_media":9587,"comment_status":"closed","ping_status":"closed","template":"","meta":{"_seopress_robots_primary_cat":"","_seopress_titles_title":"","_seopress_titles_desc":"","_seopress_robots_index":"","_gspb_post_css":"","inline_featured_image":false},"product_brand":[],"product_cat":[332],"product_tag":[],"berocket_brand":[],"class_list":{"0":"post-10806","1":"product","2":"type-product","3":"status-publish","4":"has-post-thumbnail","6":"product_cat-seating-armchairs","8":"first","9":"outofstock","10":"taxable","11":"shipping-taxable","12":"purchasable","13":"product-type-simple"},"_links":{"self":[{"href":"https:\/\/opecheurdelune.com\/en\/wp-json\/wp\/v2\/product\/10806","targetHints":{"allow":["GET"]}}],"collection":[{"href":"https:\/\/opecheurdelune.com\/en\/wp-json\/wp\/v2\/product"}],"about":[{"href":"https:\/\/opecheurdelune.com\/en\/wp-json\/wp\/v2\/types\/product"}],"replies":[{"embeddable":true,"href":"https:\/\/opecheurdelune.com\/en\/wp-json\/wp\/v2\/comments?post=10806"}],"wp:featuredmedia":[{"embeddable":true,"href":"https:\/\/opecheurdelune.com\/en\/wp-json\/wp\/v2\/media\/9587"}],"wp:attachment":[{"href":"https:\/\/opecheurdelune.com\/en\/wp-json\/wp\/v2\/media?parent=10806"}],"wp:term":[{"taxonomy":"product_brand","embeddable":true,"href":"https:\/\/opecheurdelune.com\/en\/wp-json\/wp\/v2\/product_brand?post=10806"},{"taxonomy":"product_cat","embeddable":true,"href":"https:\/\/opecheurdelune.com\/en\/wp-json\/wp\/v2\/product_cat?post=10806"},{"taxonomy":"product_tag","embeddable":true,"href":"https:\/\/opecheurdelune.com\/en\/wp-json\/wp\/v2\/product_tag?post=10806"},{"taxonomy":"berocket_brand","embeddable":true,"href":"https:\/\/opecheurdelune.com\/en\/wp-json\/wp\/v2\/berocket_brand?post=10806"}],"curies":[{"name":"wp","href":"https:\/\/api.w.org\/{rel}","templated":true}]}}