{"id":10805,"date":"2024-10-19T19:32:37","date_gmt":"2024-10-19T17:32:37","guid":{"rendered":"https:\/\/opecheurdelune.com\/product\/5-fauteuils-modulable-serie-deca-par-tito-agnoli-pour-arflex-1960\/"},"modified":"2025-10-23T21:04:26","modified_gmt":"2025-10-23T19:04:26","slug":"5-fauteuils-modulable-serie-deca-par-tito-agnoli-pour-arflex-1960","status":"publish","type":"product","link":"https:\/\/opecheurdelune.com\/en\/product\/5-fauteuils-modulable-serie-deca-par-tito-agnoli-pour-arflex-1960\/","title":{"rendered":"5 fauteuils modulables s\u00e9rie &#8220;Deca&#8221; par Tito Agnoli pour Arflex, 1960"},"content":{"rendered":"<section class=\"product__description margin--top-bottom--medium\" aria-labelledby=\"nav-label__product-description\">\n<div id=\"tab-1\" role=\"tabpanel\" aria-labelledby=\"tabby-toggle_tab-1\">\n<div class=\"rte\">\n<div class=\"description\">\n<section class=\"product__description margin--top-bottom--medium\" aria-labelledby=\"nav-label__product-description\">5 Fauteuils s\u00e9rie &#8220;Deca&#8221; par Tito Agnoli pour Arflex, 1960<\/section>\n<section class=\"product__description margin--top-bottom--medium\" aria-labelledby=\"nav-label__product-description\"><\/section>\n<section class=\"product__description margin--top-bottom--medium\" aria-labelledby=\"nav-label__product-description\">5 \u00e9l\u00e9ments pour notre canap\u00e9 modulaire produit dans les ann\u00e9es 1960 par Arflex sur la base d&#8217;un projet de Tito Agnoli. Structure en bois, assises en mousse recouverte d&#8217;un tissu doux, la base est en r\u00e9sine plastique moul\u00e9e. Ce canap\u00e9 design italien des ann\u00e9es 1970 est dans un bon \u00e9tat g\u00e9n\u00e9ral, mousses et tissus ont \u00e9t\u00e9 r\u00e9cemment restaur\u00e9s.<\/section>\n<section class=\"product__description margin--top-bottom--medium\" aria-labelledby=\"nav-label__product-description\">\n<div id=\"tab-1\" role=\"tabpanel\" aria-labelledby=\"tabby-toggle_tab-1\">\n<div class=\"rte\">\n<div class=\"description\">\n<p>hauteur 60 cm largeur 70 cm assise 35 profondeur 60<\/p>\n<\/div>\n<\/div>\n<\/div>\n<\/section>\n<div class=\"social-sharing\">\u00a0Outre Steiner pour qui il cr\u00e9e le canap\u00e9 Cordoue, il travaille, entre autres, pour Arflex, Cinova, Lema, Matteo Grassi, Molteni, Ycami et O&#8217;Luce. Ses cr\u00e9ations ont particuli\u00e8rement marqu\u00e9 l&#8217;histoire du design. Il remporte en 1986 la m\u00e9daille d&#8217;or au Neocon de Chicago.<\/div>\n<\/div>\n<p>&nbsp;<\/p>\n<\/div>\n<\/div>\n<\/div>\n<\/section>\n<\/div>\n","protected":false},"excerpt":{"rendered":"<p>5 Fauteuils s\u00e9rie &#8220;Deca&#8221; par Tito Agnoli pour Arflex, 1960 5 \u00e9l\u00e9ments pour notre canap\u00e9 modulaire produit dans les ann\u00e9es 1960 par Arflex sur la base d&#8217;un projet de Tito Agnoli. Structure en bois, assises en mousse recouverte d&#8217;un tissu doux, la base est en r\u00e9sine plastique moul\u00e9e. Ce canap\u00e9 design italien des ann\u00e9es 1970 est dans un bon \u00e9tat g\u00e9n\u00e9ral, mousses et tissus ont \u00e9t\u00e9 r\u00e9cemment restaur\u00e9s. hauteur 60 cm largeur 70 cm assise 35 profondeur 60 \u00a0Outre Steiner pour qui il cr\u00e9e le canap\u00e9 Cordoue, il travaille, entre autres, pour Arflex, Cinova, Lema, Matteo Grassi, Molteni, Ycami et O&#8217;Luce. Ses cr\u00e9ations ont particuli\u00e8rement marqu\u00e9 l&#8217;histoire du design. Il remporte en 1986 la m\u00e9daille d&#8217;or au Neocon de Chicago. &nbsp;<\/p>\n","protected":false},"featured_media":9625,"comment_status":"closed","ping_status":"closed","template":"","meta":{"_seopress_robots_primary_cat":"","_seopress_titles_title":"","_seopress_titles_desc":"","_seopress_robots_index":"","_gspb_post_css":"","inline_featured_image":false},"product_brand":[],"product_cat":[332],"product_tag":[],"berocket_brand":[],"class_list":{"0":"post-10805","1":"product","2":"type-product","3":"status-publish","4":"has-post-thumbnail","6":"product_cat-seating-armchairs","8":"first","9":"outofstock","10":"taxable","11":"shipping-taxable","12":"purchasable","13":"product-type-simple"},"_links":{"self":[{"href":"https:\/\/opecheurdelune.com\/en\/wp-json\/wp\/v2\/product\/10805","targetHints":{"allow":["GET"]}}],"collection":[{"href":"https:\/\/opecheurdelune.com\/en\/wp-json\/wp\/v2\/product"}],"about":[{"href":"https:\/\/opecheurdelune.com\/en\/wp-json\/wp\/v2\/types\/product"}],"replies":[{"embeddable":true,"href":"https:\/\/opecheurdelune.com\/en\/wp-json\/wp\/v2\/comments?post=10805"}],"wp:featuredmedia":[{"embeddable":true,"href":"https:\/\/opecheurdelune.com\/en\/wp-json\/wp\/v2\/media\/9625"}],"wp:attachment":[{"href":"https:\/\/opecheurdelune.com\/en\/wp-json\/wp\/v2\/media?parent=10805"}],"wp:term":[{"taxonomy":"product_brand","embeddable":true,"href":"https:\/\/opecheurdelune.com\/en\/wp-json\/wp\/v2\/product_brand?post=10805"},{"taxonomy":"product_cat","embeddable":true,"href":"https:\/\/opecheurdelune.com\/en\/wp-json\/wp\/v2\/product_cat?post=10805"},{"taxonomy":"product_tag","embeddable":true,"href":"https:\/\/opecheurdelune.com\/en\/wp-json\/wp\/v2\/product_tag?post=10805"},{"taxonomy":"berocket_brand","embeddable":true,"href":"https:\/\/opecheurdelune.com\/en\/wp-json\/wp\/v2\/berocket_brand?post=10805"}],"curies":[{"name":"wp","href":"https:\/\/api.w.org\/{rel}","templated":true}]}}