{"id":10804,"date":"2025-10-19T21:32:32","date_gmt":"2025-10-19T19:32:32","guid":{"rendered":"https:\/\/opecheurdelune.com\/product\/chauffeuse-lcm-en-cuir-de-ray-et-charles-eames-circa-1960\/"},"modified":"2025-12-17T17:40:10","modified_gmt":"2025-12-17T16:40:10","slug":"chauffeuse-lcm-en-cuir-de-ray-et-charles-eames-circa-1960","status":"publish","type":"product","link":"https:\/\/opecheurdelune.com\/en\/product\/chauffeuse-lcm-en-cuir-de-ray-et-charles-eames-circa-1960\/","title":{"rendered":"Chauffeuse LCM en cuir de Ray et Charles Eames circa 1960"},"content":{"rendered":"<p>Chaise LCM (lounge chair m\u00e9tal) par Ray et Charles Eames \u00c9dition mobilier international Ann\u00e9es 1960. Pi\u00e9tement en m\u00e9tal chrom\u00e9 patin\u00e9, assise garnie de mousse et recouverte par notre tapissier d&#8217;un cuir souple de couleur chocolat.<\/p>\n<p>hauteur 70 cm hauteur assise 34 cm largeur 55 profondeur 48 cm<\/p>\n<p>Des questions sur le produit, la logistique, la facture o\u00f9 le mode de r\u00e8glement une seule adresse pour obtenir votre r\u00e9ponse personnalis\u00e9\u00a0<a href=\"https:\/\/old.opecheurdelune.com\/contact-o-pecheur-de-lune\" target=\"_blank\" rel=\"noopener\">vincent@opecheurdelune.com<\/a><\/p>\n","protected":false},"excerpt":{"rendered":"<p>Chaise LCM (lounge chair m\u00e9tal) par Ray et Charles Eames \u00c9dition mobilier international Ann\u00e9es 1960. Pi\u00e9tement en m\u00e9tal chrom\u00e9 patin\u00e9, assise garnie de mousse et recouverte par notre tapissier d&#8217;un cuir souple de couleur chocolat. hauteur 70 cm hauteur assise 34 cm largeur 55 profondeur 48 cm Des questions sur le produit, la logistique, la facture o\u00f9 le mode de r\u00e8glement une seule adresse pour obtenir votre r\u00e9ponse personnalis\u00e9\u00a0vincent@opecheurdelune.com<\/p>\n","protected":false},"featured_media":9640,"comment_status":"closed","ping_status":"closed","template":"","meta":{"_seopress_robots_primary_cat":"","_seopress_titles_title":"","_seopress_titles_desc":"","_seopress_robots_index":"","_gspb_post_css":"","inline_featured_image":false},"product_brand":[],"product_cat":[332],"product_tag":[],"berocket_brand":[],"class_list":{"0":"post-10804","1":"product","2":"type-product","3":"status-publish","4":"has-post-thumbnail","6":"product_cat-seating-armchairs","8":"first","9":"instock","10":"taxable","11":"shipping-taxable","12":"purchasable","13":"product-type-simple"},"_links":{"self":[{"href":"https:\/\/opecheurdelune.com\/en\/wp-json\/wp\/v2\/product\/10804","targetHints":{"allow":["GET"]}}],"collection":[{"href":"https:\/\/opecheurdelune.com\/en\/wp-json\/wp\/v2\/product"}],"about":[{"href":"https:\/\/opecheurdelune.com\/en\/wp-json\/wp\/v2\/types\/product"}],"replies":[{"embeddable":true,"href":"https:\/\/opecheurdelune.com\/en\/wp-json\/wp\/v2\/comments?post=10804"}],"wp:featuredmedia":[{"embeddable":true,"href":"https:\/\/opecheurdelune.com\/en\/wp-json\/wp\/v2\/media\/9640"}],"wp:attachment":[{"href":"https:\/\/opecheurdelune.com\/en\/wp-json\/wp\/v2\/media?parent=10804"}],"wp:term":[{"taxonomy":"product_brand","embeddable":true,"href":"https:\/\/opecheurdelune.com\/en\/wp-json\/wp\/v2\/product_brand?post=10804"},{"taxonomy":"product_cat","embeddable":true,"href":"https:\/\/opecheurdelune.com\/en\/wp-json\/wp\/v2\/product_cat?post=10804"},{"taxonomy":"product_tag","embeddable":true,"href":"https:\/\/opecheurdelune.com\/en\/wp-json\/wp\/v2\/product_tag?post=10804"},{"taxonomy":"berocket_brand","embeddable":true,"href":"https:\/\/opecheurdelune.com\/en\/wp-json\/wp\/v2\/berocket_brand?post=10804"}],"curies":[{"name":"wp","href":"https:\/\/api.w.org\/{rel}","templated":true}]}}