{"id":10803,"date":"2025-10-19T21:32:32","date_gmt":"2025-10-19T19:32:32","guid":{"rendered":"https:\/\/opecheurdelune.com\/product\/tabouret-modele-75-de-florence-knoll-pour-knoll-international-1950\/"},"modified":"2025-10-19T21:32:56","modified_gmt":"2025-10-19T19:32:56","slug":"tabouret-modele-75-de-florence-knoll-pour-knoll-international-1950","status":"publish","type":"product","link":"https:\/\/opecheurdelune.com\/en\/product\/tabouret-modele-75-de-florence-knoll-pour-knoll-international-1950\/","title":{"rendered":"Tabouret mod\u00e8le &#8220;75&#8221; de Florence knoll pour Knoll International, 1950"},"content":{"rendered":"<p class=\"descriptionLineWrap\">Tabouret mod\u00e8le &#8220;75&#8221; de Florence knoll pour Knoll International<\/p>\n<p class=\"descriptionLineWrap\">Florence KNOLL (1917-2019). Rationnel tabouret mod\u00e8le &#8220;75&#8221; \u00e0 assise circulaire en bois m\u00e9lamin\u00e9 noir, pi\u00e9tement tripode en tiges de m\u00e9tal cintr\u00e9es laqu\u00e9es noir. \u00c9dition Knoll 1950, \u00e9dition ancienne.<\/p>\n<p>hauteur 46 cm hauteur assise 46 cm largeur 36<\/p>\n<p>Des questions sur le produit, la logistique, la facture o\u00f9 le mode de r\u00e8glement une seule adresse pour obtenir votre r\u00e9ponse personnalis\u00e9\u00a0<a href=\"https:\/\/old.opecheurdelune.com\/contact-o-pecheur-de-lune\" target=\"_blank\" rel=\"noopener\">vincent@opecheurdelune.com<\/a><\/p>\n","protected":false},"excerpt":{"rendered":"<p>Tabouret mod\u00e8le &#8220;75&#8221; de Florence knoll pour Knoll International Florence KNOLL (1917-2019). Rationnel tabouret mod\u00e8le &#8220;75&#8221; \u00e0 assise circulaire en bois m\u00e9lamin\u00e9 noir, pi\u00e9tement tripode en tiges de m\u00e9tal cintr\u00e9es laqu\u00e9es noir. \u00c9dition Knoll 1950, \u00e9dition ancienne. hauteur 46 cm hauteur assise 46 cm largeur 36 Des questions sur le produit, la logistique, la facture o\u00f9 le mode de r\u00e8glement une seule adresse pour obtenir votre r\u00e9ponse personnalis\u00e9\u00a0vincent@opecheurdelune.com<\/p>\n","protected":false},"featured_media":9572,"comment_status":"closed","ping_status":"closed","template":"","meta":{"_seopress_robots_primary_cat":"","_seopress_titles_title":"","_seopress_titles_desc":"","_seopress_robots_index":"","_gspb_post_css":"","inline_featured_image":false},"product_brand":[],"product_cat":[332],"product_tag":[],"berocket_brand":[],"class_list":{"0":"post-10803","1":"product","2":"type-product","3":"status-publish","4":"has-post-thumbnail","6":"product_cat-seating-armchairs","8":"first","9":"instock","10":"taxable","11":"shipping-taxable","12":"purchasable","13":"product-type-simple"},"_links":{"self":[{"href":"https:\/\/opecheurdelune.com\/en\/wp-json\/wp\/v2\/product\/10803","targetHints":{"allow":["GET"]}}],"collection":[{"href":"https:\/\/opecheurdelune.com\/en\/wp-json\/wp\/v2\/product"}],"about":[{"href":"https:\/\/opecheurdelune.com\/en\/wp-json\/wp\/v2\/types\/product"}],"replies":[{"embeddable":true,"href":"https:\/\/opecheurdelune.com\/en\/wp-json\/wp\/v2\/comments?post=10803"}],"wp:featuredmedia":[{"embeddable":true,"href":"https:\/\/opecheurdelune.com\/en\/wp-json\/wp\/v2\/media\/9572"}],"wp:attachment":[{"href":"https:\/\/opecheurdelune.com\/en\/wp-json\/wp\/v2\/media?parent=10803"}],"wp:term":[{"taxonomy":"product_brand","embeddable":true,"href":"https:\/\/opecheurdelune.com\/en\/wp-json\/wp\/v2\/product_brand?post=10803"},{"taxonomy":"product_cat","embeddable":true,"href":"https:\/\/opecheurdelune.com\/en\/wp-json\/wp\/v2\/product_cat?post=10803"},{"taxonomy":"product_tag","embeddable":true,"href":"https:\/\/opecheurdelune.com\/en\/wp-json\/wp\/v2\/product_tag?post=10803"},{"taxonomy":"berocket_brand","embeddable":true,"href":"https:\/\/opecheurdelune.com\/en\/wp-json\/wp\/v2\/berocket_brand?post=10803"}],"curies":[{"name":"wp","href":"https:\/\/api.w.org\/{rel}","templated":true}]}}