{"id":10801,"date":"2025-10-19T21:32:32","date_gmt":"2025-10-19T19:32:32","guid":{"rendered":"https:\/\/opecheurdelune.com\/product\/fauteuil-de-bureau-executif-pivotant-ds-35-en-cuir-edition-de-sede-suisse-1970s\/"},"modified":"2025-12-17T17:40:35","modified_gmt":"2025-12-17T16:40:35","slug":"fauteuil-de-bureau-executif-pivotant-ds-35-en-cuir-edition-de-sede-suisse-1970s","status":"publish","type":"product","link":"https:\/\/opecheurdelune.com\/en\/product\/fauteuil-de-bureau-executif-pivotant-ds-35-en-cuir-edition-de-sede-suisse-1970s\/","title":{"rendered":"Fauteuil de Bureau Ex\u00e9cutif Pivotant DS 35 en Cuir \u00e9dition De Sede, Suisse, 1970"},"content":{"rendered":"<section class=\"product__description margin--top-bottom--medium\" aria-labelledby=\"nav-label__product-description\">\n<div>\n<div id=\"tab-1\" role=\"tabpanel\" aria-labelledby=\"tabby-toggle_tab-1\">\n<div class=\"rte\">\n<div class=\"description\">\n<p class=\"product-name\" data-block=\"name\">Fauteuil de Bureau Ex\u00e9cutif Pivotant DS 35, en cuir, \u00e0 roulette, De Sede, Suisse, 1970<\/p>\n<p class=\"product-name\" data-block=\"name\">Hauteur 114 cm hauteur assise 50 cm largeur 80 cm profondeur 66 cm<\/p>\n<p class=\"product-name\" data-block=\"name\">Le fauteuil DS 35 en cuir est r\u00e9glable en hauteur, inclinable. La maison De Sede con\u00e7oit des meubles en cuir haut de gamme sur le plan international depuis 1965.<\/p>\n<p class=\"product-name\" data-block=\"name\">Des questions sur le produit, la logistique, la facture o\u00f9 le mode de r\u00e8glement une seule adresse pour obtenir votre r\u00e9ponse personnalis\u00e9<a href=\"https:\/\/old.opecheurdelune.com\/contact-o-pecheur-de-lune\" target=\"_blank\" rel=\"noopener\">\u00a0vincent@opecheurdelune.com<\/a><\/p>\n<\/div>\n<\/div>\n<\/div>\n<\/div>\n<\/section>\n<\/div>\n","protected":false},"excerpt":{"rendered":"<p>Fauteuil de Bureau Ex\u00e9cutif Pivotant DS 35, en cuir, \u00e0 roulette, De Sede, Suisse, 1970 Hauteur 114 cm hauteur assise 50 cm largeur 80 cm profondeur 66 cm Le fauteuil DS 35 en cuir est r\u00e9glable en hauteur, inclinable. La maison De Sede con\u00e7oit des meubles en cuir haut de gamme sur le plan international depuis 1965. Des questions sur le produit, la logistique, la facture o\u00f9 le mode de r\u00e8glement une seule adresse pour obtenir votre r\u00e9ponse personnalis\u00e9\u00a0vincent@opecheurdelune.com<\/p>\n","protected":false},"featured_media":9713,"comment_status":"closed","ping_status":"closed","template":"","meta":{"_seopress_robots_primary_cat":"","_seopress_titles_title":"","_seopress_titles_desc":"","_seopress_robots_index":"","_gspb_post_css":"","inline_featured_image":false},"product_brand":[],"product_cat":[332],"product_tag":[],"berocket_brand":[],"class_list":{"0":"post-10801","1":"product","2":"type-product","3":"status-publish","4":"has-post-thumbnail","6":"product_cat-seating-armchairs","8":"first","9":"outofstock","10":"taxable","11":"shipping-taxable","12":"purchasable","13":"product-type-simple"},"_links":{"self":[{"href":"https:\/\/opecheurdelune.com\/en\/wp-json\/wp\/v2\/product\/10801","targetHints":{"allow":["GET"]}}],"collection":[{"href":"https:\/\/opecheurdelune.com\/en\/wp-json\/wp\/v2\/product"}],"about":[{"href":"https:\/\/opecheurdelune.com\/en\/wp-json\/wp\/v2\/types\/product"}],"replies":[{"embeddable":true,"href":"https:\/\/opecheurdelune.com\/en\/wp-json\/wp\/v2\/comments?post=10801"}],"wp:featuredmedia":[{"embeddable":true,"href":"https:\/\/opecheurdelune.com\/en\/wp-json\/wp\/v2\/media\/9713"}],"wp:attachment":[{"href":"https:\/\/opecheurdelune.com\/en\/wp-json\/wp\/v2\/media?parent=10801"}],"wp:term":[{"taxonomy":"product_brand","embeddable":true,"href":"https:\/\/opecheurdelune.com\/en\/wp-json\/wp\/v2\/product_brand?post=10801"},{"taxonomy":"product_cat","embeddable":true,"href":"https:\/\/opecheurdelune.com\/en\/wp-json\/wp\/v2\/product_cat?post=10801"},{"taxonomy":"product_tag","embeddable":true,"href":"https:\/\/opecheurdelune.com\/en\/wp-json\/wp\/v2\/product_tag?post=10801"},{"taxonomy":"berocket_brand","embeddable":true,"href":"https:\/\/opecheurdelune.com\/en\/wp-json\/wp\/v2\/berocket_brand?post=10801"}],"curies":[{"name":"wp","href":"https:\/\/api.w.org\/{rel}","templated":true}]}}