{"id":10800,"date":"2025-10-19T21:32:32","date_gmt":"2025-10-19T19:32:32","guid":{"rendered":"https:\/\/opecheurdelune.com\/product\/little-easy-chair-de-ron-arad-pour-moroso-1989\/"},"modified":"2025-10-19T21:32:55","modified_gmt":"2025-10-19T19:32:55","slug":"little-easy-chair-de-ron-arad-pour-moroso-1989","status":"publish","type":"product","link":"https:\/\/opecheurdelune.com\/en\/product\/little-easy-chair-de-ron-arad-pour-moroso-1989\/","title":{"rendered":"Little easy chair de Ron Arad pour Moroso, 1989"},"content":{"rendered":"<p>Fauteuil pour enfant Little easy chair, sign\u00e9 Ron Arad pour Moroso en 1989 recouvert d&#8217;une laine rouge.<\/p>\n<p>Hauteur :\u00a0 60 cm, hauteur d&#8217;assise : 29 cm, longueur : 80 cm,\u00a0 profondeur 47 cm.<\/p>\n<p>Ron Arad\u00a0est un designer industriel contemporain, un artiste et un architecte isra\u00e9lien. Consid\u00e9r\u00e9 comme l\u2019un des designers les plus influents de sa g\u00e9n\u00e9ration, Arad est \u00e0 l\u2019origine de nombreuses innovations dans les domaines de la fabrication rapide et de la technologie int\u00e9gr\u00e9e. N\u00e9 le 24 avril 1951 \u00e0 Tel Aviv, il fr\u00e9quente la Bezalel Academy of Arts and Design de J\u00e9rusalem, puis s\u2019installe \u00e0 Londres pour \u00e9tudier l\u2019architecture. Il perce avec\u00a0<i>Rover chair<\/i> (1981), un meuble postmoderne assembl\u00e9 \u00e0 partir de m\u00e9tal de casse et de si\u00e8ges retir\u00e9s de voitures de la marque Rover. Arad cr\u00e9e des objets pour des marques comme, entre autres, KENZO, Swarovski, et New Eye London. Il fait l\u2019objet d\u2019une grande r\u00e9trospective au MoMA de York en 2008, qui montre notamment comment ses meubles sont capables d\u2019envoyer et d\u2019afficher des messages. En 2013, il devient acad\u00e9micien royal de la Royal Academy of Arts. Il vit et travaille \u00e0 Londres.<\/p>\n<p>&nbsp;<\/p>\n<p>Des questions sur le produit, la logistique, la facture o\u00f9 le mode de r\u00e8glement une seule adresse pour obtenir votre r\u00e9ponse personnalis\u00e9\u00a0<a href=\"https:\/\/old.opecheurdelune.com\/contact-o-pecheur-de-lune\" target=\"_blank\" rel=\"noopener noreferrer\">vincent@opecheurdelune.com<\/a><\/p>\n","protected":false},"excerpt":{"rendered":"<p>Fauteuil pour enfant Little easy chair, sign\u00e9 Ron Arad pour Moroso en 1989 recouvert d&#8217;une laine rouge. Hauteur :\u00a0 60 cm, hauteur d&#8217;assise : 29 cm, longueur : 80 cm,\u00a0 profondeur 47 cm. Ron Arad\u00a0est un designer industriel contemporain, un artiste et un architecte isra\u00e9lien. Consid\u00e9r\u00e9 comme l\u2019un des designers les plus influents de sa g\u00e9n\u00e9ration, Arad est \u00e0 l\u2019origine de nombreuses innovations dans les domaines de la fabrication rapide et de la technologie int\u00e9gr\u00e9e. N\u00e9 le 24 avril 1951 \u00e0 Tel Aviv, il fr\u00e9quente la Bezalel Academy of Arts and Design de J\u00e9rusalem, puis s\u2019installe \u00e0 Londres pour \u00e9tudier l\u2019architecture. Il perce avec\u00a0Rover chair (1981), un meuble postmoderne assembl\u00e9 \u00e0 partir de m\u00e9tal de casse et de si\u00e8ges retir\u00e9s de voitures de la marque Rover. Arad cr\u00e9e des objets pour des marques comme, entre autres, KENZO, Swarovski, et New Eye London. Il fait l\u2019objet d\u2019une grande r\u00e9trospective au MoMA de York en 2008, qui montre notamment comment ses meubles sont capables d\u2019envoyer et d\u2019afficher des messages. En 2013, il devient acad\u00e9micien royal de la Royal Academy of Arts. Il vit et travaille \u00e0 Londres. &nbsp; Des questions sur le produit, la logistique, la facture o\u00f9 le mode de r\u00e8glement une seule adresse pour obtenir votre r\u00e9ponse personnalis\u00e9\u00a0vincent@opecheurdelune.com<\/p>\n","protected":false},"featured_media":9764,"comment_status":"closed","ping_status":"closed","template":"","meta":{"_seopress_robots_primary_cat":"","_seopress_titles_title":"","_seopress_titles_desc":"","_seopress_robots_index":"","_gspb_post_css":"","inline_featured_image":false},"product_brand":[],"product_cat":[332],"product_tag":[],"berocket_brand":[],"class_list":{"0":"post-10800","1":"product","2":"type-product","3":"status-publish","4":"has-post-thumbnail","6":"product_cat-seating-armchairs","8":"first","9":"instock","10":"taxable","11":"shipping-taxable","12":"purchasable","13":"product-type-simple"},"_links":{"self":[{"href":"https:\/\/opecheurdelune.com\/en\/wp-json\/wp\/v2\/product\/10800","targetHints":{"allow":["GET"]}}],"collection":[{"href":"https:\/\/opecheurdelune.com\/en\/wp-json\/wp\/v2\/product"}],"about":[{"href":"https:\/\/opecheurdelune.com\/en\/wp-json\/wp\/v2\/types\/product"}],"replies":[{"embeddable":true,"href":"https:\/\/opecheurdelune.com\/en\/wp-json\/wp\/v2\/comments?post=10800"}],"wp:featuredmedia":[{"embeddable":true,"href":"https:\/\/opecheurdelune.com\/en\/wp-json\/wp\/v2\/media\/9764"}],"wp:attachment":[{"href":"https:\/\/opecheurdelune.com\/en\/wp-json\/wp\/v2\/media?parent=10800"}],"wp:term":[{"taxonomy":"product_brand","embeddable":true,"href":"https:\/\/opecheurdelune.com\/en\/wp-json\/wp\/v2\/product_brand?post=10800"},{"taxonomy":"product_cat","embeddable":true,"href":"https:\/\/opecheurdelune.com\/en\/wp-json\/wp\/v2\/product_cat?post=10800"},{"taxonomy":"product_tag","embeddable":true,"href":"https:\/\/opecheurdelune.com\/en\/wp-json\/wp\/v2\/product_tag?post=10800"},{"taxonomy":"berocket_brand","embeddable":true,"href":"https:\/\/opecheurdelune.com\/en\/wp-json\/wp\/v2\/berocket_brand?post=10800"}],"curies":[{"name":"wp","href":"https:\/\/api.w.org\/{rel}","templated":true}]}}