{"id":10799,"date":"2025-10-19T21:32:32","date_gmt":"2025-10-19T19:32:32","guid":{"rendered":"https:\/\/opecheurdelune.com\/product\/fauteuil-yoga-editions-airborn-1968\/"},"modified":"2025-12-17T17:40:48","modified_gmt":"2025-12-17T16:40:48","slug":"fauteuil-yoga-editions-airborn-1968","status":"publish","type":"product","link":"https:\/\/opecheurdelune.com\/en\/product\/fauteuil-yoga-editions-airborn-1968\/","title":{"rendered":"Fauteuil &#8220;Yoga&#8221; \u00e9ditions Airborn, 1968"},"content":{"rendered":"<p>Le fauteuil mod\u00e8le &#8220;Yoga&#8221;, cr\u00e9ation de 1968 \u00e9dition AIRBORNE.<\/p>\n<p>Fauteuil pivotant \u00e0 structure coque, formant une large corolle, en polyester renforc\u00e9 de fibre de verre, laqu\u00e9 blanc, structure d&#8217;assise, accoudoirs et coussin d&#8217;assise recouverts par notre sellier d&#8217;un cuir noir mat .<\/p>\n<p>Haut. 85cm &#8211; Larg. 91cm &#8211; Prof. 84cm<\/p>\n<p>Des questions sur le produit, la logistique, la facture o\u00f9 le mode de r\u00e8glement une seule adresse pour obtenir votre r\u00e9ponse personnalis\u00e9\u00a0<a href=\"https:\/\/old.opecheurdelune.com\/contact-o-pecheur-de-lune\" target=\"_blank\" rel=\"noopener\">vincent@opecheurdelune.com<\/a><\/p>\n","protected":false},"excerpt":{"rendered":"<p>Le fauteuil mod\u00e8le &#8220;Yoga&#8221;, cr\u00e9ation de 1968 \u00e9dition AIRBORNE. Fauteuil pivotant \u00e0 structure coque, formant une large corolle, en polyester renforc\u00e9 de fibre de verre, laqu\u00e9 blanc, structure d&#8217;assise, accoudoirs et coussin d&#8217;assise recouverts par notre sellier d&#8217;un cuir noir mat . Haut. 85cm &#8211; Larg. 91cm &#8211; Prof. 84cm Des questions sur le produit, la logistique, la facture o\u00f9 le mode de r\u00e8glement une seule adresse pour obtenir votre r\u00e9ponse personnalis\u00e9\u00a0vincent@opecheurdelune.com<\/p>\n","protected":false},"featured_media":9771,"comment_status":"closed","ping_status":"closed","template":"","meta":{"_seopress_robots_primary_cat":"","_seopress_titles_title":"","_seopress_titles_desc":"","_seopress_robots_index":"","_gspb_post_css":"","inline_featured_image":false},"product_brand":[],"product_cat":[332],"product_tag":[],"berocket_brand":[],"class_list":{"0":"post-10799","1":"product","2":"type-product","3":"status-publish","4":"has-post-thumbnail","6":"product_cat-seating-armchairs","8":"first","9":"outofstock","10":"taxable","11":"shipping-taxable","12":"purchasable","13":"product-type-simple"},"_links":{"self":[{"href":"https:\/\/opecheurdelune.com\/en\/wp-json\/wp\/v2\/product\/10799","targetHints":{"allow":["GET"]}}],"collection":[{"href":"https:\/\/opecheurdelune.com\/en\/wp-json\/wp\/v2\/product"}],"about":[{"href":"https:\/\/opecheurdelune.com\/en\/wp-json\/wp\/v2\/types\/product"}],"replies":[{"embeddable":true,"href":"https:\/\/opecheurdelune.com\/en\/wp-json\/wp\/v2\/comments?post=10799"}],"wp:featuredmedia":[{"embeddable":true,"href":"https:\/\/opecheurdelune.com\/en\/wp-json\/wp\/v2\/media\/9771"}],"wp:attachment":[{"href":"https:\/\/opecheurdelune.com\/en\/wp-json\/wp\/v2\/media?parent=10799"}],"wp:term":[{"taxonomy":"product_brand","embeddable":true,"href":"https:\/\/opecheurdelune.com\/en\/wp-json\/wp\/v2\/product_brand?post=10799"},{"taxonomy":"product_cat","embeddable":true,"href":"https:\/\/opecheurdelune.com\/en\/wp-json\/wp\/v2\/product_cat?post=10799"},{"taxonomy":"product_tag","embeddable":true,"href":"https:\/\/opecheurdelune.com\/en\/wp-json\/wp\/v2\/product_tag?post=10799"},{"taxonomy":"berocket_brand","embeddable":true,"href":"https:\/\/opecheurdelune.com\/en\/wp-json\/wp\/v2\/berocket_brand?post=10799"}],"curies":[{"name":"wp","href":"https:\/\/api.w.org\/{rel}","templated":true}]}}