{"id":10798,"date":"2024-10-19T19:32:36","date_gmt":"2024-10-19T17:32:36","guid":{"rendered":"https:\/\/opecheurdelune.com\/product\/paire-de-fauteuil-isa-bergamo-italie-1960\/"},"modified":"2025-10-19T21:32:37","modified_gmt":"2025-10-19T19:32:37","slug":"paire-de-fauteuil-isa-bergamo-italie-1960","status":"publish","type":"product","link":"https:\/\/opecheurdelune.com\/en\/product\/paire-de-fauteuil-isa-bergamo-italie-1960\/","title":{"rendered":"Paire de fauteuils ISA Bergamo, Italie 1960"},"content":{"rendered":"<p>Paire de fauteuils italien des ann\u00e9es 1960 fabrication ISA Bergamo structure en bois, pi\u00e8tement en m\u00e9tal tr\u00e8s \u00e9l\u00e9gant et des assises recouvertes de laine bouclette ivoire.<\/p>\n<p>Hauteur : 95 cm, hauteur assise : 50 cm longueur : 60 cm profondeur 70 cm<\/p>\n<p>Des questions sur le produit, la logistique, la facture o\u00f9 le mode de r\u00e8glement une seule adresse pour obtenir votre r\u00e9ponse personnalis\u00e9\u00a0<a href=\"https:\/\/old.opecheurdelune.com\/contact-o-pecheur-de-lune\" target=\"_blank\" rel=\"noopener noreferrer\">vincent@opecheurdelune.com<\/a><\/p>\n","protected":false},"excerpt":{"rendered":"<p>Paire de fauteuils italien des ann\u00e9es 1960 fabrication ISA Bergamo structure en bois, pi\u00e8tement en m\u00e9tal tr\u00e8s \u00e9l\u00e9gant et des assises recouvertes de laine bouclette ivoire. Hauteur : 95 cm, hauteur assise : 50 cm longueur : 60 cm profondeur 70 cm Des questions sur le produit, la logistique, la facture o\u00f9 le mode de r\u00e8glement une seule adresse pour obtenir votre r\u00e9ponse personnalis\u00e9\u00a0vincent@opecheurdelune.com<\/p>\n","protected":false},"featured_media":9762,"comment_status":"closed","ping_status":"closed","template":"","meta":{"_seopress_robots_primary_cat":"","_seopress_titles_title":"","_seopress_titles_desc":"","_seopress_robots_index":"","_gspb_post_css":"","inline_featured_image":false},"product_brand":[],"product_cat":[332],"product_tag":[],"berocket_brand":[],"class_list":{"0":"post-10798","1":"product","2":"type-product","3":"status-publish","4":"has-post-thumbnail","6":"product_cat-seating-armchairs","8":"first","9":"outofstock","10":"taxable","11":"shipping-taxable","12":"purchasable","13":"product-type-simple"},"_links":{"self":[{"href":"https:\/\/opecheurdelune.com\/en\/wp-json\/wp\/v2\/product\/10798","targetHints":{"allow":["GET"]}}],"collection":[{"href":"https:\/\/opecheurdelune.com\/en\/wp-json\/wp\/v2\/product"}],"about":[{"href":"https:\/\/opecheurdelune.com\/en\/wp-json\/wp\/v2\/types\/product"}],"replies":[{"embeddable":true,"href":"https:\/\/opecheurdelune.com\/en\/wp-json\/wp\/v2\/comments?post=10798"}],"wp:featuredmedia":[{"embeddable":true,"href":"https:\/\/opecheurdelune.com\/en\/wp-json\/wp\/v2\/media\/9762"}],"wp:attachment":[{"href":"https:\/\/opecheurdelune.com\/en\/wp-json\/wp\/v2\/media?parent=10798"}],"wp:term":[{"taxonomy":"product_brand","embeddable":true,"href":"https:\/\/opecheurdelune.com\/en\/wp-json\/wp\/v2\/product_brand?post=10798"},{"taxonomy":"product_cat","embeddable":true,"href":"https:\/\/opecheurdelune.com\/en\/wp-json\/wp\/v2\/product_cat?post=10798"},{"taxonomy":"product_tag","embeddable":true,"href":"https:\/\/opecheurdelune.com\/en\/wp-json\/wp\/v2\/product_tag?post=10798"},{"taxonomy":"berocket_brand","embeddable":true,"href":"https:\/\/opecheurdelune.com\/en\/wp-json\/wp\/v2\/berocket_brand?post=10798"}],"curies":[{"name":"wp","href":"https:\/\/api.w.org\/{rel}","templated":true}]}}