{"id":10797,"date":"2025-10-19T21:32:32","date_gmt":"2025-10-19T19:32:32","guid":{"rendered":"https:\/\/opecheurdelune.com\/product\/6-chaises-en-palissandre-arne-vodder-sibast-furniture-danemark\/"},"modified":"2025-12-17T17:41:07","modified_gmt":"2025-12-17T16:41:07","slug":"6-chaises-en-palissandre-arne-vodder-sibast-furniture-danemark","status":"publish","type":"product","link":"https:\/\/opecheurdelune.com\/en\/product\/6-chaises-en-palissandre-arne-vodder-sibast-furniture-danemark\/","title":{"rendered":"6 chaises en palissandre, Arne Vodder, Sibast furniture, Danemark"},"content":{"rendered":"<p>Superbe ensemble de 6 chaises en palissandre de Arne Vodder pour Sibast furniture, travail danois des ann\u00e9es 1960, palissandre de Rio massif, assises en cuir noir. Ces chaises proviennent de\u00a0 &#8220;La boutique danoise&#8221; \u00e0 Paris en 1972.<\/p>\n<section class=\"product__description margin--top-bottom--medium\" aria-labelledby=\"nav-label__product-description\">\n<div>\n<div id=\"tab-1\" role=\"tabpanel\" aria-labelledby=\"tabby-toggle_tab-1\">\n<div class=\"rte\">\n<div class=\"description\">\n<p>hauteur 73 cm hauteur assise 42 cm largeur 50 cm<\/p>\n<p>Des questions sur le produit, la logistique, la facture, le mode de r\u00e8glement une seule adresse pour obtenir votre r\u00e9ponse personnalis\u00e9e\u00a0\u00a0<a href=\"https:\/\/old.opecheurdelune.com\/contact-o-pecheur-de-lune\" target=\"_blank\" rel=\"noopener\">vincent@opecheurdelune.com<\/a><\/p>\n<\/div>\n<\/div>\n<\/div>\n<\/div>\n<\/section>\n<\/div>\n<p>Arne Vodder \u00e9tait un c\u00e9l\u00e8bre designer de meubles danois, n\u00e9 le 23 novembre 1926 \u00e0 Copenhague et d\u00e9c\u00e9d\u00e9 le 27 d\u00e9cembre 2009. Il est reconnu pour ses contributions significatives au design de meubles modernes dans les ann\u00e9es 1950 et 1960, p\u00e9riode souvent d\u00e9sign\u00e9e comme l&#8217;\u00e2ge d&#8217;or du design danois. Vodder a travaill\u00e9 avec plusieurs fabricants de meubles renomm\u00e9s au Danemark, notamment Sibast Furniture et Niels Vodder (la soci\u00e9t\u00e9 de son p\u00e8re).<\/p>\n<p>Les cr\u00e9ations d&#8217;Arne Vodder sont caract\u00e9ris\u00e9es par des lignes \u00e9pur\u00e9es, des formes organiques et une attention particuli\u00e8re aux d\u00e9tails. Il a travaill\u00e9 avec divers mat\u00e9riaux, notamment le bois, le m\u00e9tal et le cuir, pour cr\u00e9er des meubles fonctionnels et esth\u00e9tiquement attrayants. Certains de ses designs les plus embl\u00e9matiques incluent des bureaux, des tables \u00e0 manger, des buffets et des fauteuils. L&#8217;\u0153uvre d&#8217;Arne Vodder reste tr\u00e8s pris\u00e9e par les collectionneurs.<\/p>\n","protected":false},"excerpt":{"rendered":"<p>Superbe ensemble de 6 chaises en palissandre de Arne Vodder pour Sibast furniture, travail danois des ann\u00e9es 1960, palissandre de Rio massif, assises en cuir noir. Ces chaises proviennent de\u00a0 &#8220;La boutique danoise&#8221; \u00e0 Paris en 1972. hauteur 73 cm hauteur assise 42 cm largeur 50 cm Des questions sur le produit, la logistique, la facture, le mode de r\u00e8glement une seule adresse pour obtenir votre r\u00e9ponse personnalis\u00e9e\u00a0\u00a0vincent@opecheurdelune.com Arne Vodder \u00e9tait un c\u00e9l\u00e8bre designer de meubles danois, n\u00e9 le 23 novembre 1926 \u00e0 Copenhague et d\u00e9c\u00e9d\u00e9 le 27 d\u00e9cembre 2009. Il est reconnu pour ses contributions significatives au design de meubles modernes dans les ann\u00e9es 1950 et 1960, p\u00e9riode souvent d\u00e9sign\u00e9e comme l&#8217;\u00e2ge d&#8217;or du design danois. Vodder a travaill\u00e9 avec plusieurs fabricants de meubles renomm\u00e9s au Danemark, notamment Sibast Furniture et Niels Vodder (la soci\u00e9t\u00e9 de son p\u00e8re). Les cr\u00e9ations d&#8217;Arne Vodder sont caract\u00e9ris\u00e9es par des lignes \u00e9pur\u00e9es, des formes organiques et une attention particuli\u00e8re aux d\u00e9tails. Il a travaill\u00e9 avec divers mat\u00e9riaux, notamment le bois, le m\u00e9tal et le cuir, pour cr\u00e9er des meubles fonctionnels et esth\u00e9tiquement attrayants. Certains de ses designs les plus embl\u00e9matiques incluent des bureaux, des tables \u00e0 manger, des buffets et des fauteuils. L&#8217;\u0153uvre d&#8217;Arne Vodder reste tr\u00e8s pris\u00e9e par les collectionneurs.<\/p>\n","protected":false},"featured_media":9782,"comment_status":"closed","ping_status":"closed","template":"","meta":{"_seopress_robots_primary_cat":"","_seopress_titles_title":"","_seopress_titles_desc":"","_seopress_robots_index":"","_gspb_post_css":"","inline_featured_image":false},"product_brand":[],"product_cat":[332],"product_tag":[],"berocket_brand":[],"class_list":{"0":"post-10797","1":"product","2":"type-product","3":"status-publish","4":"has-post-thumbnail","6":"product_cat-seating-armchairs","8":"first","9":"outofstock","10":"taxable","11":"shipping-taxable","12":"purchasable","13":"product-type-simple"},"_links":{"self":[{"href":"https:\/\/opecheurdelune.com\/en\/wp-json\/wp\/v2\/product\/10797","targetHints":{"allow":["GET"]}}],"collection":[{"href":"https:\/\/opecheurdelune.com\/en\/wp-json\/wp\/v2\/product"}],"about":[{"href":"https:\/\/opecheurdelune.com\/en\/wp-json\/wp\/v2\/types\/product"}],"replies":[{"embeddable":true,"href":"https:\/\/opecheurdelune.com\/en\/wp-json\/wp\/v2\/comments?post=10797"}],"wp:featuredmedia":[{"embeddable":true,"href":"https:\/\/opecheurdelune.com\/en\/wp-json\/wp\/v2\/media\/9782"}],"wp:attachment":[{"href":"https:\/\/opecheurdelune.com\/en\/wp-json\/wp\/v2\/media?parent=10797"}],"wp:term":[{"taxonomy":"product_brand","embeddable":true,"href":"https:\/\/opecheurdelune.com\/en\/wp-json\/wp\/v2\/product_brand?post=10797"},{"taxonomy":"product_cat","embeddable":true,"href":"https:\/\/opecheurdelune.com\/en\/wp-json\/wp\/v2\/product_cat?post=10797"},{"taxonomy":"product_tag","embeddable":true,"href":"https:\/\/opecheurdelune.com\/en\/wp-json\/wp\/v2\/product_tag?post=10797"},{"taxonomy":"berocket_brand","embeddable":true,"href":"https:\/\/opecheurdelune.com\/en\/wp-json\/wp\/v2\/berocket_brand?post=10797"}],"curies":[{"name":"wp","href":"https:\/\/api.w.org\/{rel}","templated":true}]}}