{"id":10796,"date":"2025-10-19T21:32:32","date_gmt":"2025-10-19T19:32:32","guid":{"rendered":"https:\/\/opecheurdelune.com\/product\/fauteuil-conference-de-eero-saarinen-pour-knoll-international-1957\/"},"modified":"2025-10-19T21:32:54","modified_gmt":"2025-10-19T19:32:54","slug":"fauteuil-conference-de-eero-saarinen-pour-knoll-international-1957","status":"publish","type":"product","link":"https:\/\/opecheurdelune.com\/en\/product\/fauteuil-conference-de-eero-saarinen-pour-knoll-international-1957\/","title":{"rendered":"Fauteuil &#8220;Conf\u00e9rence&#8221; de Eero Saarinen pour Knoll international, 1957"},"content":{"rendered":"<p>Eero SAARINEN\u00a0(1910-1961)<br \/>\nFauteuil \u00ab Conf\u00e9rence \u00bb mod\u00e8le cr\u00e9\u00e9 en 1957.<br \/>\nPi\u00e8tement en tube d&#8217;acier chrom\u00e9 et sabots chrom\u00e9s, structure en bois,<br \/>\ngarnie de mousse, tapiss\u00e9e de son cuir d&#8217;origine de couleur bordeaux<br \/>\n\u00c9dition Knoll<\/p>\n<p>hauteur 75 cm hauteur assise 47 cm profondeur 51 cm largeur 61 cm<\/p>\n<p>Des questions sur le produit, la logistique, la facture o\u00f9 le mode de r\u00e8glement une seule adresse pour obtenir votre r\u00e9ponse personnalis\u00e9\u00a0<a href=\"https:\/\/old.opecheurdelune.com\/contact-o-pecheur-de-lune\" target=\"_blank\" rel=\"noopener\">vincent@opecheurdelune.com<\/a><\/p>\n","protected":false},"excerpt":{"rendered":"<p>Eero SAARINEN\u00a0(1910-1961) Fauteuil \u00ab Conf\u00e9rence \u00bb mod\u00e8le cr\u00e9\u00e9 en 1957. Pi\u00e8tement en tube d&#8217;acier chrom\u00e9 et sabots chrom\u00e9s, structure en bois, garnie de mousse, tapiss\u00e9e de son cuir d&#8217;origine de couleur bordeaux \u00c9dition Knoll hauteur 75 cm hauteur assise 47 cm profondeur 51 cm largeur 61 cm Des questions sur le produit, la logistique, la facture o\u00f9 le mode de r\u00e8glement une seule adresse pour obtenir votre r\u00e9ponse personnalis\u00e9\u00a0vincent@opecheurdelune.com<\/p>\n","protected":false},"featured_media":9652,"comment_status":"closed","ping_status":"closed","template":"","meta":{"_seopress_robots_primary_cat":"","_seopress_titles_title":"","_seopress_titles_desc":"","_seopress_robots_index":"","_gspb_post_css":"","inline_featured_image":false},"product_brand":[],"product_cat":[332],"product_tag":[],"berocket_brand":[],"class_list":{"0":"post-10796","1":"product","2":"type-product","3":"status-publish","4":"has-post-thumbnail","6":"product_cat-seating-armchairs","8":"first","9":"instock","10":"taxable","11":"shipping-taxable","12":"purchasable","13":"product-type-simple"},"_links":{"self":[{"href":"https:\/\/opecheurdelune.com\/en\/wp-json\/wp\/v2\/product\/10796","targetHints":{"allow":["GET"]}}],"collection":[{"href":"https:\/\/opecheurdelune.com\/en\/wp-json\/wp\/v2\/product"}],"about":[{"href":"https:\/\/opecheurdelune.com\/en\/wp-json\/wp\/v2\/types\/product"}],"replies":[{"embeddable":true,"href":"https:\/\/opecheurdelune.com\/en\/wp-json\/wp\/v2\/comments?post=10796"}],"wp:featuredmedia":[{"embeddable":true,"href":"https:\/\/opecheurdelune.com\/en\/wp-json\/wp\/v2\/media\/9652"}],"wp:attachment":[{"href":"https:\/\/opecheurdelune.com\/en\/wp-json\/wp\/v2\/media?parent=10796"}],"wp:term":[{"taxonomy":"product_brand","embeddable":true,"href":"https:\/\/opecheurdelune.com\/en\/wp-json\/wp\/v2\/product_brand?post=10796"},{"taxonomy":"product_cat","embeddable":true,"href":"https:\/\/opecheurdelune.com\/en\/wp-json\/wp\/v2\/product_cat?post=10796"},{"taxonomy":"product_tag","embeddable":true,"href":"https:\/\/opecheurdelune.com\/en\/wp-json\/wp\/v2\/product_tag?post=10796"},{"taxonomy":"berocket_brand","embeddable":true,"href":"https:\/\/opecheurdelune.com\/en\/wp-json\/wp\/v2\/berocket_brand?post=10796"}],"curies":[{"name":"wp","href":"https:\/\/api.w.org\/{rel}","templated":true}]}}