{"id":10795,"date":"2025-10-19T21:32:32","date_gmt":"2025-10-19T19:32:32","guid":{"rendered":"https:\/\/opecheurdelune.com\/product\/paire-de-chevet-en-palissandre-cfc-silkeborg-danemark-1970\/"},"modified":"2025-10-19T21:32:54","modified_gmt":"2025-10-19T19:32:54","slug":"paire-de-chevet-en-palissandre-cfc-silkeborg-danemark-1970","status":"publish","type":"product","link":"https:\/\/opecheurdelune.com\/en\/product\/paire-de-chevet-en-palissandre-cfc-silkeborg-danemark-1970\/","title":{"rendered":"Paire de chevet en palissandre CFC Silkeborg, Danemark, 1970"},"content":{"rendered":"<p>Paire de chevet ou bout de canap\u00e9 en palissandre CFC Silkeborg, Danemark, 1970 sign\u00e9 sous le plateau.<\/p>\n<p>hauteur 36 cm largeur 58 cm longueur 58 cm<\/p>\n<p>CFC Silkeborg ait jou\u00e9 un r\u00f4le crucial dans la promotion du design danois du milieu du si\u00e8cle. Leurs collaborations avec des designers renomm\u00e9s comme Johannes Andersen, Henning Korch et Illum Wikkels\u00f8 ont donn\u00e9 naissance \u00e0 une gamme de meubles embl\u00e9matiques qui ont marqu\u00e9 cette p\u00e9riode.<\/p>\n<p>Les caract\u00e9ristiques du design danois, telles que les lignes \u00e9pur\u00e9es, les mat\u00e9riaux de qualit\u00e9 et l&#8217;accent mis sur la fonctionnalit\u00e9, semblent avoir \u00e9t\u00e9 bien repr\u00e9sent\u00e9es dans les cr\u00e9ations de CFC Silkeborg. De plus, le fait que les meubles de cette \u00e9poque conservent leur attrait intemporel et continuent d&#8217;\u00eatre recherch\u00e9s t\u00e9moigne de leur qualit\u00e9 et de leur valeur dans le monde du design et de la d\u00e9coration d&#8217;int\u00e9rieur.<\/p>\n<p>Il est int\u00e9ressant de noter que les meubles vintage de CFC Silkeborg sont encore tr\u00e8s pris\u00e9s par les collectionneurs et les amateurs de design danois aujourd&#8217;hui. Cela t\u00e9moigne non seulement de leur qualit\u00e9 de fabrication exceptionnelle, mais aussi de leur capacit\u00e9 \u00e0 transcender les \u00e9poques et \u00e0 conserver leur pertinence esth\u00e9tique au fil du temps.<\/p>\n","protected":false},"excerpt":{"rendered":"<p>Paire de chevet ou bout de canap\u00e9 en palissandre CFC Silkeborg, Danemark, 1970 sign\u00e9 sous le plateau. hauteur 36 cm largeur 58 cm longueur 58 cm CFC Silkeborg ait jou\u00e9 un r\u00f4le crucial dans la promotion du design danois du milieu du si\u00e8cle. Leurs collaborations avec des designers renomm\u00e9s comme Johannes Andersen, Henning Korch et Illum Wikkels\u00f8 ont donn\u00e9 naissance \u00e0 une gamme de meubles embl\u00e9matiques qui ont marqu\u00e9 cette p\u00e9riode. Les caract\u00e9ristiques du design danois, telles que les lignes \u00e9pur\u00e9es, les mat\u00e9riaux de qualit\u00e9 et l&#8217;accent mis sur la fonctionnalit\u00e9, semblent avoir \u00e9t\u00e9 bien repr\u00e9sent\u00e9es dans les cr\u00e9ations de CFC Silkeborg. De plus, le fait que les meubles de cette \u00e9poque conservent leur attrait intemporel et continuent d&#8217;\u00eatre recherch\u00e9s t\u00e9moigne de leur qualit\u00e9 et de leur valeur dans le monde du design et de la d\u00e9coration d&#8217;int\u00e9rieur. Il est int\u00e9ressant de noter que les meubles vintage de CFC Silkeborg sont encore tr\u00e8s pris\u00e9s par les collectionneurs et les amateurs de design danois aujourd&#8217;hui. Cela t\u00e9moigne non seulement de leur qualit\u00e9 de fabrication exceptionnelle, mais aussi de leur capacit\u00e9 \u00e0 transcender les \u00e9poques et \u00e0 conserver leur pertinence esth\u00e9tique au fil du temps.<\/p>\n","protected":false},"featured_media":9784,"comment_status":"closed","ping_status":"closed","template":"","meta":{"_seopress_robots_primary_cat":"","_seopress_titles_title":"","_seopress_titles_desc":"","_seopress_robots_index":"","_gspb_post_css":"","inline_featured_image":false},"product_brand":[],"product_cat":[334],"product_tag":[],"berocket_brand":[],"class_list":{"0":"post-10795","1":"product","2":"type-product","3":"status-publish","4":"has-post-thumbnail","6":"product_cat-tables-en","8":"first","9":"instock","10":"taxable","11":"shipping-taxable","12":"purchasable","13":"product-type-simple"},"_links":{"self":[{"href":"https:\/\/opecheurdelune.com\/en\/wp-json\/wp\/v2\/product\/10795","targetHints":{"allow":["GET"]}}],"collection":[{"href":"https:\/\/opecheurdelune.com\/en\/wp-json\/wp\/v2\/product"}],"about":[{"href":"https:\/\/opecheurdelune.com\/en\/wp-json\/wp\/v2\/types\/product"}],"replies":[{"embeddable":true,"href":"https:\/\/opecheurdelune.com\/en\/wp-json\/wp\/v2\/comments?post=10795"}],"wp:featuredmedia":[{"embeddable":true,"href":"https:\/\/opecheurdelune.com\/en\/wp-json\/wp\/v2\/media\/9784"}],"wp:attachment":[{"href":"https:\/\/opecheurdelune.com\/en\/wp-json\/wp\/v2\/media?parent=10795"}],"wp:term":[{"taxonomy":"product_brand","embeddable":true,"href":"https:\/\/opecheurdelune.com\/en\/wp-json\/wp\/v2\/product_brand?post=10795"},{"taxonomy":"product_cat","embeddable":true,"href":"https:\/\/opecheurdelune.com\/en\/wp-json\/wp\/v2\/product_cat?post=10795"},{"taxonomy":"product_tag","embeddable":true,"href":"https:\/\/opecheurdelune.com\/en\/wp-json\/wp\/v2\/product_tag?post=10795"},{"taxonomy":"berocket_brand","embeddable":true,"href":"https:\/\/opecheurdelune.com\/en\/wp-json\/wp\/v2\/berocket_brand?post=10795"}],"curies":[{"name":"wp","href":"https:\/\/api.w.org\/{rel}","templated":true}]}}