{"id":10794,"date":"2024-10-19T19:32:36","date_gmt":"2024-10-19T17:32:36","guid":{"rendered":"https:\/\/opecheurdelune.com\/product\/table-basse-percival-lafer-mod-mp-97-moveis-lafer-circa-1970\/"},"modified":"2025-10-19T21:32:36","modified_gmt":"2025-10-19T19:32:36","slug":"table-basse-percival-lafer-mod-mp-97-moveis-lafer-circa-1970","status":"publish","type":"product","link":"https:\/\/opecheurdelune.com\/en\/product\/table-basse-percival-lafer-mod-mp-97-moveis-lafer-circa-1970\/","title":{"rendered":"Table basse Percival Lafer mod. MP-97, M\u00f3veis Lafer circa 1970"},"content":{"rendered":"<p>Table basse de Percival Lafer mod. MP-97 \u00c9dition M\u00f3veis Lafer circa 1970<br \/>\nPi\u00e8tement en jatoba, plateau en verre fum\u00e9 rayures, d\u00e9tail en m\u00e9tal chrom\u00e9<\/p>\n<p>hauteur 35 cm longueur 125 cm largeur\u00a0 60 cm<\/p>\n<p>Des questions sur le produit, la logistique, la facture o\u00f9 le mode de r\u00e8glement une seule adresse pour obtenir votre r\u00e9ponse personnalis\u00e9e\u00a0\u00a0<a href=\"https:\/\/old.opecheurdelune.com\/contact-o-pecheur-de-lune\" target=\"_blank\" rel=\"noopener\">vincent@opecheurdelune.com<\/a><\/p>\n<p>Percival LAFER N\u00e9 en 1936 fonde\u00a0M\u00f3veis Lafer une entreprise br\u00e9silienne renomm\u00e9e sp\u00e9cialis\u00e9e dans la fabrication de meubles, notamment de meubles rembourr\u00e9s et de si\u00e8ges de haute qualit\u00e9. Fond\u00e9e en 1927 par Percival Lafer \u00e0 S\u00e3o Paulo, au Br\u00e9sil, l&#8217;entreprise est devenue c\u00e9l\u00e8bre pour son design innovant et son engagement envers la qualit\u00e9 artisanale.<\/p>\n<p>M\u00f3veis Lafer est particuli\u00e8rement connue pour ses canap\u00e9s et ses fauteuils en cuir, qui combinent confort, style et durabilit\u00e9. Les meubles de Lafer sont souvent caract\u00e9ris\u00e9s par des lignes \u00e9pur\u00e9es, des formes modernes et des d\u00e9tails de haute qualit\u00e9, ce qui en fait des pi\u00e8ces pris\u00e9es tant pour un usage r\u00e9sidentiel que commercial.<\/p>\n<p>Au fil des d\u00e9cennies, M\u00f3veis Lafer a suivi les tendances du design contemporain tout en conservant son engagement envers l&#8217;artisanat traditionnel et la qualit\u00e9. La marque a \u00e9galement \u00e9largi sa gamme de produits pour inclure une vari\u00e9t\u00e9 de meubles d&#8217;int\u00e9rieur et d&#8217;ext\u00e9rieur, ainsi que des accessoires.<\/p>\n","protected":false},"excerpt":{"rendered":"<p>Table basse de Percival Lafer mod. MP-97 \u00c9dition M\u00f3veis Lafer circa 1970 Pi\u00e8tement en jatoba, plateau en verre fum\u00e9 rayures, d\u00e9tail en m\u00e9tal chrom\u00e9 hauteur 35 cm longueur 125 cm largeur\u00a0 60 cm Des questions sur le produit, la logistique, la facture o\u00f9 le mode de r\u00e8glement une seule adresse pour obtenir votre r\u00e9ponse personnalis\u00e9e\u00a0\u00a0vincent@opecheurdelune.com Percival LAFER N\u00e9 en 1936 fonde\u00a0M\u00f3veis Lafer une entreprise br\u00e9silienne renomm\u00e9e sp\u00e9cialis\u00e9e dans la fabrication de meubles, notamment de meubles rembourr\u00e9s et de si\u00e8ges de haute qualit\u00e9. Fond\u00e9e en 1927 par Percival Lafer \u00e0 S\u00e3o Paulo, au Br\u00e9sil, l&#8217;entreprise est devenue c\u00e9l\u00e8bre pour son design innovant et son engagement envers la qualit\u00e9 artisanale. M\u00f3veis Lafer est particuli\u00e8rement connue pour ses canap\u00e9s et ses fauteuils en cuir, qui combinent confort, style et durabilit\u00e9. Les meubles de Lafer sont souvent caract\u00e9ris\u00e9s par des lignes \u00e9pur\u00e9es, des formes modernes et des d\u00e9tails de haute qualit\u00e9, ce qui en fait des pi\u00e8ces pris\u00e9es tant pour un usage r\u00e9sidentiel que commercial. Au fil des d\u00e9cennies, M\u00f3veis Lafer a suivi les tendances du design contemporain tout en conservant son engagement envers l&#8217;artisanat traditionnel et la qualit\u00e9. La marque a \u00e9galement \u00e9largi sa gamme de produits pour inclure une vari\u00e9t\u00e9 de meubles d&#8217;int\u00e9rieur et d&#8217;ext\u00e9rieur, ainsi que des accessoires.<\/p>\n","protected":false},"featured_media":9791,"comment_status":"closed","ping_status":"closed","template":"","meta":{"_seopress_robots_primary_cat":"","_seopress_titles_title":"","_seopress_titles_desc":"","_seopress_robots_index":"","_gspb_post_css":"","inline_featured_image":false},"product_brand":[],"product_cat":[334],"product_tag":[],"berocket_brand":[],"class_list":{"0":"post-10794","1":"product","2":"type-product","3":"status-publish","4":"has-post-thumbnail","6":"product_cat-tables-en","8":"first","9":"outofstock","10":"taxable","11":"shipping-taxable","12":"purchasable","13":"product-type-simple"},"_links":{"self":[{"href":"https:\/\/opecheurdelune.com\/en\/wp-json\/wp\/v2\/product\/10794","targetHints":{"allow":["GET"]}}],"collection":[{"href":"https:\/\/opecheurdelune.com\/en\/wp-json\/wp\/v2\/product"}],"about":[{"href":"https:\/\/opecheurdelune.com\/en\/wp-json\/wp\/v2\/types\/product"}],"replies":[{"embeddable":true,"href":"https:\/\/opecheurdelune.com\/en\/wp-json\/wp\/v2\/comments?post=10794"}],"wp:featuredmedia":[{"embeddable":true,"href":"https:\/\/opecheurdelune.com\/en\/wp-json\/wp\/v2\/media\/9791"}],"wp:attachment":[{"href":"https:\/\/opecheurdelune.com\/en\/wp-json\/wp\/v2\/media?parent=10794"}],"wp:term":[{"taxonomy":"product_brand","embeddable":true,"href":"https:\/\/opecheurdelune.com\/en\/wp-json\/wp\/v2\/product_brand?post=10794"},{"taxonomy":"product_cat","embeddable":true,"href":"https:\/\/opecheurdelune.com\/en\/wp-json\/wp\/v2\/product_cat?post=10794"},{"taxonomy":"product_tag","embeddable":true,"href":"https:\/\/opecheurdelune.com\/en\/wp-json\/wp\/v2\/product_tag?post=10794"},{"taxonomy":"berocket_brand","embeddable":true,"href":"https:\/\/opecheurdelune.com\/en\/wp-json\/wp\/v2\/berocket_brand?post=10794"}],"curies":[{"name":"wp","href":"https:\/\/api.w.org\/{rel}","templated":true}]}}