{"id":10792,"date":"2025-10-19T21:32:32","date_gmt":"2025-10-19T19:32:32","guid":{"rendered":"https:\/\/opecheurdelune.com\/product\/table-basse-tripodes-en-acajou-de-pierre-cruege-1953\/"},"modified":"2025-12-17T17:39:28","modified_gmt":"2025-12-17T16:39:28","slug":"table-basse-tripodes-en-acajou-de-pierre-cruege-1953","status":"publish","type":"product","link":"https:\/\/opecheurdelune.com\/en\/product\/table-basse-tripodes-en-acajou-de-pierre-cruege-1953\/","title":{"rendered":"Table basse tripodes en Acajou de Pierre Cru\u00e8ge, 1953"},"content":{"rendered":"<section class=\"product__description margin--top-bottom--medium\" aria-labelledby=\"nav-label__product-description\">\n<div>\n<div id=\"tab-1\" role=\"tabpanel\" aria-labelledby=\"tabby-toggle_tab-1\">\n<div class=\"rte\">\n<div class=\"description\">\n<section class=\"product__description margin--top-bottom--medium\" aria-labelledby=\"nav-label__product-description\">\n<div>\n<div id=\"tab-1\" role=\"tabpanel\" aria-labelledby=\"tabby-toggle_tab-1\">\n<div class=\"rte\">\n<div class=\"description\">\n<p>Table basse en acajou &#8220;Table 70&#8221; gamme &#8220;Stylus&#8221; pierre Cru\u00e8ge, 1953. Le mod\u00e8le de table basse tripodes ajour\u00e9 &#8220;Table 70&#8221; gamme &#8220;Stylus&#8221;, dessin\u00e9 par Pierre Cru\u00e8ge d\u00e8s 1953, s&#8217;\u00e9mancipe des r\u00e9f\u00e9rences historiques pour trait\u00e9 la gamme &#8220;Stylus&#8221; comme de sculpture abstraite aux arr\u00eats adoucies.<\/p>\n<p>hauteur 47 cm longueur 105 cm largeur 55 cm<\/p>\n<p>Des questions sur le produit, la logistique, la facture o\u00f9 le mode de r\u00e8glement une seule adresse pour obtenir votre r\u00e9ponse personnalis\u00e9e\u00a0\u00a0<a href=\"https:\/\/old.opecheurdelune.com\/contact-o-pecheur-de-lune\" target=\"_blank\" rel=\"noopener\">vincent@opecheurdelune.com<\/a><\/p>\n<\/div>\n<\/div>\n<\/div>\n<\/div>\n<\/section>\n<\/div>\n<\/div>\n<\/div>\n<\/div>\n<\/div>\n<\/section>\n<\/div>\n","protected":false},"excerpt":{"rendered":"<p>Table basse en acajou &#8220;Table 70&#8221; gamme &#8220;Stylus&#8221; pierre Cru\u00e8ge, 1953. Le mod\u00e8le de table basse tripodes ajour\u00e9 &#8220;Table 70&#8221; gamme &#8220;Stylus&#8221;, dessin\u00e9 par Pierre Cru\u00e8ge d\u00e8s 1953, s&#8217;\u00e9mancipe des r\u00e9f\u00e9rences historiques pour trait\u00e9 la gamme &#8220;Stylus&#8221; comme de sculpture abstraite aux arr\u00eats adoucies. hauteur 47 cm longueur 105 cm largeur 55 cm Des questions sur le produit, la logistique, la facture o\u00f9 le mode de r\u00e8glement une seule adresse pour obtenir votre r\u00e9ponse personnalis\u00e9e\u00a0\u00a0vincent@opecheurdelune.com<\/p>\n","protected":false},"featured_media":9859,"comment_status":"closed","ping_status":"closed","template":"","meta":{"_seopress_robots_primary_cat":"","_seopress_titles_title":"","_seopress_titles_desc":"","_seopress_robots_index":"","_gspb_post_css":"","inline_featured_image":false},"product_brand":[],"product_cat":[334],"product_tag":[],"berocket_brand":[],"class_list":{"0":"post-10792","1":"product","2":"type-product","3":"status-publish","4":"has-post-thumbnail","6":"product_cat-tables-en","8":"first","9":"outofstock","10":"taxable","11":"shipping-taxable","12":"purchasable","13":"product-type-simple"},"_links":{"self":[{"href":"https:\/\/opecheurdelune.com\/en\/wp-json\/wp\/v2\/product\/10792","targetHints":{"allow":["GET"]}}],"collection":[{"href":"https:\/\/opecheurdelune.com\/en\/wp-json\/wp\/v2\/product"}],"about":[{"href":"https:\/\/opecheurdelune.com\/en\/wp-json\/wp\/v2\/types\/product"}],"replies":[{"embeddable":true,"href":"https:\/\/opecheurdelune.com\/en\/wp-json\/wp\/v2\/comments?post=10792"}],"wp:featuredmedia":[{"embeddable":true,"href":"https:\/\/opecheurdelune.com\/en\/wp-json\/wp\/v2\/media\/9859"}],"wp:attachment":[{"href":"https:\/\/opecheurdelune.com\/en\/wp-json\/wp\/v2\/media?parent=10792"}],"wp:term":[{"taxonomy":"product_brand","embeddable":true,"href":"https:\/\/opecheurdelune.com\/en\/wp-json\/wp\/v2\/product_brand?post=10792"},{"taxonomy":"product_cat","embeddable":true,"href":"https:\/\/opecheurdelune.com\/en\/wp-json\/wp\/v2\/product_cat?post=10792"},{"taxonomy":"product_tag","embeddable":true,"href":"https:\/\/opecheurdelune.com\/en\/wp-json\/wp\/v2\/product_tag?post=10792"},{"taxonomy":"berocket_brand","embeddable":true,"href":"https:\/\/opecheurdelune.com\/en\/wp-json\/wp\/v2\/berocket_brand?post=10792"}],"curies":[{"name":"wp","href":"https:\/\/api.w.org\/{rel}","templated":true}]}}