{"id":10791,"date":"2025-10-19T21:32:32","date_gmt":"2025-10-19T19:32:32","guid":{"rendered":"https:\/\/opecheurdelune.com\/product\/table-dappoint-en-bois-bambou-cannage-et-verre-carre-1970\/"},"modified":"2025-10-23T21:04:21","modified_gmt":"2025-10-23T19:04:21","slug":"table-dappoint-en-bois-bambou-cannage-et-verre-carre-1970","status":"publish","type":"product","link":"https:\/\/opecheurdelune.com\/en\/product\/table-dappoint-en-bois-bambou-cannage-et-verre-carre-1970\/","title":{"rendered":"Table d&#8217;appoint en bois bambou, cannage et verre carr\u00e9, 1970"},"content":{"rendered":"<section class=\"product__description margin--top-bottom--medium\" aria-labelledby=\"nav-label__product-description\">\n<div>\n<div id=\"tab-1\" role=\"tabpanel\" aria-labelledby=\"tabby-toggle_tab-1\">\n<div class=\"rte\">\n<div class=\"description\">\n<p>Table d&#8217;appoint carr\u00e9 en bois imitation de bambou, cannage sous le plateau en verre carr\u00e9, travail fran\u00e7ais des ann\u00e9es 1970.<\/p>\n<p>R\u00e9alisation soign\u00e9 avec\u00a0un esprit estival et trompe l&#8217;\u0153il pour la notre table d&#8217;appoint, de chevet ou bout de canap\u00e9 en belle \u00e9tat.<\/p>\n<p>hauteur 45 cm largeur 60 cm longueur 60 cm<\/p>\n<p>Des questions sur le produit, la logistique, la facture o\u00f9 le mode de r\u00e8glement une seule adresse pour obtenir votre r\u00e9ponse personnalis\u00e9\u00a0<a href=\"https:\/\/old.opecheurdelune.com\/contact-o-pecheur-de-lune\" target=\"_blank\" rel=\"noopener\">vincent@opecheurdelune.com<\/a><\/p>\n<\/div>\n<\/div>\n<\/div>\n<\/div>\n<\/section>\n<\/div>\n","protected":false},"excerpt":{"rendered":"<p>Table d&#8217;appoint carr\u00e9 en bois imitation de bambou, cannage sous le plateau en verre carr\u00e9, travail fran\u00e7ais des ann\u00e9es 1970. R\u00e9alisation soign\u00e9 avec\u00a0un esprit estival et trompe l&#8217;\u0153il pour la notre table d&#8217;appoint, de chevet ou bout de canap\u00e9 en belle \u00e9tat. hauteur 45 cm largeur 60 cm longueur 60 cm Des questions sur le produit, la logistique, la facture o\u00f9 le mode de r\u00e8glement une seule adresse pour obtenir votre r\u00e9ponse personnalis\u00e9\u00a0vincent@opecheurdelune.com<\/p>\n","protected":false},"featured_media":9899,"comment_status":"closed","ping_status":"closed","template":"","meta":{"_seopress_robots_primary_cat":"","_seopress_titles_title":"","_seopress_titles_desc":"","_seopress_robots_index":"","_gspb_post_css":"","inline_featured_image":false},"product_brand":[],"product_cat":[334],"product_tag":[],"berocket_brand":[],"class_list":{"0":"post-10791","1":"product","2":"type-product","3":"status-publish","4":"has-post-thumbnail","6":"product_cat-tables-en","8":"first","9":"instock","10":"taxable","11":"shipping-taxable","12":"purchasable","13":"product-type-simple"},"_links":{"self":[{"href":"https:\/\/opecheurdelune.com\/en\/wp-json\/wp\/v2\/product\/10791","targetHints":{"allow":["GET"]}}],"collection":[{"href":"https:\/\/opecheurdelune.com\/en\/wp-json\/wp\/v2\/product"}],"about":[{"href":"https:\/\/opecheurdelune.com\/en\/wp-json\/wp\/v2\/types\/product"}],"replies":[{"embeddable":true,"href":"https:\/\/opecheurdelune.com\/en\/wp-json\/wp\/v2\/comments?post=10791"}],"wp:featuredmedia":[{"embeddable":true,"href":"https:\/\/opecheurdelune.com\/en\/wp-json\/wp\/v2\/media\/9899"}],"wp:attachment":[{"href":"https:\/\/opecheurdelune.com\/en\/wp-json\/wp\/v2\/media?parent=10791"}],"wp:term":[{"taxonomy":"product_brand","embeddable":true,"href":"https:\/\/opecheurdelune.com\/en\/wp-json\/wp\/v2\/product_brand?post=10791"},{"taxonomy":"product_cat","embeddable":true,"href":"https:\/\/opecheurdelune.com\/en\/wp-json\/wp\/v2\/product_cat?post=10791"},{"taxonomy":"product_tag","embeddable":true,"href":"https:\/\/opecheurdelune.com\/en\/wp-json\/wp\/v2\/product_tag?post=10791"},{"taxonomy":"berocket_brand","embeddable":true,"href":"https:\/\/opecheurdelune.com\/en\/wp-json\/wp\/v2\/berocket_brand?post=10791"}],"curies":[{"name":"wp","href":"https:\/\/api.w.org\/{rel}","templated":true}]}}