{"id":10790,"date":"2025-10-19T21:32:32","date_gmt":"2025-10-19T19:32:32","guid":{"rendered":"https:\/\/opecheurdelune.com\/product\/table-de-salle-a-manger-en-pin-des-landes-de-pierre-gauthier-delaye-editons-vergneres\/"},"modified":"2025-10-23T21:04:21","modified_gmt":"2025-10-23T19:04:21","slug":"table-de-salle-a-manger-en-pin-des-landes-de-pierre-gauthier-delaye-editons-vergneres","status":"publish","type":"product","link":"https:\/\/opecheurdelune.com\/en\/product\/table-de-salle-a-manger-en-pin-des-landes-de-pierre-gauthier-delaye-editons-vergneres\/","title":{"rendered":"Table de salle \u00e0 manger en pin des Landes de Pierre Gauthier Delaye \u00e9ditons Vergneres"},"content":{"rendered":"<section class=\"product__description margin--top-bottom--medium\" aria-labelledby=\"nav-label__product-description\">Table de salle \u00e0 manger en pin Pierre Gauthier Delaye \u00e9ditons Vergneres<\/section>\n<section class=\"product__description margin--top-bottom--medium\" aria-labelledby=\"nav-label__product-description\"><\/section>\n<section class=\"product__description margin--top-bottom--medium\" aria-labelledby=\"nav-label__product-description\">La patine chaleureuse de la table de forme elliptique est renforce par le veinage d\u00e9coratif du pin des landes. La table bien proportionn\u00e9 et accueillant est un travail fran\u00e7ais de la s\u00e9rie\u00a0 &#8220;Week-end&#8221; de Pierre Gauthier Delaye (1923-2006) designer fran\u00e7ais des ann\u00e9es 1950.<\/section>\n<section class=\"product__description margin--top-bottom--medium\" aria-labelledby=\"nav-label__product-description\"><\/section>\n<section class=\"product__description margin--top-bottom--medium\" aria-labelledby=\"nav-label__product-description\">\n<div>\n<div id=\"tab-1\" role=\"tabpanel\" aria-labelledby=\"tabby-toggle_tab-1\">\n<div class=\"rte\">\n<div class=\"description\">\n<p>hauteur 75cm longueur 180 cm largeur 88 cm<\/p>\n<p>Des questions sur le produit, la logistique, la facture o\u00f9 le mode de r\u00e8glement une seule adresse pour obtenir votre r\u00e9ponse personnalis\u00e9\u00a0<a href=\"https:\/\/old.opecheurdelune.com\/contact-o-pecheur-de-lune\" target=\"_blank\" rel=\"noopener\">vincent@opecheurdelune.com<\/a><\/p>\n<\/div>\n<\/div>\n<\/div>\n<\/div>\n<\/section>\n<\/div>\n","protected":false},"excerpt":{"rendered":"<p>Table de salle \u00e0 manger en pin Pierre Gauthier Delaye \u00e9ditons Vergneres La patine chaleureuse de la table de forme elliptique est renforce par le veinage d\u00e9coratif du pin des landes. La table bien proportionn\u00e9 et accueillant est un travail fran\u00e7ais de la s\u00e9rie\u00a0 &#8220;Week-end&#8221; de Pierre Gauthier Delaye (1923-2006) designer fran\u00e7ais des ann\u00e9es 1950. hauteur 75cm longueur 180 cm largeur 88 cm Des questions sur le produit, la logistique, la facture o\u00f9 le mode de r\u00e8glement une seule adresse pour obtenir votre r\u00e9ponse personnalis\u00e9\u00a0vincent@opecheurdelune.com<\/p>\n","protected":false},"featured_media":9866,"comment_status":"closed","ping_status":"closed","template":"","meta":{"_seopress_robots_primary_cat":"","_seopress_titles_title":"","_seopress_titles_desc":"","_seopress_robots_index":"","_gspb_post_css":"","inline_featured_image":false},"product_brand":[],"product_cat":[334],"product_tag":[],"berocket_brand":[],"class_list":{"0":"post-10790","1":"product","2":"type-product","3":"status-publish","4":"has-post-thumbnail","6":"product_cat-tables-en","8":"first","9":"instock","10":"taxable","11":"shipping-taxable","12":"purchasable","13":"product-type-simple"},"_links":{"self":[{"href":"https:\/\/opecheurdelune.com\/en\/wp-json\/wp\/v2\/product\/10790","targetHints":{"allow":["GET"]}}],"collection":[{"href":"https:\/\/opecheurdelune.com\/en\/wp-json\/wp\/v2\/product"}],"about":[{"href":"https:\/\/opecheurdelune.com\/en\/wp-json\/wp\/v2\/types\/product"}],"replies":[{"embeddable":true,"href":"https:\/\/opecheurdelune.com\/en\/wp-json\/wp\/v2\/comments?post=10790"}],"wp:featuredmedia":[{"embeddable":true,"href":"https:\/\/opecheurdelune.com\/en\/wp-json\/wp\/v2\/media\/9866"}],"wp:attachment":[{"href":"https:\/\/opecheurdelune.com\/en\/wp-json\/wp\/v2\/media?parent=10790"}],"wp:term":[{"taxonomy":"product_brand","embeddable":true,"href":"https:\/\/opecheurdelune.com\/en\/wp-json\/wp\/v2\/product_brand?post=10790"},{"taxonomy":"product_cat","embeddable":true,"href":"https:\/\/opecheurdelune.com\/en\/wp-json\/wp\/v2\/product_cat?post=10790"},{"taxonomy":"product_tag","embeddable":true,"href":"https:\/\/opecheurdelune.com\/en\/wp-json\/wp\/v2\/product_tag?post=10790"},{"taxonomy":"berocket_brand","embeddable":true,"href":"https:\/\/opecheurdelune.com\/en\/wp-json\/wp\/v2\/berocket_brand?post=10790"}],"curies":[{"name":"wp","href":"https:\/\/api.w.org\/{rel}","templated":true}]}}