{"id":10789,"date":"2024-10-19T19:32:36","date_gmt":"2024-10-19T17:32:36","guid":{"rendered":"https:\/\/opecheurdelune.com\/product\/table-gigogne-en-laiton-bambou-et-verre-1970\/"},"modified":"2025-10-19T21:32:36","modified_gmt":"2025-10-19T19:32:36","slug":"table-gigogne-en-laiton-bambou-et-verre-1970","status":"publish","type":"product","link":"https:\/\/opecheurdelune.com\/en\/product\/table-gigogne-en-laiton-bambou-et-verre-1970\/","title":{"rendered":"Table gigogne en laiton bambou et verre, 1970"},"content":{"rendered":"<article class=\"product-details has-updated\" data-config=\"{&quot;sku&quot;:&quot;UIW-1599765&quot;,&quot;storeId&quot;:&quot;15&quot;}\" data-js=\"gallery,productDetail\" data-product-qty=\"1\" data-product-sku=\"UIW-1599765\" data-product-name=\"Table Gigogne en Laiton, Faux Bambou et Verre-Miroir dans le style de Maisen Bagues, Italie, 1970s, Set de 2\" data-product-id=\"1599765\">\n<p class=\"product-name\" data-block=\"name\">Table gigogne en laiton imitation bambou et verre-miroir dans le style de Maison Bagues 1970\u00a0Set de 3<\/p>\n<\/article>\n<p>grande : hauteur 46 cm\u00a0 longueur 51 cm largeur 38 cm<\/p>\n<p>Moyen : hauteur 42 cm\u00a0 longueur 47 cm largeur 38 cm<\/p>\n<p>Petite : hauteur 38 cm\u00a0 longueur 42 cm largeur 36 cm<\/p>\n<p>Des questions sur le produit, la logistique, la facture o\u00f9 le mode de r\u00e8glement une seule adresse pour obtenir votre r\u00e9ponse personnalis\u00e9\u00a0<a href=\"https:\/\/old.opecheurdelune.com\/contact-o-pecheur-de-lune\" target=\"_blank\" rel=\"noopener\">vincent@opecheurdelune.com<\/a><\/p>\n","protected":false},"excerpt":{"rendered":"<p>Table gigogne en laiton imitation bambou et verre-miroir dans le style de Maison Bagues 1970\u00a0Set de 3 grande : hauteur 46 cm\u00a0 longueur 51 cm largeur 38 cm Moyen : hauteur 42 cm\u00a0 longueur 47 cm largeur 38 cm Petite : hauteur 38 cm\u00a0 longueur 42 cm largeur 36 cm Des questions sur le produit, la logistique, la facture o\u00f9 le mode de r\u00e8glement une seule adresse pour obtenir votre r\u00e9ponse personnalis\u00e9\u00a0vincent@opecheurdelune.com<\/p>\n","protected":false},"featured_media":9876,"comment_status":"closed","ping_status":"closed","template":"","meta":{"_seopress_robots_primary_cat":"","_seopress_titles_title":"","_seopress_titles_desc":"","_seopress_robots_index":"","_gspb_post_css":"","inline_featured_image":false},"product_brand":[],"product_cat":[334],"product_tag":[],"berocket_brand":[],"class_list":{"0":"post-10789","1":"product","2":"type-product","3":"status-publish","4":"has-post-thumbnail","6":"product_cat-tables-en","8":"first","9":"outofstock","10":"taxable","11":"shipping-taxable","12":"purchasable","13":"product-type-simple"},"_links":{"self":[{"href":"https:\/\/opecheurdelune.com\/en\/wp-json\/wp\/v2\/product\/10789","targetHints":{"allow":["GET"]}}],"collection":[{"href":"https:\/\/opecheurdelune.com\/en\/wp-json\/wp\/v2\/product"}],"about":[{"href":"https:\/\/opecheurdelune.com\/en\/wp-json\/wp\/v2\/types\/product"}],"replies":[{"embeddable":true,"href":"https:\/\/opecheurdelune.com\/en\/wp-json\/wp\/v2\/comments?post=10789"}],"wp:featuredmedia":[{"embeddable":true,"href":"https:\/\/opecheurdelune.com\/en\/wp-json\/wp\/v2\/media\/9876"}],"wp:attachment":[{"href":"https:\/\/opecheurdelune.com\/en\/wp-json\/wp\/v2\/media?parent=10789"}],"wp:term":[{"taxonomy":"product_brand","embeddable":true,"href":"https:\/\/opecheurdelune.com\/en\/wp-json\/wp\/v2\/product_brand?post=10789"},{"taxonomy":"product_cat","embeddable":true,"href":"https:\/\/opecheurdelune.com\/en\/wp-json\/wp\/v2\/product_cat?post=10789"},{"taxonomy":"product_tag","embeddable":true,"href":"https:\/\/opecheurdelune.com\/en\/wp-json\/wp\/v2\/product_tag?post=10789"},{"taxonomy":"berocket_brand","embeddable":true,"href":"https:\/\/opecheurdelune.com\/en\/wp-json\/wp\/v2\/berocket_brand?post=10789"}],"curies":[{"name":"wp","href":"https:\/\/api.w.org\/{rel}","templated":true}]}}