{"id":10788,"date":"2025-10-19T21:32:32","date_gmt":"2025-10-19T19:32:32","guid":{"rendered":"https:\/\/opecheurdelune.com\/product\/bureau-modele-3605-en-palissandre-par-arne-jacobsen-pour-fritz-hansen-danemark-1960\/"},"modified":"2025-10-23T21:04:21","modified_gmt":"2025-10-23T19:04:21","slug":"bureau-modele-3605-en-palissandre-par-arne-jacobsen-pour-fritz-hansen-danemark-1960","status":"publish","type":"product","link":"https:\/\/opecheurdelune.com\/en\/product\/bureau-modele-3605-en-palissandre-par-arne-jacobsen-pour-fritz-hansen-danemark-1960\/","title":{"rendered":"Bureau Mod\u00e8le 3605 en Palissandre par Arne Jacobsen pour Fritz Hansen, Danemark, 1960"},"content":{"rendered":"<section class=\"product__description margin--top-bottom--medium\" aria-labelledby=\"nav-label__product-description\">\n<div>\n<div id=\"tab-1\" role=\"tabpanel\" aria-labelledby=\"tabby-toggle_tab-1\">\n<div class=\"rte\">\n<div class=\"description\">\n<section class=\"product__description margin--top-bottom--medium\" aria-labelledby=\"nav-label__product-description\">\n<div>\n<div id=\"tab-1\" role=\"tabpanel\" aria-labelledby=\"tabby-toggle_tab-1\">\n<div class=\"rte\">\n<div class=\"description\">\n<p class=\"product-name\" data-block=\"name\">Bureau Mod\u00e8le 3605 en Palissandre par Arne Jacobsen pour Fritz Hansen, Danemark, 1960<\/p>\n<p class=\"product-name\" data-block=\"name\">Plateau en palissandre avec une belle patine, le pi\u00e8tement chauss\u00e9 de pied en palissandre massif sont en acier chrom\u00e9 dans un bon \u00e9tat d&#8217;\u00e9poque.<\/p>\n<section class=\"product__description margin--top-bottom--medium\" aria-labelledby=\"nav-label__product-description\">\n<div>\n<div id=\"tab-1\" role=\"tabpanel\" aria-labelledby=\"tabby-toggle_tab-1\">\n<div class=\"rte\">\n<div class=\"description\">\n<p>hauteur 70\u00a0 cm\u00a0 longueur 152 cm largeur 80 cm<\/p>\n<p>Des questions sur le produit, la logistique, la facture, le mode de r\u00e8glement une seule adresse pour obtenir votre r\u00e9ponse personnalis\u00e9e\u00a0<a href=\"https:\/\/old.opecheurdelune.com\/contact-o-pecheur-de-lune\" target=\"_blank\" rel=\"noopener\">vincent@opecheurdelune.com<\/a><\/p>\n<\/div>\n<\/div>\n<\/div>\n<\/div>\n<\/section>\n<p class=\"product-name\" data-block=\"name\">Arne Jacobsen (1902-1971) designer et architecte danois de premier ordre \u00e0 la renomm\u00e9 mondiale. Des le milieu des ann\u00e9es 40 Arne Jacobsen \u00e9labore du mobilier moderne pour la d\u00e9coration d&#8217;int\u00e9rieur. Au d\u00e9but des ann\u00e9es 50 l&#8217;\u00e9diteur de mobilier Fritz Hansen collabore avec Arne Jacobsen pour la cr\u00e9ation d&#8217;un gamme de mobilier d&#8217;architecte. Cette p\u00e9riode sera l&#8217;\u00e2ge d&#8217;or de Fritz Hansen qui \u00e9dite le best-seller iconique le Egg chair, la chaise Swan et les chaises oxford de son designer en chef Arne Jacobsen.<\/p>\n<\/div>\n<\/div>\n<\/div>\n<\/div>\n<\/section>\n<\/div>\n<\/div>\n<\/div>\n<\/div>\n<\/section>\n<\/div>\n","protected":false},"excerpt":{"rendered":"<p>Bureau Mod\u00e8le 3605 en Palissandre par Arne Jacobsen pour Fritz Hansen, Danemark, 1960 Plateau en palissandre avec une belle patine, le pi\u00e8tement chauss\u00e9 de pied en palissandre massif sont en acier chrom\u00e9 dans un bon \u00e9tat d&#8217;\u00e9poque. hauteur 70\u00a0 cm\u00a0 longueur 152 cm largeur 80 cm Des questions sur le produit, la logistique, la facture, le mode de r\u00e8glement une seule adresse pour obtenir votre r\u00e9ponse personnalis\u00e9e\u00a0vincent@opecheurdelune.com Arne Jacobsen (1902-1971) designer et architecte danois de premier ordre \u00e0 la renomm\u00e9 mondiale. Des le milieu des ann\u00e9es 40 Arne Jacobsen \u00e9labore du mobilier moderne pour la d\u00e9coration d&#8217;int\u00e9rieur. Au d\u00e9but des ann\u00e9es 50 l&#8217;\u00e9diteur de mobilier Fritz Hansen collabore avec Arne Jacobsen pour la cr\u00e9ation d&#8217;un gamme de mobilier d&#8217;architecte. Cette p\u00e9riode sera l&#8217;\u00e2ge d&#8217;or de Fritz Hansen qui \u00e9dite le best-seller iconique le Egg chair, la chaise Swan et les chaises oxford de son designer en chef Arne Jacobsen.<\/p>\n","protected":false},"featured_media":9840,"comment_status":"closed","ping_status":"closed","template":"","meta":{"_seopress_robots_primary_cat":"","_seopress_titles_title":"","_seopress_titles_desc":"","_seopress_robots_index":"","_gspb_post_css":"","inline_featured_image":false},"product_brand":[],"product_cat":[334],"product_tag":[],"berocket_brand":[],"class_list":{"0":"post-10788","1":"product","2":"type-product","3":"status-publish","4":"has-post-thumbnail","6":"product_cat-tables-en","8":"first","9":"instock","10":"taxable","11":"shipping-taxable","12":"purchasable","13":"product-type-simple"},"_links":{"self":[{"href":"https:\/\/opecheurdelune.com\/en\/wp-json\/wp\/v2\/product\/10788","targetHints":{"allow":["GET"]}}],"collection":[{"href":"https:\/\/opecheurdelune.com\/en\/wp-json\/wp\/v2\/product"}],"about":[{"href":"https:\/\/opecheurdelune.com\/en\/wp-json\/wp\/v2\/types\/product"}],"replies":[{"embeddable":true,"href":"https:\/\/opecheurdelune.com\/en\/wp-json\/wp\/v2\/comments?post=10788"}],"wp:featuredmedia":[{"embeddable":true,"href":"https:\/\/opecheurdelune.com\/en\/wp-json\/wp\/v2\/media\/9840"}],"wp:attachment":[{"href":"https:\/\/opecheurdelune.com\/en\/wp-json\/wp\/v2\/media?parent=10788"}],"wp:term":[{"taxonomy":"product_brand","embeddable":true,"href":"https:\/\/opecheurdelune.com\/en\/wp-json\/wp\/v2\/product_brand?post=10788"},{"taxonomy":"product_cat","embeddable":true,"href":"https:\/\/opecheurdelune.com\/en\/wp-json\/wp\/v2\/product_cat?post=10788"},{"taxonomy":"product_tag","embeddable":true,"href":"https:\/\/opecheurdelune.com\/en\/wp-json\/wp\/v2\/product_tag?post=10788"},{"taxonomy":"berocket_brand","embeddable":true,"href":"https:\/\/opecheurdelune.com\/en\/wp-json\/wp\/v2\/berocket_brand?post=10788"}],"curies":[{"name":"wp","href":"https:\/\/api.w.org\/{rel}","templated":true}]}}