{"id":10785,"date":"2025-10-19T21:32:32","date_gmt":"2025-10-19T19:32:32","guid":{"rendered":"https:\/\/opecheurdelune.com\/product\/table-guido-faleschini-pour-mariani-italie-1970\/"},"modified":"2025-10-23T21:04:21","modified_gmt":"2025-10-23T19:04:21","slug":"table-guido-faleschini-pour-mariani-italie-1970","status":"publish","type":"product","link":"https:\/\/opecheurdelune.com\/en\/product\/table-guido-faleschini-pour-mariani-italie-1970\/","title":{"rendered":"Table Guido Faleschini pour Mariani, Italie, 1970"},"content":{"rendered":"<section class=\"product__description margin--top-bottom--medium\" aria-labelledby=\"nav-label__product-description\">\n<div>\n<div id=\"tab-1\" role=\"tabpanel\" aria-labelledby=\"tabby-toggle_tab-1\">\n<div class=\"rte\">\n<div class=\"description\">\n<p>Table rectangulaire de Guido Faleschini pour Mariani, Italie, 1970.\u00a0Le mobilier de cette gamme d\u00e9sign\u00e9 par Guido Faleschini \u00e9tait distribu\u00e9 par Hermes France dans les ann\u00e9es 70. Le plateau de verre fum\u00e9 d&#8217;\u00e9poque repose sur des traverses gaines de cuir fauves qui forme un carr\u00e9 reposant sur quatre pied en aciers chrom\u00e9s de forme triangulaires.<\/p>\n<p>hauteur\u00a073,5 cm, longueur 130 cm, profondeur 130 cm<\/p>\n<p>Des questions sur le produit, la logistique, la facture o\u00f9 le mode de r\u00e8glement une seule adresse pour obtenir votre r\u00e9ponse personnalis\u00e9\u00a0<a href=\"https:\/\/old.opecheurdelune.com\/contact-o-pecheur-de-lune\" target=\"_blank\" rel=\"noopener\">\u00a0vincent@opecheurdelune.com<\/a><\/p>\n<p>Guido Faleschini est un architecte et designer industriel italien qui a obtenu plusieurs dipl\u00f4mes dans le domaine de l&#8217;art et de l&#8217;architecture. Il a commenc\u00e9 sa carri\u00e8re en concevant des pi\u00e8ces pour des clients priv\u00e9s et des entreprises de meubles dans la r\u00e9gion de Brianza, en Italie, dans les ann\u00e9es 1960.Il a enseign\u00e9 la composition architecturale \u00e0 l&#8217;Ath\u00e9n\u00e9e de Lausanne en Suisse pendant les ann\u00e9es 1970-1974.<\/p>\n<p>En tant que designer industriel, Faleschini s&#8217;est int\u00e9ress\u00e9 \u00e0 la cr\u00e9ation de mobilier pour les b\u00e2timents class\u00e9s, en particulier les b\u00e2timents historiques. Il est consid\u00e9r\u00e9 comme l&#8217;un des intellectuels du design industriel italien des ann\u00e9es 60 et fait partie des figures cl\u00e9s du design italien<\/p>\n<\/div>\n<\/div>\n<\/div>\n<\/div>\n<\/section>\n<\/div>\n","protected":false},"excerpt":{"rendered":"<p>Table rectangulaire de Guido Faleschini pour Mariani, Italie, 1970.\u00a0Le mobilier de cette gamme d\u00e9sign\u00e9 par Guido Faleschini \u00e9tait distribu\u00e9 par Hermes France dans les ann\u00e9es 70. Le plateau de verre fum\u00e9 d&#8217;\u00e9poque repose sur des traverses gaines de cuir fauves qui forme un carr\u00e9 reposant sur quatre pied en aciers chrom\u00e9s de forme triangulaires. hauteur\u00a073,5 cm, longueur 130 cm, profondeur 130 cm Des questions sur le produit, la logistique, la facture o\u00f9 le mode de r\u00e8glement une seule adresse pour obtenir votre r\u00e9ponse personnalis\u00e9\u00a0\u00a0vincent@opecheurdelune.com Guido Faleschini est un architecte et designer industriel italien qui a obtenu plusieurs dipl\u00f4mes dans le domaine de l&#8217;art et de l&#8217;architecture. Il a commenc\u00e9 sa carri\u00e8re en concevant des pi\u00e8ces pour des clients priv\u00e9s et des entreprises de meubles dans la r\u00e9gion de Brianza, en Italie, dans les ann\u00e9es 1960.Il a enseign\u00e9 la composition architecturale \u00e0 l&#8217;Ath\u00e9n\u00e9e de Lausanne en Suisse pendant les ann\u00e9es 1970-1974. En tant que designer industriel, Faleschini s&#8217;est int\u00e9ress\u00e9 \u00e0 la cr\u00e9ation de mobilier pour les b\u00e2timents class\u00e9s, en particulier les b\u00e2timents historiques. Il est consid\u00e9r\u00e9 comme l&#8217;un des intellectuels du design industriel italien des ann\u00e9es 60 et fait partie des figures cl\u00e9s du design italien<\/p>\n","protected":false},"featured_media":9883,"comment_status":"closed","ping_status":"closed","template":"","meta":{"_seopress_robots_primary_cat":"","_seopress_titles_title":"","_seopress_titles_desc":"","_seopress_robots_index":"","_gspb_post_css":"","inline_featured_image":false},"product_brand":[],"product_cat":[334],"product_tag":[],"berocket_brand":[],"class_list":{"0":"post-10785","1":"product","2":"type-product","3":"status-publish","4":"has-post-thumbnail","6":"product_cat-tables-en","8":"first","9":"instock","10":"taxable","11":"shipping-taxable","12":"purchasable","13":"product-type-simple"},"_links":{"self":[{"href":"https:\/\/opecheurdelune.com\/en\/wp-json\/wp\/v2\/product\/10785","targetHints":{"allow":["GET"]}}],"collection":[{"href":"https:\/\/opecheurdelune.com\/en\/wp-json\/wp\/v2\/product"}],"about":[{"href":"https:\/\/opecheurdelune.com\/en\/wp-json\/wp\/v2\/types\/product"}],"replies":[{"embeddable":true,"href":"https:\/\/opecheurdelune.com\/en\/wp-json\/wp\/v2\/comments?post=10785"}],"wp:featuredmedia":[{"embeddable":true,"href":"https:\/\/opecheurdelune.com\/en\/wp-json\/wp\/v2\/media\/9883"}],"wp:attachment":[{"href":"https:\/\/opecheurdelune.com\/en\/wp-json\/wp\/v2\/media?parent=10785"}],"wp:term":[{"taxonomy":"product_brand","embeddable":true,"href":"https:\/\/opecheurdelune.com\/en\/wp-json\/wp\/v2\/product_brand?post=10785"},{"taxonomy":"product_cat","embeddable":true,"href":"https:\/\/opecheurdelune.com\/en\/wp-json\/wp\/v2\/product_cat?post=10785"},{"taxonomy":"product_tag","embeddable":true,"href":"https:\/\/opecheurdelune.com\/en\/wp-json\/wp\/v2\/product_tag?post=10785"},{"taxonomy":"berocket_brand","embeddable":true,"href":"https:\/\/opecheurdelune.com\/en\/wp-json\/wp\/v2\/berocket_brand?post=10785"}],"curies":[{"name":"wp","href":"https:\/\/api.w.org\/{rel}","templated":true}]}}