{"id":10784,"date":"2025-10-19T21:32:32","date_gmt":"2025-10-19T19:32:32","guid":{"rendered":"https:\/\/opecheurdelune.com\/product\/comptoir-canoe-canadien-et-methacrylate\/"},"modified":"2025-10-19T21:32:51","modified_gmt":"2025-10-19T19:32:51","slug":"comptoir-canoe-canadien-et-methacrylate","status":"publish","type":"product","link":"https:\/\/opecheurdelune.com\/en\/product\/comptoir-canoe-canadien-et-methacrylate\/","title":{"rendered":"Comptoir cano\u00eb canadien et m\u00e9thacrylate"},"content":{"rendered":"<p>Sur la\u00a0base d&#8217;un pi\u00e8tement d&#8217;atelier industriel en fonte, mont\u00e9 sur roulette, repose solidement un cano\u00eb canadien, distribue par Manufacture Saint-Etienne dans les ann\u00e9es 1940. Le cano\u00eb est recouvert d&#8217;un \u00e9pais plateau en m\u00e9thacrylate formant un comptoir, un mange debout, un bar. L&#8217;int\u00e9rieur du cano\u00eb est \u00e9quip\u00e9 de deux \u00e9clairages LED cr\u00e9ant une ambiance lumineuse douce.<\/p>\n<p>Hauteur 104 cm, profondeur 88 cm, longueur 452 cm.<\/p>\n<p>Des questions sur le produit, la logistique, la facture o\u00f9 le mode de r\u00e8glement une seule adresse pour obtenir votre r\u00e9ponse personnalis\u00e9\u00a0<a href=\"https:\/\/old.opecheurdelune.com\/contact-o-pecheur-de-lune\" target=\"_blank\" rel=\"noopener\">vincent@opecheurdelune.com\u00a0<\/a><\/p>\n","protected":false},"excerpt":{"rendered":"<p>Sur la\u00a0base d&#8217;un pi\u00e8tement d&#8217;atelier industriel en fonte, mont\u00e9 sur roulette, repose solidement un cano\u00eb canadien, distribue par Manufacture Saint-Etienne dans les ann\u00e9es 1940. Le cano\u00eb est recouvert d&#8217;un \u00e9pais plateau en m\u00e9thacrylate formant un comptoir, un mange debout, un bar. L&#8217;int\u00e9rieur du cano\u00eb est \u00e9quip\u00e9 de deux \u00e9clairages LED cr\u00e9ant une ambiance lumineuse douce. Hauteur 104 cm, profondeur 88 cm, longueur 452 cm. Des questions sur le produit, la logistique, la facture o\u00f9 le mode de r\u00e8glement une seule adresse pour obtenir votre r\u00e9ponse personnalis\u00e9\u00a0vincent@opecheurdelune.com\u00a0<\/p>\n","protected":false},"featured_media":9938,"comment_status":"closed","ping_status":"closed","template":"","meta":{"_seopress_robots_primary_cat":"","_seopress_titles_title":"","_seopress_titles_desc":"","_seopress_robots_index":"","_gspb_post_css":"","inline_featured_image":false},"product_brand":[],"product_cat":[334],"product_tag":[],"berocket_brand":[],"class_list":{"0":"post-10784","1":"product","2":"type-product","3":"status-publish","4":"has-post-thumbnail","6":"product_cat-tables-en","8":"first","9":"instock","10":"taxable","11":"shipping-taxable","12":"purchasable","13":"product-type-simple"},"_links":{"self":[{"href":"https:\/\/opecheurdelune.com\/en\/wp-json\/wp\/v2\/product\/10784","targetHints":{"allow":["GET"]}}],"collection":[{"href":"https:\/\/opecheurdelune.com\/en\/wp-json\/wp\/v2\/product"}],"about":[{"href":"https:\/\/opecheurdelune.com\/en\/wp-json\/wp\/v2\/types\/product"}],"replies":[{"embeddable":true,"href":"https:\/\/opecheurdelune.com\/en\/wp-json\/wp\/v2\/comments?post=10784"}],"wp:featuredmedia":[{"embeddable":true,"href":"https:\/\/opecheurdelune.com\/en\/wp-json\/wp\/v2\/media\/9938"}],"wp:attachment":[{"href":"https:\/\/opecheurdelune.com\/en\/wp-json\/wp\/v2\/media?parent=10784"}],"wp:term":[{"taxonomy":"product_brand","embeddable":true,"href":"https:\/\/opecheurdelune.com\/en\/wp-json\/wp\/v2\/product_brand?post=10784"},{"taxonomy":"product_cat","embeddable":true,"href":"https:\/\/opecheurdelune.com\/en\/wp-json\/wp\/v2\/product_cat?post=10784"},{"taxonomy":"product_tag","embeddable":true,"href":"https:\/\/opecheurdelune.com\/en\/wp-json\/wp\/v2\/product_tag?post=10784"},{"taxonomy":"berocket_brand","embeddable":true,"href":"https:\/\/opecheurdelune.com\/en\/wp-json\/wp\/v2\/berocket_brand?post=10784"}],"curies":[{"name":"wp","href":"https:\/\/api.w.org\/{rel}","templated":true}]}}