{"id":10783,"date":"2025-10-19T21:32:32","date_gmt":"2025-10-19T19:32:32","guid":{"rendered":"https:\/\/opecheurdelune.com\/product\/table-de-conference-de-rainer-daumiller-pour-hirtshals-savvaerk-mobler-1980\/"},"modified":"2025-10-19T21:32:51","modified_gmt":"2025-10-19T19:32:51","slug":"table-de-conference-de-rainer-daumiller-pour-hirtshals-savvaerk-mobler-1980","status":"publish","type":"product","link":"https:\/\/opecheurdelune.com\/en\/product\/table-de-conference-de-rainer-daumiller-pour-hirtshals-savvaerk-mobler-1980\/","title":{"rendered":"Table de conf\u00e9rence de Rainer Daumiller pour hirtshals savv\u00e6rk m\u00f8bler , 1980"},"content":{"rendered":"<p><span>Importante table de conf\u00e9rence en pin de Rainer Daumiller pour Hirtshals Savv\u00e6rk m\u00f8bler dans les ann\u00e9es 1980. La table se compose de 2 tables rectangulaires et 2 consoles demi lune.\u00a0La table provient de la salle du conseil d&#8217;administration d&#8217;une entreprise milanaise qui avait command\u00e9 sp\u00e9cialement la table pour cette pi\u00e8ce de l&#8217;immeuble.\u00a0<\/span><\/p>\n<p><span>Dimensions Hors tout :<\/span><\/p>\n<p><span>Hauteur 77 cm, longueur 485 cm, largueur 184 cm, \u00e9paisseur plateau 10 cm.<\/span><\/p>\n<p><span>Tableau des dimensions rectangle :<\/span><\/p>\n<p><span>Hauteur 77 cm, longueur 301 cm, largueur76 cm, \u00e9paisseur plateau 10 cm.<\/span><\/p>\n<p><span>Hauteur 77 cm, longueur console 184 cm, profondeur 92 cm, \u00e9paisseur plateau 10 cm.<\/span><\/p>\n<p class=\"BodyA\"><span>Daumiller a toujours \u00e9t\u00e9 attir\u00e9 par la durabilit\u00e9 et la simplicit\u00e9, tant dans sa vie que dans son travail.\u00a0Les formes robustes et sculpturales de ses cr\u00e9ations t\u00e9moignent d&#8217;un amour de toujours pour le monde naturel et d&#8217;une compr\u00e9hension intuitive des mat\u00e9riaux &#8211; la capacit\u00e9 de prendre ce qui est l\u00e0, de r\u00e9pondre \u00e0 ses propri\u00e9t\u00e9s inh\u00e9rentes et de cr\u00e9er quelque chose de sp\u00e9cial .<\/span><\/p>\n<p class=\"BodyA\"><span>Tous les meubles cr\u00e9\u00e9s en d\u00e9marche pin par le designer d&#8217;origine allemand Rainer Daumiller expriment ses valeurs et sa de designer.\u00a0<\/span>\u00a0<span>De construction solide, de forme simple et d&#8217;expression sculpturale, sa mat\u00e9rialit\u00e9 simple et sa composition robuste rendent hommage \u00e0 la connexion de Daumiller avec la nature.\u00a0<\/span>\u00a0<span>De plus, le choix du pin comme mat\u00e9riau par le designer d\u00e9montre une mise en valeur \u00e0 la durabilit\u00e9 qui \u00e9tait en avance sur son temps.<\/span><\/p>\n<p>&nbsp;<\/p>\n<p>Des questions sur le produit, la logistique, la facture o\u00f9 le mode de r\u00e8glement une seule adresse pour obtenir votre r\u00e9ponse personnalis\u00e9e\u00a0\u00a0<a href=\"https:\/\/old.opecheurdelune.com\/contact-o-pecheur-de-lune\" target=\"_blank\" rel=\"noopener\">vincent@opecheurdelune.com<\/a><\/p>\n","protected":false},"excerpt":{"rendered":"<p>Importante table de conf\u00e9rence en pin de Rainer Daumiller pour Hirtshals Savv\u00e6rk m\u00f8bler dans les ann\u00e9es 1980. La table se compose de 2 tables rectangulaires et 2 consoles demi lune.\u00a0La table provient de la salle du conseil d&#8217;administration d&#8217;une entreprise milanaise qui avait command\u00e9 sp\u00e9cialement la table pour cette pi\u00e8ce de l&#8217;immeuble.\u00a0 Dimensions Hors tout : Hauteur 77 cm, longueur 485 cm, largueur 184 cm, \u00e9paisseur plateau 10 cm. Tableau des dimensions rectangle : Hauteur 77 cm, longueur 301 cm, largueur76 cm, \u00e9paisseur plateau 10 cm. Hauteur 77 cm, longueur console 184 cm, profondeur 92 cm, \u00e9paisseur plateau 10 cm. Daumiller a toujours \u00e9t\u00e9 attir\u00e9 par la durabilit\u00e9 et la simplicit\u00e9, tant dans sa vie que dans son travail.\u00a0Les formes robustes et sculpturales de ses cr\u00e9ations t\u00e9moignent d&#8217;un amour de toujours pour le monde naturel et d&#8217;une compr\u00e9hension intuitive des mat\u00e9riaux &#8211; la capacit\u00e9 de prendre ce qui est l\u00e0, de r\u00e9pondre \u00e0 ses propri\u00e9t\u00e9s inh\u00e9rentes et de cr\u00e9er quelque chose de sp\u00e9cial . Tous les meubles cr\u00e9\u00e9s en d\u00e9marche pin par le designer d&#8217;origine allemand Rainer Daumiller expriment ses valeurs et sa de designer.\u00a0\u00a0De construction solide, de forme simple et d&#8217;expression sculpturale, sa mat\u00e9rialit\u00e9 simple et sa composition robuste rendent hommage \u00e0 la connexion de Daumiller avec la nature.\u00a0\u00a0De plus, le choix du pin comme mat\u00e9riau par le designer d\u00e9montre une mise en valeur \u00e0 la durabilit\u00e9 qui \u00e9tait en avance sur son temps. &nbsp; Des questions sur le produit, la logistique, la facture o\u00f9 le mode de r\u00e8glement une seule adresse pour obtenir votre r\u00e9ponse personnalis\u00e9e\u00a0\u00a0vincent@opecheurdelune.com<\/p>\n","protected":false},"featured_media":9838,"comment_status":"closed","ping_status":"closed","template":"","meta":{"_seopress_robots_primary_cat":"","_seopress_titles_title":"","_seopress_titles_desc":"","_seopress_robots_index":"","_gspb_post_css":"","inline_featured_image":false},"product_brand":[],"product_cat":[334],"product_tag":[],"berocket_brand":[],"class_list":{"0":"post-10783","1":"product","2":"type-product","3":"status-publish","4":"has-post-thumbnail","6":"product_cat-tables-en","8":"first","9":"instock","10":"taxable","11":"shipping-taxable","12":"purchasable","13":"product-type-simple"},"_links":{"self":[{"href":"https:\/\/opecheurdelune.com\/en\/wp-json\/wp\/v2\/product\/10783","targetHints":{"allow":["GET"]}}],"collection":[{"href":"https:\/\/opecheurdelune.com\/en\/wp-json\/wp\/v2\/product"}],"about":[{"href":"https:\/\/opecheurdelune.com\/en\/wp-json\/wp\/v2\/types\/product"}],"replies":[{"embeddable":true,"href":"https:\/\/opecheurdelune.com\/en\/wp-json\/wp\/v2\/comments?post=10783"}],"wp:featuredmedia":[{"embeddable":true,"href":"https:\/\/opecheurdelune.com\/en\/wp-json\/wp\/v2\/media\/9838"}],"wp:attachment":[{"href":"https:\/\/opecheurdelune.com\/en\/wp-json\/wp\/v2\/media?parent=10783"}],"wp:term":[{"taxonomy":"product_brand","embeddable":true,"href":"https:\/\/opecheurdelune.com\/en\/wp-json\/wp\/v2\/product_brand?post=10783"},{"taxonomy":"product_cat","embeddable":true,"href":"https:\/\/opecheurdelune.com\/en\/wp-json\/wp\/v2\/product_cat?post=10783"},{"taxonomy":"product_tag","embeddable":true,"href":"https:\/\/opecheurdelune.com\/en\/wp-json\/wp\/v2\/product_tag?post=10783"},{"taxonomy":"berocket_brand","embeddable":true,"href":"https:\/\/opecheurdelune.com\/en\/wp-json\/wp\/v2\/berocket_brand?post=10783"}],"curies":[{"name":"wp","href":"https:\/\/api.w.org\/{rel}","templated":true}]}}