{"id":10782,"date":"2024-10-19T19:32:38","date_gmt":"2024-10-19T17:32:38","guid":{"rendered":"https:\/\/opecheurdelune.com\/product\/822\/"},"modified":"2025-10-23T21:04:25","modified_gmt":"2025-10-23T19:04:25","slug":"822","status":"publish","type":"product","link":"https:\/\/opecheurdelune.com\/en\/product\/822\/","title":{"rendered":"Table basse lumineuse de Philippe jean, 1970."},"content":{"rendered":"<section class=\"product__description margin--top-bottom--medium\" aria-labelledby=\"nav-label__product-description\">\n<div>\n<div id=\"tab-1\" role=\"tabpanel\" aria-labelledby=\"tabby-toggle_tab-1\">\n<div class=\"rte\">\n<div class=\"description\">\n<p>Table basse de salon ou de cocktail Lightning en Lucite et m\u00e9tal avec plateau en verre du designer Philippe Jean travail fran\u00e7ais des ann\u00e9es 1970.<\/p>\n<p>Philippe Jean, (1931-1987)\u00a0est un\u00a0sculpteur et designer fran\u00e7ais des ann\u00e9es 1970.<\/p>\n<p>D\u00e8s le d\u00e9but des ann\u00e9es 1970, Philippe Jean, se lance dans la cr\u00e9ation et la fabrication de luminaires\u00a0et de mobiliers contemporains\u00a0m\u00ealant inox et plexiglas.<\/p>\n<p>Il expose r\u00e9guli\u00e8rement ses cr\u00e9ations au Salon des Ateliers d\u2019Art et de la Cr\u00e9ation et au Salon du Luminaire \u00e0 Paris.<\/p>\n<p>En 1976, il participe au premier Salon International du Luminaire de Milan (Euroluce) o\u00f9 il expose plusieurs ann\u00e9es de suite. Il expose \u00e9galement au salon de Francfort en Allemagne. L\u2019originalit\u00e9 de ses cr\u00e9ations, diffus\u00e9es dans le monde entier, lui vaudra de nombreuses r\u00e9compenses.<\/p>\n<p>&nbsp;<\/p>\n<p>Des questions sur le produit, la logistique, la facture o\u00f9 le mode de r\u00e8glement une seule adresse pour obtenir votre r\u00e9ponse personnalis\u00e9\u00a0<a href=\"https:\/\/old.opecheurdelune.com\/contact-o-pecheur-de-lune\" target=\"_blank\" rel=\"noopener noreferrer\">vincent@opecheurdelune.com<\/a><\/p>\n<\/div>\n<\/div>\n<\/div>\n<\/div>\n<\/section>\n<\/div>\n","protected":false},"excerpt":{"rendered":"<p>Table basse de salon ou de cocktail Lightning en Lucite et m\u00e9tal avec plateau en verre du designer Philippe Jean travail fran\u00e7ais des ann\u00e9es 1970. Philippe Jean, (1931-1987)\u00a0est un\u00a0sculpteur et designer fran\u00e7ais des ann\u00e9es 1970. D\u00e8s le d\u00e9but des ann\u00e9es 1970, Philippe Jean, se lance dans la cr\u00e9ation et la fabrication de luminaires\u00a0et de mobiliers contemporains\u00a0m\u00ealant inox et plexiglas. Il expose r\u00e9guli\u00e8rement ses cr\u00e9ations au Salon des Ateliers d\u2019Art et de la Cr\u00e9ation et au Salon du Luminaire \u00e0 Paris. En 1976, il participe au premier Salon International du Luminaire de Milan (Euroluce) o\u00f9 il expose plusieurs ann\u00e9es de suite. Il expose \u00e9galement au salon de Francfort en Allemagne. L\u2019originalit\u00e9 de ses cr\u00e9ations, diffus\u00e9es dans le monde entier, lui vaudra de nombreuses r\u00e9compenses. &nbsp; Des questions sur le produit, la logistique, la facture o\u00f9 le mode de r\u00e8glement une seule adresse pour obtenir votre r\u00e9ponse personnalis\u00e9\u00a0vincent@opecheurdelune.com<\/p>\n","protected":false},"featured_media":9917,"comment_status":"closed","ping_status":"closed","template":"","meta":{"_seopress_robots_primary_cat":"","_seopress_titles_title":"","_seopress_titles_desc":"","_seopress_robots_index":"","_gspb_post_css":"","inline_featured_image":false},"product_brand":[],"product_cat":[334],"product_tag":[],"berocket_brand":[],"class_list":{"0":"post-10782","1":"product","2":"type-product","3":"status-publish","4":"has-post-thumbnail","6":"product_cat-tables-en","8":"first","9":"outofstock","10":"taxable","11":"shipping-taxable","12":"purchasable","13":"product-type-simple"},"_links":{"self":[{"href":"https:\/\/opecheurdelune.com\/en\/wp-json\/wp\/v2\/product\/10782","targetHints":{"allow":["GET"]}}],"collection":[{"href":"https:\/\/opecheurdelune.com\/en\/wp-json\/wp\/v2\/product"}],"about":[{"href":"https:\/\/opecheurdelune.com\/en\/wp-json\/wp\/v2\/types\/product"}],"replies":[{"embeddable":true,"href":"https:\/\/opecheurdelune.com\/en\/wp-json\/wp\/v2\/comments?post=10782"}],"wp:featuredmedia":[{"embeddable":true,"href":"https:\/\/opecheurdelune.com\/en\/wp-json\/wp\/v2\/media\/9917"}],"wp:attachment":[{"href":"https:\/\/opecheurdelune.com\/en\/wp-json\/wp\/v2\/media?parent=10782"}],"wp:term":[{"taxonomy":"product_brand","embeddable":true,"href":"https:\/\/opecheurdelune.com\/en\/wp-json\/wp\/v2\/product_brand?post=10782"},{"taxonomy":"product_cat","embeddable":true,"href":"https:\/\/opecheurdelune.com\/en\/wp-json\/wp\/v2\/product_cat?post=10782"},{"taxonomy":"product_tag","embeddable":true,"href":"https:\/\/opecheurdelune.com\/en\/wp-json\/wp\/v2\/product_tag?post=10782"},{"taxonomy":"berocket_brand","embeddable":true,"href":"https:\/\/opecheurdelune.com\/en\/wp-json\/wp\/v2\/berocket_brand?post=10782"}],"curies":[{"name":"wp","href":"https:\/\/api.w.org\/{rel}","templated":true}]}}