{"id":10781,"date":"2025-10-19T21:32:32","date_gmt":"2025-10-19T19:32:32","guid":{"rendered":"https:\/\/opecheurdelune.com\/product\/table-basse-t830-pierre-paulin-pour-artifort1966\/"},"modified":"2025-10-19T21:32:51","modified_gmt":"2025-10-19T19:32:51","slug":"table-basse-t830-pierre-paulin-pour-artifort1966","status":"publish","type":"product","link":"https:\/\/opecheurdelune.com\/en\/product\/table-basse-t830-pierre-paulin-pour-artifort1966\/","title":{"rendered":"Table basse T830 Pierre Paulin pour Artifort,1966"},"content":{"rendered":"<p>Table basse ronde pied tulipe T830 Pierre Paulin pour Artifort 1966 pi\u00e8tement plastique fut pied metal plateau m\u00e9lamin\u00e9 sur bois contreplaqu\u00e9 tr\u00e8s belle patine piece rare et en bonne \u00e9tat<\/p>\n<p>hauteur 38 cm diam\u00e8tre 99 cm<\/p>\n<p>Pierre Paulin\u00a0(1927-2009)\u00a0est un\u00a0designer fran\u00e7ais\u00a0Son talent r\u00e9side dans un passage de la d\u00e9coration au design assez caract\u00e9ristique de celui d&#8217;apr\u00e8s guerre en France et dans les mat\u00e9riaux utilis\u00e9s pour la fabrication des si\u00e8ges. Ceux-ci sont rembourr\u00e9s de mousse et habill\u00e9s de\u00a0jersey.<\/p>\n<p>En 1958, la maison d\u2019\u00e9dition de meubles\u00a0Artifort, bas\u00e9e \u00e0\u00a0Maastricht\u00a0d\u00e9cide de s\u2019orienter vers le meuble contemporain et rassemble une \u00e9quipe de cr\u00e9ateurs parmi lesquels Pierre Paulin. Ainsi, de 1960 \u00e0 1970, Pierre Paulin d\u00e9veloppe pour Artifort une gamme de si\u00e8ges faits de coques en bois moul\u00e9 garnies de mousse et habill\u00e9es de housses pr\u00e9fabriqu\u00e9es en tissu extensible, aux formes souples et arrondies, aux couleurs vives<\/p>\n<p>Il est l&#8217;un des\u00a0<span class=\"citation\">\u00ab\u00a0plus grands designers de son temps\u00a0\u00bb<\/span>\u00a0et sujet de nombreux ouvrages et r\u00e9trospectives.<\/p>\n<p>&nbsp;<\/p>\n<p>Des questions sur le produit, la logistique, la facture o\u00f9 le mode de r\u00e8glement une seule adresse pour obtenir votre r\u00e9ponse personnalis\u00e9\u00a0<a href=\"https:\/\/old.opecheurdelune.com\/contact-o-pecheur-de-lune\" target=\"_blank\" rel=\"noopener noreferrer\">vincent@opecheurdelune.com<\/a><\/p>\n","protected":false},"excerpt":{"rendered":"<p>Table basse ronde pied tulipe T830 Pierre Paulin pour Artifort 1966 pi\u00e8tement plastique fut pied metal plateau m\u00e9lamin\u00e9 sur bois contreplaqu\u00e9 tr\u00e8s belle patine piece rare et en bonne \u00e9tat hauteur 38 cm diam\u00e8tre 99 cm Pierre Paulin\u00a0(1927-2009)\u00a0est un\u00a0designer fran\u00e7ais\u00a0Son talent r\u00e9side dans un passage de la d\u00e9coration au design assez caract\u00e9ristique de celui d&#8217;apr\u00e8s guerre en France et dans les mat\u00e9riaux utilis\u00e9s pour la fabrication des si\u00e8ges. Ceux-ci sont rembourr\u00e9s de mousse et habill\u00e9s de\u00a0jersey. En 1958, la maison d\u2019\u00e9dition de meubles\u00a0Artifort, bas\u00e9e \u00e0\u00a0Maastricht\u00a0d\u00e9cide de s\u2019orienter vers le meuble contemporain et rassemble une \u00e9quipe de cr\u00e9ateurs parmi lesquels Pierre Paulin. Ainsi, de 1960 \u00e0 1970, Pierre Paulin d\u00e9veloppe pour Artifort une gamme de si\u00e8ges faits de coques en bois moul\u00e9 garnies de mousse et habill\u00e9es de housses pr\u00e9fabriqu\u00e9es en tissu extensible, aux formes souples et arrondies, aux couleurs vives Il est l&#8217;un des\u00a0\u00ab\u00a0plus grands designers de son temps\u00a0\u00bb\u00a0et sujet de nombreux ouvrages et r\u00e9trospectives. &nbsp; Des questions sur le produit, la logistique, la facture o\u00f9 le mode de r\u00e8glement une seule adresse pour obtenir votre r\u00e9ponse personnalis\u00e9\u00a0vincent@opecheurdelune.com<\/p>\n","protected":false},"featured_media":9908,"comment_status":"closed","ping_status":"closed","template":"","meta":{"_seopress_robots_primary_cat":"","_seopress_titles_title":"","_seopress_titles_desc":"","_seopress_robots_index":"","_gspb_post_css":"","inline_featured_image":false},"product_brand":[],"product_cat":[334],"product_tag":[],"berocket_brand":[],"class_list":{"0":"post-10781","1":"product","2":"type-product","3":"status-publish","4":"has-post-thumbnail","6":"product_cat-tables-en","8":"first","9":"instock","10":"taxable","11":"shipping-taxable","12":"purchasable","13":"product-type-simple"},"_links":{"self":[{"href":"https:\/\/opecheurdelune.com\/en\/wp-json\/wp\/v2\/product\/10781","targetHints":{"allow":["GET"]}}],"collection":[{"href":"https:\/\/opecheurdelune.com\/en\/wp-json\/wp\/v2\/product"}],"about":[{"href":"https:\/\/opecheurdelune.com\/en\/wp-json\/wp\/v2\/types\/product"}],"replies":[{"embeddable":true,"href":"https:\/\/opecheurdelune.com\/en\/wp-json\/wp\/v2\/comments?post=10781"}],"wp:featuredmedia":[{"embeddable":true,"href":"https:\/\/opecheurdelune.com\/en\/wp-json\/wp\/v2\/media\/9908"}],"wp:attachment":[{"href":"https:\/\/opecheurdelune.com\/en\/wp-json\/wp\/v2\/media?parent=10781"}],"wp:term":[{"taxonomy":"product_brand","embeddable":true,"href":"https:\/\/opecheurdelune.com\/en\/wp-json\/wp\/v2\/product_brand?post=10781"},{"taxonomy":"product_cat","embeddable":true,"href":"https:\/\/opecheurdelune.com\/en\/wp-json\/wp\/v2\/product_cat?post=10781"},{"taxonomy":"product_tag","embeddable":true,"href":"https:\/\/opecheurdelune.com\/en\/wp-json\/wp\/v2\/product_tag?post=10781"},{"taxonomy":"berocket_brand","embeddable":true,"href":"https:\/\/opecheurdelune.com\/en\/wp-json\/wp\/v2\/berocket_brand?post=10781"}],"curies":[{"name":"wp","href":"https:\/\/api.w.org\/{rel}","templated":true}]}}