{"id":10778,"date":"2025-10-19T21:32:32","date_gmt":"2025-10-19T19:32:32","guid":{"rendered":"https:\/\/opecheurdelune.com\/product\/mathieu-sodore-pour-antoni-tapies-100cm\/"},"modified":"2025-10-23T15:23:46","modified_gmt":"2025-10-23T13:23:46","slug":"mathieu-sodore-pour-antoni-tapies-100cm","status":"publish","type":"product","link":"https:\/\/opecheurdelune.com\/en\/product\/mathieu-sodore-pour-antoni-tapies-100cm\/","title":{"rendered":"Mathieu Sodore, pour Antoni T\u00e0pies 100cm"},"content":{"rendered":"<p>Hommage de Mathieu Sodore &#8220;pour Antoni T\u00e0pies&#8221; 100 cm x 100 cm<\/p>\n<p>Technique mixte encre de chine et acrylique sur bois. 2005<\/p>\n<p class=\"font_8\">Originaire du Sud-Ouest de la France Mathieu Sodore est n\u00e9 le 13 juin 1962. Etudes \u00e0 la facult\u00e9 d&#8217;arts plastiques de Bordeaux (Ecole des Beaux-arts et Universit\u00e9 de Bordeaux III). Il y obtient une ma\u00eetrise en 1984 et un CAPES d&#8217;arts plastiques en 1985.<\/p>\n<p class=\"font_8\">En juillet 2001 il s&#8217;installe au Portugal, \u00e0 Lisbonne.<\/p>\n<p class=\"font_8\">\u00a0Mathieu Sodore commence \u00e0 exposer dans les ann\u00e9es 80. Son travail \u00e0 \u00e9t\u00e9 depuis lors montr\u00e9 \u00e0 de nombreuses reprises tant en France qu\u2019\u00e0 l\u2019\u00e9tranger.<\/p>\n<p class=\"font_8\">Signalons sa participation \u00e0 l\u2019exposition itin\u00e9rante Internation\u2019art \u00e0 la galerie de Nesle \u00e0 Paris et au cercle San Lluc \u00e0 Barcelone (Espagne) en 1990; au Salon de Montrouge en 1993 et en 1996 et au Salon Grands et jeunes d\u2019aujourd\u2019hui \u00e0 Paris en 1997,1998 et 1999. Toujours en 1999 Mathieu Sodore fait partie de la s\u00e9lection fran\u00e7aise de ce Salon et expose au Mus\u00e9e d\u2019Art Moderne de Dubrovnik (Croatie). En 2006 il participe \u00e0 Arte Lisboa, foire internationale d\u2019art contemporain de Lisbonne (Portugal), sur le stand de la galerie Monumental. En 2010 il fait partie de l\u2019exposition itin\u00e9rante Toreador pr\u00e9sent\u00e9e \u00e0 N\u00eemes cette ann\u00e9e l\u00e0\u00a0 puis en 2011 \u00e0 Arles et Madrid (Espagne) et en 2012 \u00e0 Ciudad Rodrigo et \u00e0 S\u00e9ville (Espagne). En 2013 il participe \u00e0 une r\u00e9sidence artistique et \u00e0 une exposition collective au Maroc \u00e0 l&#8217;espace Al Maqam (Tahanaout). En 2016 il expose \u00e0 la galerie Atalante \u00e0 Madrid.<\/p>\n<p class=\"font_8\">\u00a0Parmi ses expositions individuelles depuis 2000 retenons Le po\u00e8te debout \u00e0 la Maison-Mus\u00e9e Fernando Pessoa \u00e0 Lisbonne en 2002, Inpetto \u00e0 la Chapelle des Carmes\/Mus\u00e9e de Borda \u00e0 Dax en 2004, Figuras \u00e0 la Chapelle des J\u00e9suites \u00e0 N\u00eemes en 2005, Conhecer\/Reconhecer \u00e0 la galerie Monumental \u00e0 Lisbonne en 2007 et La m\u00fasica callada del cantaor dans le cadre du festival \u201cArte flamenco\u201d \u00e0 Mont de Marsan en 2009 et \u00e0 l\u2019Institut Fran\u00e7ais \u00e0 Lisbonne en 2010. En 2011 il r\u00e9alise une exposition\/installation en hommage \u00e0 Goya dans les ar\u00e8nes de Garlin. En 2013 il expose \u00e0 Madrid au Matadero centre de cr\u00e9ation contemporaine. En 2014 il est invit\u00e9 au Japon\u00a0 par la fondation Tiempo Iberoamericano et expose \u00e0 Fukuoka \u00e0 la galerie Taller. En 2015 il pr\u00e9sente l&#8217;exposition La soledad sonora \u00e0 Saragosse dans le centre culturel Joaqu\u00edn Roncal et \u00e0 Madrid dans le centre culturel Pilar Mir\u00f3. Il expose cette m\u00eame ann\u00e9e la s\u00e9rie On nous presse au Passevite, nouvelle galerie de Lisbonne. En 2016 il propose, de nouveau \u00e0 Lisbonne dans la galerie Passevite, la s\u00e9rie Vidas Queimadas.<\/p>\n<p class=\"font_8\">\u00a0En 2009 le cin\u00e9aste Floreal Peleato r\u00e9alise un long-m\u00e9trage documentaire intitul\u00e9 La mano azul (La main bleue), consacr\u00e9 \u00e0 la peinture de Mathieu Sodore. Projections du film en France, Espagne, Portugal, Mexique, Colombie, Allemagne, Chili, Bolivie, Maroc, Uruguay, Br\u00e9sil et Japon.<\/p>\n<p class=\"font_8\">En 2011 un chapitre est consacr\u00e9 \u00e0 ce film dans l\u2019ouvrage Biographies de peintres \u00e0 l\u2019\u00e9cran coordonn\u00e9 par Patricia-Laure Thivat, paru aux Presses Universitaires de Rennes.<\/p>\n<p class=\"font_8\">\u00a0En 2015, il cr\u00e9e dans le centre de Lisbonne l\u2019atelier\/galerie Passevite, lieu d&#8217;accueil et de production artistique alternative. Centr\u00e9 sur la cr\u00e9ation contemporaine et la diffusion culturelle le Passevite propose une programmation ouverte aux langages et aux genres artistiques les plus divers.<\/p>\n<p class=\"font_8\">D\u2019autres activit\u00e9s li\u00e9es \u00e0 l\u2019art alternent avec sa peinture : \u00e9criture et illustration d\u2019ouvrages, enseignement, r\u00e9alisation d\u2019affiches, conf\u00e9rences. Il a \u00e9galement collabor\u00e9 \u00e0 divers journaux et revues et particip\u00e9 \u00e0 l\u2019\u00e9laboration de films, de spectacles musicaux et de pi\u00e8ces de th\u00e9\u00e2tre.<\/p>\n<p class=\"font_8\">\n<p class=\"font_8\">Des questions sur le produit, la logistique, la facture o\u00f9 le mode de r\u00e8glement une seule adresse pour obtenir votre r\u00e9ponse personnalis\u00e9\u00a0<a href=\"https:\/\/old.opecheurdelune.com\/contact-o-pecheur-de-lune\" target=\"_blank\" rel=\"noopener noreferrer\">vincent@opecheurdelune.com<\/a><\/p>\n","protected":false},"excerpt":{"rendered":"<p>Hommage de Mathieu Sodore &#8220;pour Antoni T\u00e0pies&#8221; 100 cm x 100 cm Technique mixte encre de chine et acrylique sur bois. 2005 Originaire du Sud-Ouest de la France Mathieu Sodore est n\u00e9 le 13 juin 1962. Etudes \u00e0 la facult\u00e9 d&#8217;arts plastiques de Bordeaux (Ecole des Beaux-arts et Universit\u00e9 de Bordeaux III). Il y obtient une ma\u00eetrise en 1984 et un CAPES d&#8217;arts plastiques en 1985. En juillet 2001 il s&#8217;installe au Portugal, \u00e0 Lisbonne. \u00a0Mathieu Sodore commence \u00e0 exposer dans les ann\u00e9es 80. Son travail \u00e0 \u00e9t\u00e9 depuis lors montr\u00e9 \u00e0 de nombreuses reprises tant en France qu\u2019\u00e0 l\u2019\u00e9tranger. Signalons sa participation \u00e0 l\u2019exposition itin\u00e9rante Internation\u2019art \u00e0 la galerie de Nesle \u00e0 Paris et au cercle San Lluc \u00e0 Barcelone (Espagne) en 1990; au Salon de Montrouge en 1993 et en 1996 et au Salon Grands et jeunes d\u2019aujourd\u2019hui \u00e0 Paris en 1997,1998 et 1999. Toujours en 1999 Mathieu Sodore fait partie de la s\u00e9lection fran\u00e7aise de ce Salon et expose au Mus\u00e9e d\u2019Art Moderne de Dubrovnik (Croatie). En 2006 il participe \u00e0 Arte Lisboa, foire internationale d\u2019art contemporain de Lisbonne (Portugal), sur le stand de la galerie Monumental. En 2010 il fait partie de l\u2019exposition itin\u00e9rante Toreador pr\u00e9sent\u00e9e \u00e0 N\u00eemes cette ann\u00e9e l\u00e0\u00a0 puis en 2011 \u00e0 Arles et Madrid (Espagne) et en 2012 \u00e0 Ciudad Rodrigo et \u00e0 S\u00e9ville (Espagne). En 2013 il participe \u00e0 une r\u00e9sidence artistique et \u00e0 une exposition collective au Maroc \u00e0 l&#8217;espace Al Maqam (Tahanaout). En 2016 il expose \u00e0 la galerie Atalante \u00e0 Madrid. \u00a0Parmi ses expositions individuelles depuis 2000 retenons Le po\u00e8te debout \u00e0 la Maison-Mus\u00e9e Fernando Pessoa \u00e0 Lisbonne en 2002, Inpetto \u00e0 la Chapelle des Carmes\/Mus\u00e9e de Borda \u00e0 Dax en 2004, Figuras \u00e0 la Chapelle des J\u00e9suites \u00e0 N\u00eemes en 2005, Conhecer\/Reconhecer \u00e0 la galerie Monumental \u00e0 Lisbonne en 2007 et La m\u00fasica callada del cantaor dans le cadre du festival \u201cArte flamenco\u201d \u00e0 Mont de Marsan en 2009 et \u00e0 l\u2019Institut Fran\u00e7ais \u00e0 Lisbonne en 2010. En 2011 il r\u00e9alise une exposition\/installation en hommage \u00e0 Goya dans les ar\u00e8nes de Garlin. En 2013 il expose \u00e0 Madrid au Matadero centre de cr\u00e9ation contemporaine. En 2014 il est invit\u00e9 au Japon\u00a0 par la fondation Tiempo Iberoamericano et expose \u00e0 Fukuoka \u00e0 la galerie Taller. En 2015 il pr\u00e9sente l&#8217;exposition La soledad sonora \u00e0 Saragosse dans le centre culturel Joaqu\u00edn Roncal et \u00e0 Madrid dans le centre culturel Pilar Mir\u00f3. Il expose cette m\u00eame ann\u00e9e la s\u00e9rie On nous presse au Passevite, nouvelle galerie de Lisbonne. En 2016 il propose, de nouveau \u00e0 Lisbonne dans la galerie Passevite, la s\u00e9rie Vidas Queimadas. \u00a0En 2009 le cin\u00e9aste Floreal Peleato r\u00e9alise un long-m\u00e9trage documentaire intitul\u00e9 La mano azul (La main bleue), consacr\u00e9 \u00e0 la peinture de Mathieu Sodore. Projections du film en France, Espagne, Portugal, Mexique, Colombie, Allemagne, Chili, Bolivie, Maroc, Uruguay, Br\u00e9sil et Japon. En 2011 un chapitre est consacr\u00e9 \u00e0 ce film dans l\u2019ouvrage Biographies de peintres \u00e0 l\u2019\u00e9cran coordonn\u00e9 par Patricia-Laure Thivat, paru aux Presses Universitaires de Rennes. \u00a0En 2015, il cr\u00e9e dans le centre de Lisbonne l\u2019atelier\/galerie Passevite, lieu d&#8217;accueil et de production artistique alternative. Centr\u00e9 sur la cr\u00e9ation contemporaine et la diffusion culturelle le Passevite propose une programmation ouverte aux langages et aux genres artistiques les plus divers. D\u2019autres activit\u00e9s li\u00e9es \u00e0 l\u2019art alternent avec sa peinture : \u00e9criture et illustration d\u2019ouvrages, enseignement, r\u00e9alisation d\u2019affiches, conf\u00e9rences. Il a \u00e9galement collabor\u00e9 \u00e0 divers journaux et revues et particip\u00e9 \u00e0 l\u2019\u00e9laboration de films, de spectacles musicaux et de pi\u00e8ces de th\u00e9\u00e2tre. Des questions sur le produit, la logistique, la facture o\u00f9 le mode de r\u00e8glement une seule adresse pour obtenir votre r\u00e9ponse personnalis\u00e9\u00a0vincent@opecheurdelune.com<\/p>\n","protected":false},"featured_media":9980,"comment_status":"closed","ping_status":"closed","template":"","meta":{"_seopress_robots_primary_cat":"","_seopress_titles_title":"","_seopress_titles_desc":"","_seopress_robots_index":"","_gspb_post_css":"","inline_featured_image":false},"product_brand":[],"product_cat":[331],"product_tag":[],"berocket_brand":[353],"class_list":{"0":"post-10778","1":"product","2":"type-product","3":"status-publish","4":"has-post-thumbnail","6":"product_cat-contemporary-art","7":"berocket_brand-mathieu-sodore-en","9":"first","10":"instock","11":"taxable","12":"shipping-taxable","13":"purchasable","14":"product-type-simple"},"_links":{"self":[{"href":"https:\/\/opecheurdelune.com\/en\/wp-json\/wp\/v2\/product\/10778","targetHints":{"allow":["GET"]}}],"collection":[{"href":"https:\/\/opecheurdelune.com\/en\/wp-json\/wp\/v2\/product"}],"about":[{"href":"https:\/\/opecheurdelune.com\/en\/wp-json\/wp\/v2\/types\/product"}],"replies":[{"embeddable":true,"href":"https:\/\/opecheurdelune.com\/en\/wp-json\/wp\/v2\/comments?post=10778"}],"wp:featuredmedia":[{"embeddable":true,"href":"https:\/\/opecheurdelune.com\/en\/wp-json\/wp\/v2\/media\/9980"}],"wp:attachment":[{"href":"https:\/\/opecheurdelune.com\/en\/wp-json\/wp\/v2\/media?parent=10778"}],"wp:term":[{"taxonomy":"product_brand","embeddable":true,"href":"https:\/\/opecheurdelune.com\/en\/wp-json\/wp\/v2\/product_brand?post=10778"},{"taxonomy":"product_cat","embeddable":true,"href":"https:\/\/opecheurdelune.com\/en\/wp-json\/wp\/v2\/product_cat?post=10778"},{"taxonomy":"product_tag","embeddable":true,"href":"https:\/\/opecheurdelune.com\/en\/wp-json\/wp\/v2\/product_tag?post=10778"},{"taxonomy":"berocket_brand","embeddable":true,"href":"https:\/\/opecheurdelune.com\/en\/wp-json\/wp\/v2\/berocket_brand?post=10778"}],"curies":[{"name":"wp","href":"https:\/\/api.w.org\/{rel}","templated":true}]}}