{"id":10776,"date":"2024-10-19T19:32:38","date_gmt":"2024-10-19T17:32:38","guid":{"rendered":"https:\/\/opecheurdelune.com\/product\/vase-en-ceramique-modele-837-pol-chambost-france-1955\/"},"modified":"2025-10-19T21:32:38","modified_gmt":"2025-10-19T19:32:38","slug":"vase-en-ceramique-modele-837-pol-chambost-france-1955","status":"publish","type":"product","link":"https:\/\/opecheurdelune.com\/en\/product\/vase-en-ceramique-modele-837-pol-chambost-france-1955\/","title":{"rendered":"Vase en c\u00e9ramique, mod\u00e8le 837, Pol Chambost, France 1955"},"content":{"rendered":"<p>Vase asym\u00e9trique, mod\u00e8le 837 de Pol Chambost en forme de fleur insectivore, en c\u00e9ramique \u00e0 couverte \u00e9maill\u00e9e jaune anis\u00e9e \u00e0 l&#8217;int\u00e9rieur et noir \u00e0 l&#8217;ext\u00e9rieur, sign\u00e9 &#8220;Poterie Pol Chambost Made in France n\u00b0837&#8221;, vers 1955.<\/p>\n<p>Hauteur 39 cm<\/p>\n<section class=\"product__description margin--top-bottom--medium\" aria-labelledby=\"nav-label__product-description\">\n<div>\n<div id=\"tab-1\" role=\"tabpanel\" aria-labelledby=\"tabby-toggle_tab-1\">\n<div class=\"rte\">\n<div class=\"description\">\n<p>Des questions sur le produit, la logistique, la facture o\u00f9 le mode de r\u00e8glement une seule adresse pour obtenir votre r\u00e9ponse personnalis\u00e9\u00a0<a href=\"https:\/\/old.opecheurdelune.com\/contact-o-pecheur-de-lune\" target=\"_blank\" rel=\"noopener\">vincent@opecheurdelune.com\u00a0<\/a><\/p>\n<p>Pol Chambost \u00e9tait un c\u00e9ramiste fran\u00e7ais renomm\u00e9, n\u00e9 le 30 juillet 1906 \u00e0 Lyon et d\u00e9c\u00e9d\u00e9 le 6 janvier 1983. Il est connu pour son travail dans le domaine de la c\u00e9ramique et de la poterie. Chambost a commenc\u00e9 sa carri\u00e8re en tant que dessinateur textile, mais s&#8217;est rapidement tourn\u00e9 vers la c\u00e9ramique dans les ann\u00e9es 1930. Son style distinctif \u00e9tait caract\u00e9ris\u00e9 par des formes simples et \u00e9l\u00e9gantes. Ses pi\u00e8ces \u00e9taient souvent r\u00e9alis\u00e9es dans des couleurs vives et audacieuses, ce qui les rendait tr\u00e8s reconnaissables. Chambost a jou\u00e9 un r\u00f4le important dans la promotion de la c\u00e9ramique en tant qu&#8217;art d\u00e9coratif en France, et son travail continue d&#8217;\u00eatre appr\u00e9ci\u00e9 par les collectionneurs et les amateurs de c\u00e9ramique \u00e0 travers le monde.<\/p>\n<\/div>\n<\/div>\n<\/div>\n<\/div>\n<\/section>\n","protected":false},"excerpt":{"rendered":"<p>Vase asym\u00e9trique, mod\u00e8le 837 de Pol Chambost en forme de fleur insectivore, en c\u00e9ramique \u00e0 couverte \u00e9maill\u00e9e jaune anis\u00e9e \u00e0 l&#8217;int\u00e9rieur et noir \u00e0 l&#8217;ext\u00e9rieur, sign\u00e9 &#8220;Poterie Pol Chambost Made in France n\u00b0837&#8221;, vers 1955. Hauteur 39 cm Des questions sur le produit, la logistique, la facture o\u00f9 le mode de r\u00e8glement une seule adresse pour obtenir votre r\u00e9ponse personnalis\u00e9\u00a0vincent@opecheurdelune.com\u00a0 Pol Chambost \u00e9tait un c\u00e9ramiste fran\u00e7ais renomm\u00e9, n\u00e9 le 30 juillet 1906 \u00e0 Lyon et d\u00e9c\u00e9d\u00e9 le 6 janvier 1983. Il est connu pour son travail dans le domaine de la c\u00e9ramique et de la poterie. Chambost a commenc\u00e9 sa carri\u00e8re en tant que dessinateur textile, mais s&#8217;est rapidement tourn\u00e9 vers la c\u00e9ramique dans les ann\u00e9es 1930. Son style distinctif \u00e9tait caract\u00e9ris\u00e9 par des formes simples et \u00e9l\u00e9gantes. Ses pi\u00e8ces \u00e9taient souvent r\u00e9alis\u00e9es dans des couleurs vives et audacieuses, ce qui les rendait tr\u00e8s reconnaissables. Chambost a jou\u00e9 un r\u00f4le important dans la promotion de la c\u00e9ramique en tant qu&#8217;art d\u00e9coratif en France, et son travail continue d&#8217;\u00eatre appr\u00e9ci\u00e9 par les collectionneurs et les amateurs de c\u00e9ramique \u00e0 travers le monde.<\/p>\n","protected":false},"featured_media":10070,"comment_status":"closed","ping_status":"closed","template":"","meta":{"_seopress_robots_primary_cat":"","_seopress_titles_title":"","_seopress_titles_desc":"","_seopress_robots_index":"","_gspb_post_css":"","inline_featured_image":false},"product_brand":[],"product_cat":[336],"product_tag":[],"berocket_brand":[],"class_list":{"0":"post-10776","1":"product","2":"type-product","3":"status-publish","4":"has-post-thumbnail","6":"product_cat-objects-artworks","8":"first","9":"outofstock","10":"taxable","11":"shipping-taxable","12":"purchasable","13":"product-type-simple"},"_links":{"self":[{"href":"https:\/\/opecheurdelune.com\/en\/wp-json\/wp\/v2\/product\/10776","targetHints":{"allow":["GET"]}}],"collection":[{"href":"https:\/\/opecheurdelune.com\/en\/wp-json\/wp\/v2\/product"}],"about":[{"href":"https:\/\/opecheurdelune.com\/en\/wp-json\/wp\/v2\/types\/product"}],"replies":[{"embeddable":true,"href":"https:\/\/opecheurdelune.com\/en\/wp-json\/wp\/v2\/comments?post=10776"}],"wp:featuredmedia":[{"embeddable":true,"href":"https:\/\/opecheurdelune.com\/en\/wp-json\/wp\/v2\/media\/10070"}],"wp:attachment":[{"href":"https:\/\/opecheurdelune.com\/en\/wp-json\/wp\/v2\/media?parent=10776"}],"wp:term":[{"taxonomy":"product_brand","embeddable":true,"href":"https:\/\/opecheurdelune.com\/en\/wp-json\/wp\/v2\/product_brand?post=10776"},{"taxonomy":"product_cat","embeddable":true,"href":"https:\/\/opecheurdelune.com\/en\/wp-json\/wp\/v2\/product_cat?post=10776"},{"taxonomy":"product_tag","embeddable":true,"href":"https:\/\/opecheurdelune.com\/en\/wp-json\/wp\/v2\/product_tag?post=10776"},{"taxonomy":"berocket_brand","embeddable":true,"href":"https:\/\/opecheurdelune.com\/en\/wp-json\/wp\/v2\/berocket_brand?post=10776"}],"curies":[{"name":"wp","href":"https:\/\/api.w.org\/{rel}","templated":true}]}}