{"id":10775,"date":"2025-10-19T21:32:32","date_gmt":"2025-10-19T19:32:32","guid":{"rendered":"https:\/\/opecheurdelune.com\/product\/broche-de-line-vautrin-en-resine-talosel\/"},"modified":"2025-10-19T21:32:49","modified_gmt":"2025-10-19T19:32:49","slug":"broche-de-line-vautrin-en-resine-talosel","status":"publish","type":"product","link":"https:\/\/opecheurdelune.com\/en\/product\/broche-de-line-vautrin-en-resine-talosel\/","title":{"rendered":"Broche de Line Vautrin en r\u00e9sine talosel"},"content":{"rendered":"<p>Broche en r\u00e9sine talosel de Line Vautrin sign\u00e9e &#8220;joux&#8221;, les miroirs argent\u00e9s sont finement sertis au talosel brun noir. Le \u201c Talosel \u201c est une mati\u00e8re invent\u00e9e vers 1960 par l&#8217;artiste,\u00a0 constitu\u00e9e\u00a0 de couches de r\u00e9sine superpos\u00e9es, gratt\u00e9es , scarifi\u00e9es et travaill\u00e9es au feu avec inclusion de mat\u00e9riaux divers tels que des \u00e9clats de miroir.<\/p>\n<p>hauteur 5,5 cm longueur 7 cm<\/p>\n<p>Line Vautrin est une artiste et designer fran\u00e7aise, c\u00e9l\u00e8bre pour son travail dans les domaines de la bijouterie, de la d\u00e9coration et de la cr\u00e9ation d&#8217;objets d&#8217;art. Elle est n\u00e9e le 28 avril 1913 \u00e0 Paris et est d\u00e9c\u00e9d\u00e9e le 3 avril 1997.<\/p>\n<p>Line Vautrin est surtout connue pour ses cr\u00e9ations de bijoux et d&#8217;objets d\u00e9coratifs r\u00e9alis\u00e9s principalement dans les ann\u00e9es 1940 et 1950. Son style distinctif et innovant, souvent caract\u00e9ris\u00e9 par l&#8217;utilisation de mat\u00e9riaux pr\u00e9cieux et de techniques de fabrication sophistiqu\u00e9es, lui a valu une renomm\u00e9e internationale. Elle a \u00e9galement travaill\u00e9 avec une vari\u00e9t\u00e9 de mat\u00e9riaux, y compris le bronze et le m\u00e9tal argent\u00e9, pour cr\u00e9er des pi\u00e8ces uniques et haut de gamme. Son h\u00e9ritage artistique est toujours admir\u00e9 et ses cr\u00e9ations sont recherch\u00e9es par les collectionneurs du monde entier.<\/p>\n<p>Des questions sur le produit, la logistique, la facture, le mode de r\u00e8glement une seule adresse pour obtenir votre r\u00e9ponse personnalis\u00e9e\u00a0\u00a0<a href=\"https:\/\/old.opecheurdelune.com\/contact-o-pecheur-de-lune\" target=\"_blank\" rel=\"noopener\">vincent@opecheurdelune.com<\/a><\/p>\n","protected":false},"excerpt":{"rendered":"<p>Broche en r\u00e9sine talosel de Line Vautrin sign\u00e9e &#8220;joux&#8221;, les miroirs argent\u00e9s sont finement sertis au talosel brun noir. Le \u201c Talosel \u201c est une mati\u00e8re invent\u00e9e vers 1960 par l&#8217;artiste,\u00a0 constitu\u00e9e\u00a0 de couches de r\u00e9sine superpos\u00e9es, gratt\u00e9es , scarifi\u00e9es et travaill\u00e9es au feu avec inclusion de mat\u00e9riaux divers tels que des \u00e9clats de miroir. hauteur 5,5 cm longueur 7 cm Line Vautrin est une artiste et designer fran\u00e7aise, c\u00e9l\u00e8bre pour son travail dans les domaines de la bijouterie, de la d\u00e9coration et de la cr\u00e9ation d&#8217;objets d&#8217;art. Elle est n\u00e9e le 28 avril 1913 \u00e0 Paris et est d\u00e9c\u00e9d\u00e9e le 3 avril 1997. Line Vautrin est surtout connue pour ses cr\u00e9ations de bijoux et d&#8217;objets d\u00e9coratifs r\u00e9alis\u00e9s principalement dans les ann\u00e9es 1940 et 1950. Son style distinctif et innovant, souvent caract\u00e9ris\u00e9 par l&#8217;utilisation de mat\u00e9riaux pr\u00e9cieux et de techniques de fabrication sophistiqu\u00e9es, lui a valu une renomm\u00e9e internationale. Elle a \u00e9galement travaill\u00e9 avec une vari\u00e9t\u00e9 de mat\u00e9riaux, y compris le bronze et le m\u00e9tal argent\u00e9, pour cr\u00e9er des pi\u00e8ces uniques et haut de gamme. Son h\u00e9ritage artistique est toujours admir\u00e9 et ses cr\u00e9ations sont recherch\u00e9es par les collectionneurs du monde entier. Des questions sur le produit, la logistique, la facture, le mode de r\u00e8glement une seule adresse pour obtenir votre r\u00e9ponse personnalis\u00e9e\u00a0\u00a0vincent@opecheurdelune.com<\/p>\n","protected":false},"featured_media":10073,"comment_status":"closed","ping_status":"closed","template":"","meta":{"_seopress_robots_primary_cat":"","_seopress_titles_title":"","_seopress_titles_desc":"","_seopress_robots_index":"","_gspb_post_css":"","inline_featured_image":false},"product_brand":[],"product_cat":[336],"product_tag":[],"berocket_brand":[],"class_list":{"0":"post-10775","1":"product","2":"type-product","3":"status-publish","4":"has-post-thumbnail","6":"product_cat-objects-artworks","8":"first","9":"instock","10":"taxable","11":"shipping-taxable","12":"purchasable","13":"product-type-simple"},"_links":{"self":[{"href":"https:\/\/opecheurdelune.com\/en\/wp-json\/wp\/v2\/product\/10775","targetHints":{"allow":["GET"]}}],"collection":[{"href":"https:\/\/opecheurdelune.com\/en\/wp-json\/wp\/v2\/product"}],"about":[{"href":"https:\/\/opecheurdelune.com\/en\/wp-json\/wp\/v2\/types\/product"}],"replies":[{"embeddable":true,"href":"https:\/\/opecheurdelune.com\/en\/wp-json\/wp\/v2\/comments?post=10775"}],"wp:featuredmedia":[{"embeddable":true,"href":"https:\/\/opecheurdelune.com\/en\/wp-json\/wp\/v2\/media\/10073"}],"wp:attachment":[{"href":"https:\/\/opecheurdelune.com\/en\/wp-json\/wp\/v2\/media?parent=10775"}],"wp:term":[{"taxonomy":"product_brand","embeddable":true,"href":"https:\/\/opecheurdelune.com\/en\/wp-json\/wp\/v2\/product_brand?post=10775"},{"taxonomy":"product_cat","embeddable":true,"href":"https:\/\/opecheurdelune.com\/en\/wp-json\/wp\/v2\/product_cat?post=10775"},{"taxonomy":"product_tag","embeddable":true,"href":"https:\/\/opecheurdelune.com\/en\/wp-json\/wp\/v2\/product_tag?post=10775"},{"taxonomy":"berocket_brand","embeddable":true,"href":"https:\/\/opecheurdelune.com\/en\/wp-json\/wp\/v2\/berocket_brand?post=10775"}],"curies":[{"name":"wp","href":"https:\/\/api.w.org\/{rel}","templated":true}]}}