{"id":10774,"date":"2025-10-19T21:32:32","date_gmt":"2025-10-19T19:32:32","guid":{"rendered":"https:\/\/opecheurdelune.com\/product\/ceramique-pichet-emaille-vert-et-or-louis-auguste-dage-circa-1950\/"},"modified":"2026-03-19T17:57:53","modified_gmt":"2026-03-19T16:57:53","slug":"ceramique-pichet-emaille-vert-et-or-louis-auguste-dage-circa-1950","status":"publish","type":"product","link":"https:\/\/opecheurdelune.com\/en\/product\/ceramique-pichet-emaille-vert-et-or-louis-auguste-dage-circa-1950\/","title":{"rendered":"C\u00e9ramique pichet \u00e9maill\u00e9 vert et or, Louis Auguste Dage circa 1950."},"content":{"rendered":"<p>C\u00e9ramique d&#8217;art \u00e9maill\u00e9e oxyde et feuilles d&#8217;or travail des ann\u00e9es 1950 \u00e0 Saint-sever<\/p>\n<p>Hauteur : 33 cm diam\u00e8tre : 27 cm<\/p>\n<p>Louis Dage (1885\u20131961) est un c\u00e9ramiste fran\u00e7ais dont la carri\u00e8re s\u2019\u00e9tend de la r\u00e9gion parisienne aux Landes, o\u00f9 il s\u2019installe \u00e0 partir de 1935. Il travaille notamment \u00e0 la Fa\u00efencerie de l\u2019Adour \u00e0 Saint-Sever et d\u00e9veloppe une production riche et exp\u00e9rimentale, m\u00ealant influences Art nouveau, Art d\u00e9co et r\u00e9interpr\u00e9tation des d\u00e9cors de Samadet. Son \u0153uvre se distingue par la diversit\u00e9 des techniques utilis\u00e9es \u2014 \u00e9maux, coulures, craquelures ou incrustations \u2014 et par une grande libert\u00e9 cr\u00e9ative. Longtemps m\u00e9connu, il est aujourd\u2019hui red\u00e9couvert comme une figure originale de la c\u00e9ramique fran\u00e7aise du XXe si\u00e8cle.<\/p>\n<p>Des questions sur le produit, la logistique, la facture o\u00f9 le mode de r\u00e8glement une seule adresse pour obtenir votre r\u00e9ponse personnalis\u00e9\u00a0<a href=\"https:\/\/old.opecheurdelune.com\/contact-o-pecheur-de-lune\" target=\"_blank\" rel=\"noopener\">vincent@opecheurdelune.com<\/a><\/p>\n","protected":false},"excerpt":{"rendered":"<p>C\u00e9ramique d&#8217;art \u00e9maill\u00e9e oxyde et feuilles d&#8217;or travail des ann\u00e9es 1950 \u00e0 Saint-sever Hauteur : 33 cm diam\u00e8tre : 27 cm Louis Dage (1885\u20131961) est un c\u00e9ramiste fran\u00e7ais dont la carri\u00e8re s\u2019\u00e9tend de la r\u00e9gion parisienne aux Landes, o\u00f9 il s\u2019installe \u00e0 partir de 1935. Il travaille notamment \u00e0 la Fa\u00efencerie de l\u2019Adour \u00e0 Saint-Sever et d\u00e9veloppe une production riche et exp\u00e9rimentale, m\u00ealant influences Art nouveau, Art d\u00e9co et r\u00e9interpr\u00e9tation des d\u00e9cors de Samadet. Son \u0153uvre se distingue par la diversit\u00e9 des techniques utilis\u00e9es \u2014 \u00e9maux, coulures, craquelures ou incrustations \u2014 et par une grande libert\u00e9 cr\u00e9ative. Longtemps m\u00e9connu, il est aujourd\u2019hui red\u00e9couvert comme une figure originale de la c\u00e9ramique fran\u00e7aise du XXe si\u00e8cle. Des questions sur le produit, la logistique, la facture o\u00f9 le mode de r\u00e8glement une seule adresse pour obtenir votre r\u00e9ponse personnalis\u00e9\u00a0vincent@opecheurdelune.com<\/p>\n","protected":false},"featured_media":10029,"comment_status":"open","ping_status":"closed","template":"","meta":{"_seopress_robots_primary_cat":"none","_seopress_titles_title":"","_seopress_titles_desc":"","_seopress_robots_index":"","_gspb_post_css":"","inline_featured_image":false},"product_brand":[],"product_cat":[336],"product_tag":[],"berocket_brand":[],"class_list":{"0":"post-10774","1":"product","2":"type-product","3":"status-publish","4":"has-post-thumbnail","6":"product_cat-objects-artworks","8":"first","9":"instock","10":"taxable","11":"shipping-taxable","12":"purchasable","13":"product-type-simple"},"_links":{"self":[{"href":"https:\/\/opecheurdelune.com\/en\/wp-json\/wp\/v2\/product\/10774","targetHints":{"allow":["GET"]}}],"collection":[{"href":"https:\/\/opecheurdelune.com\/en\/wp-json\/wp\/v2\/product"}],"about":[{"href":"https:\/\/opecheurdelune.com\/en\/wp-json\/wp\/v2\/types\/product"}],"replies":[{"embeddable":true,"href":"https:\/\/opecheurdelune.com\/en\/wp-json\/wp\/v2\/comments?post=10774"}],"wp:featuredmedia":[{"embeddable":true,"href":"https:\/\/opecheurdelune.com\/en\/wp-json\/wp\/v2\/media\/10029"}],"wp:attachment":[{"href":"https:\/\/opecheurdelune.com\/en\/wp-json\/wp\/v2\/media?parent=10774"}],"wp:term":[{"taxonomy":"product_brand","embeddable":true,"href":"https:\/\/opecheurdelune.com\/en\/wp-json\/wp\/v2\/product_brand?post=10774"},{"taxonomy":"product_cat","embeddable":true,"href":"https:\/\/opecheurdelune.com\/en\/wp-json\/wp\/v2\/product_cat?post=10774"},{"taxonomy":"product_tag","embeddable":true,"href":"https:\/\/opecheurdelune.com\/en\/wp-json\/wp\/v2\/product_tag?post=10774"},{"taxonomy":"berocket_brand","embeddable":true,"href":"https:\/\/opecheurdelune.com\/en\/wp-json\/wp\/v2\/berocket_brand?post=10774"}],"curies":[{"name":"wp","href":"https:\/\/api.w.org\/{rel}","templated":true}]}}