{"id":10767,"date":"2025-10-19T21:32:32","date_gmt":"2025-10-19T19:32:32","guid":{"rendered":"https:\/\/opecheurdelune.com\/product\/ceramique-art-deco-louis-dage-circa-1925-5\/"},"modified":"2025-10-19T21:32:47","modified_gmt":"2025-10-19T19:32:47","slug":"ceramique-art-deco-louis-dage-circa-1925-5","status":"publish","type":"product","link":"https:\/\/opecheurdelune.com\/en\/product\/ceramique-art-deco-louis-dage-circa-1925-5\/","title":{"rendered":"C\u00e9ramique Art D\u00e9co, Louis Dage, circa 1925"},"content":{"rendered":"<p>C\u00e9ramique d&#8217;art \u00e9maill\u00e9e d&#8217;\u00e9poque Art D\u00e9co atelier d&#8217;Antony (1921-1934)<\/p>\n<p>Hauteur : 35 cm diam\u00e8tre : 20 cm<\/p>\n<p>Il est n\u00e9 en 1885 \u00e0 Lille et mort en 1963 \u00e0 Saint-Sever. Sa carri\u00e8re s&#8217;effectue d&#8217;abord dans le Nord de la France (Fives-Lille, Nimy en Belgique, Billancourt, Antony) puis \u00e0 Saint-Sever. Il a fond\u00e9 en 1920 la Fa\u00efencerie d&#8217;Art d&#8217;Antony (95), associ\u00e9 avec Eug\u00e8ne Val, membre important de la chambre syndicale de la c\u00e9ramique et de la verrerie, o\u00f9 il collabore avec :<\/p>\n<p>Jean de La Fontinelle (sp\u00e9cialiste des d\u00e9cors animaliers),<\/p>\n<p>Andr\u00e9 Villien (un vase sign\u00e9 des deux hommes l&#8217;atteste), \u2022<\/p>\n<p>Georges Cassin (entre 1936 et 1937 il travaille \u00e0 la manufacture nationale de S\u00e8vres puis \u00e0 l&#8217;usine Boch en Belgique).<\/p>\n<p>Louis Dage fournit l&#8217;atelier d&#8217;art \u00ab Pomone \u00bb du grand magasin \u00ab Au bon march\u00e9 \u00bb. Il est \u00ab meilleur ouvrier de France \u00bb en 1925. Il participe vers 1934 \u00e0 l&#8217;am\u00e9nagement du paquebot Normandie. En 1935, la soci\u00e9t\u00e9 de la Fa\u00efencerie d&#8217;Art d&#8217;Antony est dissoute.<\/p>\n<p>Des questions sur le produit, la logistique, la facture o\u00f9 le mode de r\u00e8glement une seule adresse pour obtenir votre r\u00e9ponse personnalis\u00e9\u00a0<a href=\"https:\/\/old.opecheurdelune.com\/contact-o-pecheur-de-lune\" target=\"_blank\" rel=\"noopener noreferrer\">vincent@opecheurdelune.com<\/a><\/p>\n","protected":false},"excerpt":{"rendered":"<p>C\u00e9ramique d&#8217;art \u00e9maill\u00e9e d&#8217;\u00e9poque Art D\u00e9co atelier d&#8217;Antony (1921-1934) Hauteur : 35 cm diam\u00e8tre : 20 cm Il est n\u00e9 en 1885 \u00e0 Lille et mort en 1963 \u00e0 Saint-Sever. Sa carri\u00e8re s&#8217;effectue d&#8217;abord dans le Nord de la France (Fives-Lille, Nimy en Belgique, Billancourt, Antony) puis \u00e0 Saint-Sever. Il a fond\u00e9 en 1920 la Fa\u00efencerie d&#8217;Art d&#8217;Antony (95), associ\u00e9 avec Eug\u00e8ne Val, membre important de la chambre syndicale de la c\u00e9ramique et de la verrerie, o\u00f9 il collabore avec : Jean de La Fontinelle (sp\u00e9cialiste des d\u00e9cors animaliers), Andr\u00e9 Villien (un vase sign\u00e9 des deux hommes l&#8217;atteste), \u2022 Georges Cassin (entre 1936 et 1937 il travaille \u00e0 la manufacture nationale de S\u00e8vres puis \u00e0 l&#8217;usine Boch en Belgique). Louis Dage fournit l&#8217;atelier d&#8217;art \u00ab Pomone \u00bb du grand magasin \u00ab Au bon march\u00e9 \u00bb. Il est \u00ab meilleur ouvrier de France \u00bb en 1925. Il participe vers 1934 \u00e0 l&#8217;am\u00e9nagement du paquebot Normandie. En 1935, la soci\u00e9t\u00e9 de la Fa\u00efencerie d&#8217;Art d&#8217;Antony est dissoute. Des questions sur le produit, la logistique, la facture o\u00f9 le mode de r\u00e8glement une seule adresse pour obtenir votre r\u00e9ponse personnalis\u00e9\u00a0vincent@opecheurdelune.com<\/p>\n","protected":false},"featured_media":10081,"comment_status":"closed","ping_status":"closed","template":"","meta":{"_seopress_robots_primary_cat":"","_seopress_titles_title":"","_seopress_titles_desc":"","_seopress_robots_index":"","_gspb_post_css":"","inline_featured_image":false},"product_brand":[],"product_cat":[336],"product_tag":[],"berocket_brand":[],"class_list":{"0":"post-10767","1":"product","2":"type-product","3":"status-publish","4":"has-post-thumbnail","6":"product_cat-objects-artworks","8":"first","9":"instock","10":"taxable","11":"shipping-taxable","12":"purchasable","13":"product-type-simple"},"_links":{"self":[{"href":"https:\/\/opecheurdelune.com\/en\/wp-json\/wp\/v2\/product\/10767","targetHints":{"allow":["GET"]}}],"collection":[{"href":"https:\/\/opecheurdelune.com\/en\/wp-json\/wp\/v2\/product"}],"about":[{"href":"https:\/\/opecheurdelune.com\/en\/wp-json\/wp\/v2\/types\/product"}],"replies":[{"embeddable":true,"href":"https:\/\/opecheurdelune.com\/en\/wp-json\/wp\/v2\/comments?post=10767"}],"wp:featuredmedia":[{"embeddable":true,"href":"https:\/\/opecheurdelune.com\/en\/wp-json\/wp\/v2\/media\/10081"}],"wp:attachment":[{"href":"https:\/\/opecheurdelune.com\/en\/wp-json\/wp\/v2\/media?parent=10767"}],"wp:term":[{"taxonomy":"product_brand","embeddable":true,"href":"https:\/\/opecheurdelune.com\/en\/wp-json\/wp\/v2\/product_brand?post=10767"},{"taxonomy":"product_cat","embeddable":true,"href":"https:\/\/opecheurdelune.com\/en\/wp-json\/wp\/v2\/product_cat?post=10767"},{"taxonomy":"product_tag","embeddable":true,"href":"https:\/\/opecheurdelune.com\/en\/wp-json\/wp\/v2\/product_tag?post=10767"},{"taxonomy":"berocket_brand","embeddable":true,"href":"https:\/\/opecheurdelune.com\/en\/wp-json\/wp\/v2\/berocket_brand?post=10767"}],"curies":[{"name":"wp","href":"https:\/\/api.w.org\/{rel}","templated":true}]}}