{"id":10766,"date":"2025-10-19T21:32:32","date_gmt":"2025-10-19T19:32:32","guid":{"rendered":"https:\/\/opecheurdelune.com\/product\/sculpture-hache-en-gres-dherve-billard\/"},"modified":"2025-10-19T21:32:47","modified_gmt":"2025-10-19T19:32:47","slug":"sculpture-hache-en-gres-dherve-billard","status":"publish","type":"product","link":"https:\/\/opecheurdelune.com\/en\/product\/sculpture-hache-en-gres-dherve-billard\/","title":{"rendered":"Sculpture &#8220;Hache&#8221; en gr\u00e8s d&#8217;Herv\u00e9 Billard"},"content":{"rendered":"<p>Totem hache en gr\u00e8s cuisson four Anagama d&#8217;Herv\u00e9 Billard. Ce potier, \u00e9l\u00e8ve de Jean et Jacqueline Lerat \u00e0 l&#8217;Ecole Nationale sup\u00e9rieure des Arts de Bourges \u00e0 la fin des ann\u00e9es 60, a tourn\u00e9 et cuit de la Bretagne \u00e0 l&#8217;Allemagne. Fin des ann\u00e9es 1990 il s&#8217;installe dans le B\u00e9arn et construit un four Anagama de 9 m3 pour d\u00e9velopper ses cr\u00e9ations personnelles, sculpturales et puissantes.<\/p>\n<p>Hauteur 50 cm diam\u00e8tre : 14 cm<\/p>\n<p>&nbsp;<\/p>\n<p>Des questions sur le produit, la logistique, la facture o\u00f9 le mode de r\u00e8glement une seule adresse pour obtenir votre r\u00e9ponse personnalis\u00e9\u00a0<a href=\"https:\/\/old.opecheurdelune.com\/contact-o-pecheur-de-lune\" target=\"_blank\" rel=\"noopener noreferrer\">vincent@opecheurdelune.com<\/a><\/p>\n","protected":false},"excerpt":{"rendered":"<p>Totem hache en gr\u00e8s cuisson four Anagama d&#8217;Herv\u00e9 Billard. Ce potier, \u00e9l\u00e8ve de Jean et Jacqueline Lerat \u00e0 l&#8217;Ecole Nationale sup\u00e9rieure des Arts de Bourges \u00e0 la fin des ann\u00e9es 60, a tourn\u00e9 et cuit de la Bretagne \u00e0 l&#8217;Allemagne. Fin des ann\u00e9es 1990 il s&#8217;installe dans le B\u00e9arn et construit un four Anagama de 9 m3 pour d\u00e9velopper ses cr\u00e9ations personnelles, sculpturales et puissantes. Hauteur 50 cm diam\u00e8tre : 14 cm &nbsp; Des questions sur le produit, la logistique, la facture o\u00f9 le mode de r\u00e8glement une seule adresse pour obtenir votre r\u00e9ponse personnalis\u00e9\u00a0vincent@opecheurdelune.com<\/p>\n","protected":false},"featured_media":10101,"comment_status":"closed","ping_status":"closed","template":"","meta":{"_seopress_robots_primary_cat":"","_seopress_titles_title":"","_seopress_titles_desc":"","_seopress_robots_index":"","_gspb_post_css":"","inline_featured_image":false},"product_brand":[],"product_cat":[336],"product_tag":[],"berocket_brand":[],"class_list":{"0":"post-10766","1":"product","2":"type-product","3":"status-publish","4":"has-post-thumbnail","6":"product_cat-objects-artworks","8":"first","9":"instock","10":"taxable","11":"shipping-taxable","12":"purchasable","13":"product-type-simple"},"_links":{"self":[{"href":"https:\/\/opecheurdelune.com\/en\/wp-json\/wp\/v2\/product\/10766","targetHints":{"allow":["GET"]}}],"collection":[{"href":"https:\/\/opecheurdelune.com\/en\/wp-json\/wp\/v2\/product"}],"about":[{"href":"https:\/\/opecheurdelune.com\/en\/wp-json\/wp\/v2\/types\/product"}],"replies":[{"embeddable":true,"href":"https:\/\/opecheurdelune.com\/en\/wp-json\/wp\/v2\/comments?post=10766"}],"wp:featuredmedia":[{"embeddable":true,"href":"https:\/\/opecheurdelune.com\/en\/wp-json\/wp\/v2\/media\/10101"}],"wp:attachment":[{"href":"https:\/\/opecheurdelune.com\/en\/wp-json\/wp\/v2\/media?parent=10766"}],"wp:term":[{"taxonomy":"product_brand","embeddable":true,"href":"https:\/\/opecheurdelune.com\/en\/wp-json\/wp\/v2\/product_brand?post=10766"},{"taxonomy":"product_cat","embeddable":true,"href":"https:\/\/opecheurdelune.com\/en\/wp-json\/wp\/v2\/product_cat?post=10766"},{"taxonomy":"product_tag","embeddable":true,"href":"https:\/\/opecheurdelune.com\/en\/wp-json\/wp\/v2\/product_tag?post=10766"},{"taxonomy":"berocket_brand","embeddable":true,"href":"https:\/\/opecheurdelune.com\/en\/wp-json\/wp\/v2\/berocket_brand?post=10766"}],"curies":[{"name":"wp","href":"https:\/\/api.w.org\/{rel}","templated":true}]}}