{"id":10764,"date":"2025-10-19T21:32:32","date_gmt":"2025-10-19T19:32:32","guid":{"rendered":"https:\/\/opecheurdelune.com\/product\/sculpture-lumineuse-de-sophie-garralon-france-2023\/"},"modified":"2025-12-17T17:42:31","modified_gmt":"2025-12-17T16:42:31","slug":"sculpture-lumineuse-de-sophie-garralon-france-2023","status":"publish","type":"product","link":"https:\/\/opecheurdelune.com\/en\/product\/sculpture-lumineuse-de-sophie-garralon-france-2023\/","title":{"rendered":"Sculpture lumineuse de sophie Garralon, France, 2023"},"content":{"rendered":"<p>Grande sculptural lumineuse de Sophie Garralon. En (re)d\u00e9veloppant la technique du carton pierre invent\u00e9 au XIX\u00e9me pour cr\u00e9er des effets d\u00e9coratifs pour l&#8217;architecture d&#8217;int\u00e9rieur l&#8217;artiste Sophie Garralon nous invite \u00e0 d\u00e9couvrir ces oeuvres sensible et organique.<\/p>\n<div dir=\"ltr\">hauteur sans abat-jour 69cm hauteur avec abat-jour 105 cm Largeur 54 cm<\/div>\n<div dir=\"ltr\"><\/div>\n<div dir=\"ltr\">Des questions sur le produit, la logistique, la facture o\u00f9 le mode de r\u00e8glement une seule adresse pour obtenir votre r\u00e9ponse personnalis\u00e9\u00a0<a href=\"https:\/\/old.opecheurdelune.com\/contact-o-pecheur-de-lune\" target=\"_blank\" rel=\"noopener\">vincent@opecheurdelune.com<\/a><\/div>\n<div dir=\"ltr\"><\/div>\n<div dir=\"ltr\">\n<p class=\"font_8 wixui-rich-text__text\">Sophie Garralon\u00a0est une artiste fran\u00e7aise n\u00e9e le 30\/01\/1966 .<\/p>\n<p class=\"font_8 wixui-rich-text__text\">Elle cr\u00e9e des compositions en haut-relief color\u00e9es.<\/p>\n<p class=\"font_8 wixui-rich-text__text\">Volumes \u00e9mergents, structures aux lignes jaillissantes , fragment\u00e9es, rompues, dynamiques..<\/p>\n<p class=\"font_8 wixui-rich-text__text\">Le commencement d\u2019une \u0153uvre d\u00e9marre sur l\u2019impulsion de libert\u00e9 des formes, d\u2019une pl\u00e9thore de minis chaos enchev\u00eatr\u00e9s les uns aux autres, de lignes al\u00e9atoires. \u00c0 ce stade la lecture incertaine de l\u2019\u0153uvre inspire \u00e0 l\u2019artiste une nouvelle orientation. Jouant des couleurs ( souvent compl\u00e9mentaires entre elles : rouge\/vert, jaune\/violet, orange\/bleu \u2026), de mat\u00e9riaux divers comme le carton , le papier vinyle, des rehauts paillet\u00e9s\u2026 L\u2019artiste cherche \u00e0 capter l\u2019\u0153il et les sens du spectateur par des jeux optiques graphiques multicolores et des effets de mati\u00e8re. La vitalit\u00e9 onirique dans cette joyeuse complexit\u00e9 invite le passant \u00e0 r\u00e9veiller des \u00e9motions de l\u2019enfant qui est en lui. Sophie Garralon cherche \u00e0 \u00eatre en connivence avec le monde int\u00e9rieur originel de chaque spectateur . R\u00e9miniscences des premiers \u00e9mois dans la d\u00e9couverte esth\u00e9tique du monde de l\u2019enfant. Une dame mexicaine me dit un jour que dans son pays \u00ab des peintures avec certaines couleurs avaient la vocation de soigner l\u2019\u00e2me des gens&#8230;&#8221;<\/p>\n<p class=\"font_8 wixui-rich-text__text\">Collection : collection priv\u00e9 en France, Chine, Etat-unis, Angleterre, Pays-bas.<\/p>\n<\/div>\n<div dir=\"ltr\"><\/div>\n","protected":false},"excerpt":{"rendered":"<p>Grande sculptural lumineuse de Sophie Garralon. En (re)d\u00e9veloppant la technique du carton pierre invent\u00e9 au XIX\u00e9me pour cr\u00e9er des effets d\u00e9coratifs pour l&#8217;architecture d&#8217;int\u00e9rieur l&#8217;artiste Sophie Garralon nous invite \u00e0 d\u00e9couvrir ces oeuvres sensible et organique. hauteur sans abat-jour 69cm hauteur avec abat-jour 105 cm Largeur 54 cm Des questions sur le produit, la logistique, la facture o\u00f9 le mode de r\u00e8glement une seule adresse pour obtenir votre r\u00e9ponse personnalis\u00e9\u00a0vincent@opecheurdelune.com Sophie Garralon\u00a0est une artiste fran\u00e7aise n\u00e9e le 30\/01\/1966 . Elle cr\u00e9e des compositions en haut-relief color\u00e9es. Volumes \u00e9mergents, structures aux lignes jaillissantes , fragment\u00e9es, rompues, dynamiques.. Le commencement d\u2019une \u0153uvre d\u00e9marre sur l\u2019impulsion de libert\u00e9 des formes, d\u2019une pl\u00e9thore de minis chaos enchev\u00eatr\u00e9s les uns aux autres, de lignes al\u00e9atoires. \u00c0 ce stade la lecture incertaine de l\u2019\u0153uvre inspire \u00e0 l\u2019artiste une nouvelle orientation. Jouant des couleurs ( souvent compl\u00e9mentaires entre elles : rouge\/vert, jaune\/violet, orange\/bleu \u2026), de mat\u00e9riaux divers comme le carton , le papier vinyle, des rehauts paillet\u00e9s\u2026 L\u2019artiste cherche \u00e0 capter l\u2019\u0153il et les sens du spectateur par des jeux optiques graphiques multicolores et des effets de mati\u00e8re. La vitalit\u00e9 onirique dans cette joyeuse complexit\u00e9 invite le passant \u00e0 r\u00e9veiller des \u00e9motions de l\u2019enfant qui est en lui. Sophie Garralon cherche \u00e0 \u00eatre en connivence avec le monde int\u00e9rieur originel de chaque spectateur . R\u00e9miniscences des premiers \u00e9mois dans la d\u00e9couverte esth\u00e9tique du monde de l\u2019enfant. Une dame mexicaine me dit un jour que dans son pays \u00ab des peintures avec certaines couleurs avaient la vocation de soigner l\u2019\u00e2me des gens&#8230;&#8221; Collection : collection priv\u00e9 en France, Chine, Etat-unis, Angleterre, Pays-bas.<\/p>\n","protected":false},"featured_media":10008,"comment_status":"closed","ping_status":"closed","template":"","meta":{"_seopress_robots_primary_cat":"","_seopress_titles_title":"","_seopress_titles_desc":"","_seopress_robots_index":"","_gspb_post_css":"","inline_featured_image":false},"product_brand":[],"product_cat":[331],"product_tag":[],"berocket_brand":[352],"class_list":{"0":"post-10764","1":"product","2":"type-product","3":"status-publish","4":"has-post-thumbnail","6":"product_cat-contemporary-art","7":"berocket_brand-sophie-garralon-en","9":"first","10":"outofstock","11":"taxable","12":"shipping-taxable","13":"purchasable","14":"product-type-simple"},"_links":{"self":[{"href":"https:\/\/opecheurdelune.com\/en\/wp-json\/wp\/v2\/product\/10764","targetHints":{"allow":["GET"]}}],"collection":[{"href":"https:\/\/opecheurdelune.com\/en\/wp-json\/wp\/v2\/product"}],"about":[{"href":"https:\/\/opecheurdelune.com\/en\/wp-json\/wp\/v2\/types\/product"}],"replies":[{"embeddable":true,"href":"https:\/\/opecheurdelune.com\/en\/wp-json\/wp\/v2\/comments?post=10764"}],"wp:featuredmedia":[{"embeddable":true,"href":"https:\/\/opecheurdelune.com\/en\/wp-json\/wp\/v2\/media\/10008"}],"wp:attachment":[{"href":"https:\/\/opecheurdelune.com\/en\/wp-json\/wp\/v2\/media?parent=10764"}],"wp:term":[{"taxonomy":"product_brand","embeddable":true,"href":"https:\/\/opecheurdelune.com\/en\/wp-json\/wp\/v2\/product_brand?post=10764"},{"taxonomy":"product_cat","embeddable":true,"href":"https:\/\/opecheurdelune.com\/en\/wp-json\/wp\/v2\/product_cat?post=10764"},{"taxonomy":"product_tag","embeddable":true,"href":"https:\/\/opecheurdelune.com\/en\/wp-json\/wp\/v2\/product_tag?post=10764"},{"taxonomy":"berocket_brand","embeddable":true,"href":"https:\/\/opecheurdelune.com\/en\/wp-json\/wp\/v2\/berocket_brand?post=10764"}],"curies":[{"name":"wp","href":"https:\/\/api.w.org\/{rel}","templated":true}]}}