{"id":10757,"date":"2025-10-19T21:32:32","date_gmt":"2025-10-19T19:32:32","guid":{"rendered":"https:\/\/opecheurdelune.com\/product\/lampe-gedeon-de-martine-bedin-pour-megalit-france-1985\/"},"modified":"2025-10-19T21:32:45","modified_gmt":"2025-10-19T19:32:45","slug":"lampe-gedeon-de-martine-bedin-pour-megalit-france-1985","status":"publish","type":"product","link":"https:\/\/opecheurdelune.com\/en\/product\/lampe-gedeon-de-martine-bedin-pour-megalit-france-1985\/","title":{"rendered":"Lampe G\u00e9d\u00e9on de Martine Bedin pour Megalit, France, 1985"},"content":{"rendered":"<p>Lampe de bureau en acier laqu\u00e9 gris et vert.<\/p>\n<p>hauteur 70 cm largueur 22 cm profondeur 19 cm<\/p>\n<p>Martine Bedin est laur\u00e9ate du concours pour la cr\u00e9ation de nouveaux luminaires 1985, organis\u00e9 conjointement par les minist\u00e8res de la culture et de l&#8217;industrie.<\/p>\n<p>Martine Bedin, designer des ann\u00e9es 80, travailla pour Memphis Milano avec Etttore Sottsass d\u00e8s 1981.<\/p>\n<p>Des questions sur le produit, la logistique, la facture o\u00f9 le mode de r\u00e8glement une seule adresse pour obtenir votre r\u00e9ponse personnalis\u00e9\u00a0<a href=\"https:\/\/old.opecheurdelune.com\/contact-o-pecheur-de-lune\" target=\"_blank\" rel=\"noopener\">vincent@opecheurdelune.com<\/a><\/p>\n","protected":false},"excerpt":{"rendered":"<p>Lampe de bureau en acier laqu\u00e9 gris et vert. hauteur 70 cm largueur 22 cm profondeur 19 cm Martine Bedin est laur\u00e9ate du concours pour la cr\u00e9ation de nouveaux luminaires 1985, organis\u00e9 conjointement par les minist\u00e8res de la culture et de l&#8217;industrie. Martine Bedin, designer des ann\u00e9es 80, travailla pour Memphis Milano avec Etttore Sottsass d\u00e8s 1981. Des questions sur le produit, la logistique, la facture o\u00f9 le mode de r\u00e8glement une seule adresse pour obtenir votre r\u00e9ponse personnalis\u00e9\u00a0vincent@opecheurdelune.com<\/p>\n","protected":false},"featured_media":10140,"comment_status":"closed","ping_status":"closed","template":"","meta":{"_seopress_robots_primary_cat":"","_seopress_titles_title":"","_seopress_titles_desc":"","_seopress_robots_index":"","_gspb_post_css":"","inline_featured_image":false},"product_brand":[],"product_cat":[333],"product_tag":[],"berocket_brand":[],"class_list":{"0":"post-10757","1":"product","2":"type-product","3":"status-publish","4":"has-post-thumbnail","6":"product_cat-lighting","8":"first","9":"instock","10":"taxable","11":"shipping-taxable","12":"purchasable","13":"product-type-simple"},"_links":{"self":[{"href":"https:\/\/opecheurdelune.com\/en\/wp-json\/wp\/v2\/product\/10757","targetHints":{"allow":["GET"]}}],"collection":[{"href":"https:\/\/opecheurdelune.com\/en\/wp-json\/wp\/v2\/product"}],"about":[{"href":"https:\/\/opecheurdelune.com\/en\/wp-json\/wp\/v2\/types\/product"}],"replies":[{"embeddable":true,"href":"https:\/\/opecheurdelune.com\/en\/wp-json\/wp\/v2\/comments?post=10757"}],"wp:featuredmedia":[{"embeddable":true,"href":"https:\/\/opecheurdelune.com\/en\/wp-json\/wp\/v2\/media\/10140"}],"wp:attachment":[{"href":"https:\/\/opecheurdelune.com\/en\/wp-json\/wp\/v2\/media?parent=10757"}],"wp:term":[{"taxonomy":"product_brand","embeddable":true,"href":"https:\/\/opecheurdelune.com\/en\/wp-json\/wp\/v2\/product_brand?post=10757"},{"taxonomy":"product_cat","embeddable":true,"href":"https:\/\/opecheurdelune.com\/en\/wp-json\/wp\/v2\/product_cat?post=10757"},{"taxonomy":"product_tag","embeddable":true,"href":"https:\/\/opecheurdelune.com\/en\/wp-json\/wp\/v2\/product_tag?post=10757"},{"taxonomy":"berocket_brand","embeddable":true,"href":"https:\/\/opecheurdelune.com\/en\/wp-json\/wp\/v2\/berocket_brand?post=10757"}],"curies":[{"name":"wp","href":"https:\/\/api.w.org\/{rel}","templated":true}]}}