{"id":10756,"date":"2025-10-19T21:32:32","date_gmt":"2025-10-19T19:32:32","guid":{"rendered":"https:\/\/opecheurdelune.com\/product\/lampe-fukushu-ingo-maurer-1980\/"},"modified":"2025-10-19T21:32:45","modified_gmt":"2025-10-19T19:32:45","slug":"lampe-fukushu-ingo-maurer-1980","status":"publish","type":"product","link":"https:\/\/opecheurdelune.com\/en\/product\/lampe-fukushu-ingo-maurer-1980\/","title":{"rendered":"Lampe &#8220;Fukushu&#8221; Ingo Maurer, 1980"},"content":{"rendered":"<p>Lampe &#8220;Fukushu&#8221; de Ingo Maurer \u00e9tiquette Design M circa 1980<\/p>\n<p>Model\u00e9 tr\u00e8s po\u00e9tique d&#8217;inspiration japonaise pour cette \u00e9l\u00e9gante lampe \u00e0 poser de Ingo Maurer. Le syst\u00e8me &#8220;touch tonic&#8221; permet en touchant la lampe n&#8217;importe o\u00f9 de l&#8217;\u00e9teindre de l&#8217;allumer et de r\u00e9gler l&#8217;intensit\u00e9 lumineuse.<\/p>\n<p>hauteur 50 cm largueur 40 cm profondeur 8 cm<\/p>\n<p>Des questions sur le produit, la logistique, la facture o\u00f9 le mode de r\u00e8glement une seule adresse pour obtenir votre r\u00e9ponse personnalis\u00e9\u00a0<a href=\"https:\/\/old.opecheurdelune.com\/contact-o-pecheur-de-lune\" target=\"_blank\" rel=\"noopener\">vincent@opecheurdelune.com<\/a><\/p>\n","protected":false},"excerpt":{"rendered":"<p>Lampe &#8220;Fukushu&#8221; de Ingo Maurer \u00e9tiquette Design M circa 1980 Model\u00e9 tr\u00e8s po\u00e9tique d&#8217;inspiration japonaise pour cette \u00e9l\u00e9gante lampe \u00e0 poser de Ingo Maurer. Le syst\u00e8me &#8220;touch tonic&#8221; permet en touchant la lampe n&#8217;importe o\u00f9 de l&#8217;\u00e9teindre de l&#8217;allumer et de r\u00e9gler l&#8217;intensit\u00e9 lumineuse. hauteur 50 cm largueur 40 cm profondeur 8 cm Des questions sur le produit, la logistique, la facture o\u00f9 le mode de r\u00e8glement une seule adresse pour obtenir votre r\u00e9ponse personnalis\u00e9\u00a0vincent@opecheurdelune.com<\/p>\n","protected":false},"featured_media":10163,"comment_status":"closed","ping_status":"closed","template":"","meta":{"_seopress_robots_primary_cat":"","_seopress_titles_title":"","_seopress_titles_desc":"","_seopress_robots_index":"","_gspb_post_css":"","inline_featured_image":false},"product_brand":[],"product_cat":[333],"product_tag":[],"berocket_brand":[],"class_list":{"0":"post-10756","1":"product","2":"type-product","3":"status-publish","4":"has-post-thumbnail","6":"product_cat-lighting","8":"first","9":"instock","10":"taxable","11":"shipping-taxable","12":"purchasable","13":"product-type-simple"},"_links":{"self":[{"href":"https:\/\/opecheurdelune.com\/en\/wp-json\/wp\/v2\/product\/10756","targetHints":{"allow":["GET"]}}],"collection":[{"href":"https:\/\/opecheurdelune.com\/en\/wp-json\/wp\/v2\/product"}],"about":[{"href":"https:\/\/opecheurdelune.com\/en\/wp-json\/wp\/v2\/types\/product"}],"replies":[{"embeddable":true,"href":"https:\/\/opecheurdelune.com\/en\/wp-json\/wp\/v2\/comments?post=10756"}],"wp:featuredmedia":[{"embeddable":true,"href":"https:\/\/opecheurdelune.com\/en\/wp-json\/wp\/v2\/media\/10163"}],"wp:attachment":[{"href":"https:\/\/opecheurdelune.com\/en\/wp-json\/wp\/v2\/media?parent=10756"}],"wp:term":[{"taxonomy":"product_brand","embeddable":true,"href":"https:\/\/opecheurdelune.com\/en\/wp-json\/wp\/v2\/product_brand?post=10756"},{"taxonomy":"product_cat","embeddable":true,"href":"https:\/\/opecheurdelune.com\/en\/wp-json\/wp\/v2\/product_cat?post=10756"},{"taxonomy":"product_tag","embeddable":true,"href":"https:\/\/opecheurdelune.com\/en\/wp-json\/wp\/v2\/product_tag?post=10756"},{"taxonomy":"berocket_brand","embeddable":true,"href":"https:\/\/opecheurdelune.com\/en\/wp-json\/wp\/v2\/berocket_brand?post=10756"}],"curies":[{"name":"wp","href":"https:\/\/api.w.org\/{rel}","templated":true}]}}