{"id":10755,"date":"2025-10-19T21:32:32","date_gmt":"2025-10-19T19:32:32","guid":{"rendered":"https:\/\/opecheurdelune.com\/product\/lampadaire-articule-curtis-jere-studio-nyc-usa-1977-metal-chrome\/"},"modified":"2025-10-23T21:04:22","modified_gmt":"2025-10-23T19:04:22","slug":"lampadaire-articule-curtis-jere-studio-nyc-usa-1977-metal-chrome","status":"publish","type":"product","link":"https:\/\/opecheurdelune.com\/en\/product\/lampadaire-articule-curtis-jere-studio-nyc-usa-1977-metal-chrome\/","title":{"rendered":"Lampadaire articul\u00e9 Curtis &#038; Jere Studio NYC USA, 1977 M\u00e9tal chrom\u00e9"},"content":{"rendered":"<section class=\"product__description margin--top-bottom--medium\" aria-labelledby=\"nav-label__product-description\">\n<div>\n<div id=\"tab-1\" role=\"tabpanel\" aria-labelledby=\"tabby-toggle_tab-1\">\n<div class=\"rte\">\n<div class=\"description\">\n<div class=\"element element-itemname first\">Lampadaire articul\u00e9\u00a0 avec contrepoids Curtis &amp; Jere Studio NYC USA, 1977 m\u00e9tal chrom\u00e9<\/div>\n<div class=\"element element-itemname first\">design de Curtis Freiler and Jerry Fels.<\/div>\n<div class=\"element element-itemname first\">Ce lampadaire est compos\u00e9 de 2 lampes sur rotule articulable avec des volets permettant de moduler la lumi\u00e8re.<\/div>\n<div class=\"element element-itemname first\"><\/div>\n<div class=\"element element-itemname first\">\n<p>Hauteur 137 cm, largeur 10 cm longueur 110 cm<\/p>\n<section class=\"product__description margin--top-bottom--medium\" aria-labelledby=\"nav-label__product-description\">\n<div>\n<div id=\"tab-1\" role=\"tabpanel\" aria-labelledby=\"tabby-toggle_tab-1\">\n<div class=\"rte\">\n<div class=\"description\">\n<p class=\"product-name\" data-block=\"name\">Des questions sur le produit, la logistique, la facture o\u00f9 le mode de r\u00e8glement une seule adresse pour obtenir votre r\u00e9ponse personnalis\u00e9\u00a0<a href=\"https:\/\/old.opecheurdelune.com\/contact-o-pecheur-de-lune\" target=\"_blank\" rel=\"noopener\">vincent@opecheurdelune.com<\/a><\/p>\n<\/div>\n<\/div>\n<\/div>\n<\/div>\n<\/section>\n<\/div>\n<\/div>\n<\/div>\n<\/div>\n<\/div>\n<\/section>\n<\/div>\n","protected":false},"excerpt":{"rendered":"<p>Lampadaire articul\u00e9\u00a0 avec contrepoids Curtis &amp; Jere Studio NYC USA, 1977 m\u00e9tal chrom\u00e9 design de Curtis Freiler and Jerry Fels. Ce lampadaire est compos\u00e9 de 2 lampes sur rotule articulable avec des volets permettant de moduler la lumi\u00e8re. Hauteur 137 cm, largeur 10 cm longueur 110 cm Des questions sur le produit, la logistique, la facture o\u00f9 le mode de r\u00e8glement une seule adresse pour obtenir votre r\u00e9ponse personnalis\u00e9\u00a0vincent@opecheurdelune.com<\/p>\n","protected":false},"featured_media":10154,"comment_status":"closed","ping_status":"closed","template":"","meta":{"_seopress_robots_primary_cat":"","_seopress_titles_title":"","_seopress_titles_desc":"","_seopress_robots_index":"","_gspb_post_css":"","inline_featured_image":false},"product_brand":[],"product_cat":[333],"product_tag":[],"berocket_brand":[],"class_list":{"0":"post-10755","1":"product","2":"type-product","3":"status-publish","4":"has-post-thumbnail","6":"product_cat-lighting","8":"first","9":"instock","10":"taxable","11":"shipping-taxable","12":"purchasable","13":"product-type-simple"},"_links":{"self":[{"href":"https:\/\/opecheurdelune.com\/en\/wp-json\/wp\/v2\/product\/10755","targetHints":{"allow":["GET"]}}],"collection":[{"href":"https:\/\/opecheurdelune.com\/en\/wp-json\/wp\/v2\/product"}],"about":[{"href":"https:\/\/opecheurdelune.com\/en\/wp-json\/wp\/v2\/types\/product"}],"replies":[{"embeddable":true,"href":"https:\/\/opecheurdelune.com\/en\/wp-json\/wp\/v2\/comments?post=10755"}],"wp:featuredmedia":[{"embeddable":true,"href":"https:\/\/opecheurdelune.com\/en\/wp-json\/wp\/v2\/media\/10154"}],"wp:attachment":[{"href":"https:\/\/opecheurdelune.com\/en\/wp-json\/wp\/v2\/media?parent=10755"}],"wp:term":[{"taxonomy":"product_brand","embeddable":true,"href":"https:\/\/opecheurdelune.com\/en\/wp-json\/wp\/v2\/product_brand?post=10755"},{"taxonomy":"product_cat","embeddable":true,"href":"https:\/\/opecheurdelune.com\/en\/wp-json\/wp\/v2\/product_cat?post=10755"},{"taxonomy":"product_tag","embeddable":true,"href":"https:\/\/opecheurdelune.com\/en\/wp-json\/wp\/v2\/product_tag?post=10755"},{"taxonomy":"berocket_brand","embeddable":true,"href":"https:\/\/opecheurdelune.com\/en\/wp-json\/wp\/v2\/berocket_brand?post=10755"}],"curies":[{"name":"wp","href":"https:\/\/api.w.org\/{rel}","templated":true}]}}