{"id":10753,"date":"2025-10-19T21:32:32","date_gmt":"2025-10-19T19:32:32","guid":{"rendered":"https:\/\/opecheurdelune.com\/product\/lampadaire-poliedra-felice-ragazzo-pour-guzzini\/"},"modified":"2025-12-17T17:41:29","modified_gmt":"2025-12-17T16:41:29","slug":"lampadaire-poliedra-felice-ragazzo-pour-guzzini","status":"publish","type":"product","link":"https:\/\/opecheurdelune.com\/en\/product\/lampadaire-poliedra-felice-ragazzo-pour-guzzini\/","title":{"rendered":"Lampadaire &#8220;Poliedra&#8221; Felice Ragazzo pour Guzzini"},"content":{"rendered":"<section class=\"product__description margin--top-bottom--medium\" aria-labelledby=\"nav-label__product-description\">\n<div>\n<div id=\"tab-1\" role=\"tabpanel\" aria-labelledby=\"tabby-toggle_tab-1\">\n<div class=\"rte\">\n<div class=\"description\">\n<p>Lampe modulaire Poly\u00e8dre (Poliedra en italien), cr\u00e9\u00e9e par Felice Ragazzo, \u00e9dition Harvey Guzzini 1969. Structure en fils de laiton chrom\u00e9s.<\/p>\n<p>Ce lampadaire est compos\u00e9 de plusieurs modules assembl\u00e9s par des agrafes. Plusieurs formes possibles. Le mod\u00e8le pr\u00e9sent\u00e9 est compos\u00e9 de 4 poly\u00e8dres et de 3 lampes clips\u00e9es dans la structure. Mod\u00e8le rare<\/p>\n<p>hauteur : 110 cm largeur 30 cm profondeur 40 cm<\/p>\n<p>Des questions sur le produit, la logistique, la facture o\u00f9 le mode de r\u00e8glement une seule adresse pour obtenir votre r\u00e9ponse personnalis\u00e9\u00a0<a href=\"https:\/\/old.opecheurdelune.com\/contact-o-pecheur-de-lune\" target=\"_blank\" rel=\"noopener noreferrer\">vincent@opecheurdelune.com\u00a0<\/a><\/p>\n<\/div>\n<\/div>\n<\/div>\n<\/div>\n<\/section>\n<\/div>\n","protected":false},"excerpt":{"rendered":"<p>Lampe modulaire Poly\u00e8dre (Poliedra en italien), cr\u00e9\u00e9e par Felice Ragazzo, \u00e9dition Harvey Guzzini 1969. Structure en fils de laiton chrom\u00e9s. Ce lampadaire est compos\u00e9 de plusieurs modules assembl\u00e9s par des agrafes. Plusieurs formes possibles. Le mod\u00e8le pr\u00e9sent\u00e9 est compos\u00e9 de 4 poly\u00e8dres et de 3 lampes clips\u00e9es dans la structure. Mod\u00e8le rare hauteur : 110 cm largeur 30 cm profondeur 40 cm Des questions sur le produit, la logistique, la facture o\u00f9 le mode de r\u00e8glement une seule adresse pour obtenir votre r\u00e9ponse personnalis\u00e9\u00a0vincent@opecheurdelune.com\u00a0<\/p>\n","protected":false},"featured_media":10183,"comment_status":"closed","ping_status":"closed","template":"","meta":{"_seopress_robots_primary_cat":"","_seopress_titles_title":"","_seopress_titles_desc":"","_seopress_robots_index":"","_gspb_post_css":"","inline_featured_image":false},"product_brand":[],"product_cat":[333],"product_tag":[],"berocket_brand":[],"class_list":{"0":"post-10753","1":"product","2":"type-product","3":"status-publish","4":"has-post-thumbnail","6":"product_cat-lighting","8":"first","9":"outofstock","10":"taxable","11":"shipping-taxable","12":"purchasable","13":"product-type-simple"},"_links":{"self":[{"href":"https:\/\/opecheurdelune.com\/en\/wp-json\/wp\/v2\/product\/10753","targetHints":{"allow":["GET"]}}],"collection":[{"href":"https:\/\/opecheurdelune.com\/en\/wp-json\/wp\/v2\/product"}],"about":[{"href":"https:\/\/opecheurdelune.com\/en\/wp-json\/wp\/v2\/types\/product"}],"replies":[{"embeddable":true,"href":"https:\/\/opecheurdelune.com\/en\/wp-json\/wp\/v2\/comments?post=10753"}],"wp:featuredmedia":[{"embeddable":true,"href":"https:\/\/opecheurdelune.com\/en\/wp-json\/wp\/v2\/media\/10183"}],"wp:attachment":[{"href":"https:\/\/opecheurdelune.com\/en\/wp-json\/wp\/v2\/media?parent=10753"}],"wp:term":[{"taxonomy":"product_brand","embeddable":true,"href":"https:\/\/opecheurdelune.com\/en\/wp-json\/wp\/v2\/product_brand?post=10753"},{"taxonomy":"product_cat","embeddable":true,"href":"https:\/\/opecheurdelune.com\/en\/wp-json\/wp\/v2\/product_cat?post=10753"},{"taxonomy":"product_tag","embeddable":true,"href":"https:\/\/opecheurdelune.com\/en\/wp-json\/wp\/v2\/product_tag?post=10753"},{"taxonomy":"berocket_brand","embeddable":true,"href":"https:\/\/opecheurdelune.com\/en\/wp-json\/wp\/v2\/berocket_brand?post=10753"}],"curies":[{"name":"wp","href":"https:\/\/api.w.org\/{rel}","templated":true}]}}