{"id":10749,"date":"2025-10-19T21:32:32","date_gmt":"2025-10-19T19:32:32","guid":{"rendered":"https:\/\/opecheurdelune.com\/product\/lampe-en-resine-fractal-set-de-3-circa-1970\/"},"modified":"2025-12-17T17:41:49","modified_gmt":"2025-12-17T16:41:49","slug":"lampe-en-resine-fractal-set-de-3-circa-1970","status":"publish","type":"product","link":"https:\/\/opecheurdelune.com\/en\/product\/lampe-en-resine-fractal-set-de-3-circa-1970\/","title":{"rendered":"Lampe en r\u00e9sine fractale set de 3, circa 1970"},"content":{"rendered":"<p>Rare s\u00e9rie de trois lampes en r\u00e9sine fractale avec abat-jour en fibre de verre travail des ann\u00e9es 1970<\/p>\n<p>hauteur maximale 53 cm diam\u00e8tre 17 cm<\/p>\n<p>La r\u00e9sine fractale r\u00e9sulte de savoir-faire pointus. N\u00e9e \u00e0 la fin des ann\u00e9es 1950, elle est le r\u00e9sultat de proc\u00e9d\u00e9s chimiques complexes, issue d&#8217;une cuisson \u00e0 haute temp\u00e9rature et de polissages successifs. Ce qui donne un r\u00e9sultat presque magique\u00a0; paillet\u00e9e, fragment\u00e9e, remplie de bulles ou de cristaux, comprenant parfois des inclusions. Il s\u2019agit toujours de pi\u00e8ces uniques.\u00a0Port\u00e9e par des artistes tels que Marie-Claude de Fouqui\u00e8res, Pierre Giraudon, Fran\u00e7ois Godebski, Franco Gavagni ou Pierre Charbin, qui en ont \u00e9t\u00e9 les pr\u00e9curseurs, elle offre une libert\u00e9 d\u2019expression et une gamme de couleurs \u00e9clatantes.\u00a0Sorte d\u2019antidote \u00e0 la morosit\u00e9, aujourd\u2019hui encore cette mati\u00e8re fascine.<\/p>\n<p>Des questions sur le produit, la logistique, la facture o\u00f9 le mode de r\u00e8glement une seule adresse pour obtenir votre r\u00e9ponse personnalis\u00e9\u00a0<a href=\"https:\/\/old.opecheurdelune.com\/contact-o-pecheur-de-lune\" target=\"_blank\" rel=\"noopener noreferrer\">vincent@opecheurdelune.com<\/a><\/p>\n","protected":false},"excerpt":{"rendered":"<p>Rare s\u00e9rie de trois lampes en r\u00e9sine fractale avec abat-jour en fibre de verre travail des ann\u00e9es 1970 hauteur maximale 53 cm diam\u00e8tre 17 cm La r\u00e9sine fractale r\u00e9sulte de savoir-faire pointus. N\u00e9e \u00e0 la fin des ann\u00e9es 1950, elle est le r\u00e9sultat de proc\u00e9d\u00e9s chimiques complexes, issue d&#8217;une cuisson \u00e0 haute temp\u00e9rature et de polissages successifs. Ce qui donne un r\u00e9sultat presque magique\u00a0; paillet\u00e9e, fragment\u00e9e, remplie de bulles ou de cristaux, comprenant parfois des inclusions. Il s\u2019agit toujours de pi\u00e8ces uniques.\u00a0Port\u00e9e par des artistes tels que Marie-Claude de Fouqui\u00e8res, Pierre Giraudon, Fran\u00e7ois Godebski, Franco Gavagni ou Pierre Charbin, qui en ont \u00e9t\u00e9 les pr\u00e9curseurs, elle offre une libert\u00e9 d\u2019expression et une gamme de couleurs \u00e9clatantes.\u00a0Sorte d\u2019antidote \u00e0 la morosit\u00e9, aujourd\u2019hui encore cette mati\u00e8re fascine. Des questions sur le produit, la logistique, la facture o\u00f9 le mode de r\u00e8glement une seule adresse pour obtenir votre r\u00e9ponse personnalis\u00e9\u00a0vincent@opecheurdelune.com<\/p>\n","protected":false},"featured_media":10205,"comment_status":"closed","ping_status":"closed","template":"","meta":{"_seopress_robots_primary_cat":"","_seopress_titles_title":"","_seopress_titles_desc":"","_seopress_robots_index":"","_gspb_post_css":"","inline_featured_image":false},"product_brand":[],"product_cat":[333],"product_tag":[],"berocket_brand":[],"class_list":{"0":"post-10749","1":"product","2":"type-product","3":"status-publish","4":"has-post-thumbnail","6":"product_cat-lighting","8":"first","9":"outofstock","10":"taxable","11":"shipping-taxable","12":"purchasable","13":"product-type-simple"},"_links":{"self":[{"href":"https:\/\/opecheurdelune.com\/en\/wp-json\/wp\/v2\/product\/10749","targetHints":{"allow":["GET"]}}],"collection":[{"href":"https:\/\/opecheurdelune.com\/en\/wp-json\/wp\/v2\/product"}],"about":[{"href":"https:\/\/opecheurdelune.com\/en\/wp-json\/wp\/v2\/types\/product"}],"replies":[{"embeddable":true,"href":"https:\/\/opecheurdelune.com\/en\/wp-json\/wp\/v2\/comments?post=10749"}],"wp:featuredmedia":[{"embeddable":true,"href":"https:\/\/opecheurdelune.com\/en\/wp-json\/wp\/v2\/media\/10205"}],"wp:attachment":[{"href":"https:\/\/opecheurdelune.com\/en\/wp-json\/wp\/v2\/media?parent=10749"}],"wp:term":[{"taxonomy":"product_brand","embeddable":true,"href":"https:\/\/opecheurdelune.com\/en\/wp-json\/wp\/v2\/product_brand?post=10749"},{"taxonomy":"product_cat","embeddable":true,"href":"https:\/\/opecheurdelune.com\/en\/wp-json\/wp\/v2\/product_cat?post=10749"},{"taxonomy":"product_tag","embeddable":true,"href":"https:\/\/opecheurdelune.com\/en\/wp-json\/wp\/v2\/product_tag?post=10749"},{"taxonomy":"berocket_brand","embeddable":true,"href":"https:\/\/opecheurdelune.com\/en\/wp-json\/wp\/v2\/berocket_brand?post=10749"}],"curies":[{"name":"wp","href":"https:\/\/api.w.org\/{rel}","templated":true}]}}