{"id":10748,"date":"2025-10-19T21:32:32","date_gmt":"2025-10-19T19:32:32","guid":{"rendered":"https:\/\/opecheurdelune.com\/product\/hortense-damiron-la-veuve-heuvrard-1973\/"},"modified":"2025-10-19T21:32:42","modified_gmt":"2025-10-19T19:32:42","slug":"hortense-damiron-la-veuve-heuvrard-1973","status":"publish","type":"product","link":"https:\/\/opecheurdelune.com\/en\/product\/hortense-damiron-la-veuve-heuvrard-1973\/","title":{"rendered":"Hortense Damiron , &#8220;la veuve Heuvrard&#8221;, 1973"},"content":{"rendered":"<p>Hortense Damiron &#8220;La veuve Heuvrard&#8221; 1973, polyester polyurethane sur toile<\/p>\n<p>Hauteur 200 cm longueur 220 cm<\/p>\n<p>Contemporaine du mouvement pop art Hortense Damiron travaille aux cot\u00e8s de Horia Damian dans l&#8217;ancien atelier de Yves Klein \u00e0 Paris.<\/p>\n<p>Hortense Damiron pr\u00e9sente et vend son oeuvre lors de la 8eme biennale de Paris en 1973 depuis cette date le tableau \u00e9tait conserv\u00e9 par son collectionneur et transmis par succession.<\/p>\n<p>Des questions sur le produit, la logistique, la facture o\u00f9 le mode de r\u00e8glement une seule adresse pour obtenir votre r\u00e9ponse personnalis\u00e9<a href=\"https:\/\/old.opecheurdelune.com\/contact-o-pecheur-de-lune\" target=\"_blank\" rel=\"noopener\">\u00a0vincent@opecheurdelune.com<\/a><\/p>\n<p class=\"serietexte\"><span class=\"legendetitre\">Horsense Damiron Parcours<\/span><\/p>\n<p class=\"serietexte\"><span class=\"legendetitre\">Prix\u00a0<\/span><\/p>\n<p class=\"serietexte\"><span class=\"legendetitre\">2013<\/span><br \/>\n1er prix concours Le P\u00e9lerin \u00ab Un Patrimoine pour demain \u00bb, projet de vitrail pour la Chapelle Sainte-C\u00e9cile<\/p>\n<p class=\"serietexte\"><span class=\"legendetitre\">2013<\/span><br \/>\nPrix de l&#8217;Acad\u00e9mie des Beaux-Arts \/ Fr\u00e9d\u00e9ric et Jean de Vernon<\/p>\n<p class=\"serietexte\"><span class=\"legendetitre\">2009<\/span><br \/>\nR\u00e9alisation d&#8217;un ouvrage \u00ab po\u00e8me &#8211; peinture \u00bb avec Henry Bauchau, tir\u00e9 \u00e0 30 exemplaires sign\u00e9s et num\u00e9rot\u00e9s<\/p>\n<p class=\"serietexte\"><span class=\"legendetitre\">2009<\/span><br \/>\nCr\u00e9ation et r\u00e9alisation d&#8217;un vitrail, en r\u00e9sidence au Centre International du Vitrail de Chartres<\/p>\n<p class=\"serietexte\"><span class=\"legendetitre\">2002<\/span><br \/>\nPublication de la monographie Hortense Damiron aux \u00e9ditions Cercle d&#8217;Art. Texte de Jean-Luc Chalumeau<\/p>\n<p class=\"serietexte\">\n<p class=\"serietexte\"><span class=\"legendetitre\">1993<\/span><br \/>\n1er prix concours Jury des murs peints de la Ville de Paris<\/p>\n<p class=\"serietexte\"><span class=\"legendetitre\">1990<\/span><br \/>\nCr\u00e9ation d&#8217;un meuble bureau \u00e9poxy et bois n\u00b0 1\/8<\/p>\n<p class=\"serietexte\"><span class=\"legendetitre\">1987-1990<\/span><br \/>\nConception et r\u00e9alisation de la d\u00e9coration du Conseil constitutionnel, Paris<\/p>\n<p class=\"serietexte\"><span class=\"legendetitre\">1984<\/span><br \/>\nCarte de v\u0153ux du pr\u00e9sident de la R\u00e9publique, Fran\u00e7ois Mitterrand, 1985<\/p>\n<p class=\"serietexte\"><span class=\"legendetitre\">1969<\/span><br \/>\nPremi\u00e8re rencontre avec Horia Damian (mariage officiel en 2004)<\/p>\n<p class=\"serietexte\"><span class=\"legendetitre\">1969<\/span><br \/>\nPrix F\u00e9n\u00e9on<\/p>\n<p class=\"serietexte\"><span class=\"legendetitre\">1968<\/span><br \/>\nTravaille avec \u00c9mile Compard<\/p>\n<p class=\"serietexte\"><span class=\"legendetitre\">1965-1967<\/span><br \/>\n\u00c9cole nationale sup\u00e9rieure des Beaux-Arts (Paris)<\/p>\n<p class=\"serietexte\"><span class=\"legendetitre\">1963-1964<\/span><br \/>\nS\u00e9jours de travail \u00e0 Florence<br \/>\nchez Suzanne Van Damme et Bruno Capacci<\/p>\n<p class=\"serietexte\">\n<p class=\"legendetitre\">Expositions personnelles<\/p>\n<p class=\"serietexte\">2017. Le dessus des Halles, Audierne<br \/>\n2010. Galerie Artrial, Perpignan<br \/>\n2004-2005. Galerie Vallois, Paris<br \/>\n2007. Art dans les chapelles, Art \u00e0 la pointe,<br \/>\nEglise Saint-Rumon (Audierne)<br \/>\n2003. Espace Collectivit\u00e9s, parc d&#8217;expositions du Bourget<br \/>\n1996. Galerie de l&#8217;H\u00f4tel de Ville, Concarneau, Finist\u00e8re<br \/>\n1995. Espace M\u00e9lanie, Riec-sur-B\u00e9lon, Finist\u00e8re<br \/>\n1994. Galerie Montenay, Paris<br \/>\n1983. Galerie Jean Briance, Paris<br \/>\n1982. Galerie Raphael, Francfort, Allemagne<br \/>\n1981. Galerie Jean Briance, Paris<br \/>\n1980. Institut Gustave Roussy, Fondation Wildenstein, Paris<br \/>\n1979. Galerie Jean Briance, Paris<br \/>\n1978. Gemeentemuseum, Arnhem, Pays-Bas<\/p>\n<div class=\"hr\"><\/div>\n<p class=\"biotitre\">Collections publiques et priv\u00e9es<\/p>\n<p class=\"biotexte\"><span class=\"serietexte\"><br \/>\nJacques Wertheimer<br \/>\nPrince Murat<br \/>\nMus\u00e9e national d&#8217;art moderne<br \/>\nCentre Georges Pompidou, Paris<br \/>\nMus\u00e9e d&#8217;Evreux<br \/>\nFonds national d&#8217;art contemporain<br \/>\nConseil constitutionnel<br \/>\nPalais de l&#8217;\u00c9lys\u00e9e<br \/>\nPhilippe et Denis Durand-Ruel<br \/>\nKay Gimpel, Londres<br \/>\nE. Spagnolo, Milan<\/span><\/p>\n<div class=\"hr\"><\/div>\n<p class=\"biotexte\">Expositions de groupe<\/p>\n<p class=\"biotexte\"><span class=\"serietexte\"><br \/>\n2017. Festival &#8220;Les Jours de Lumi\u00e8re&#8221;, Saint-Saturnin, 22-24 septembre 2017<br \/>\n2016. Biennale de sculpture contemporaine ArtFareins<br \/>\n2009. Regards d&#8217;artistes pour la cath\u00e9drale de Chartres<br \/>\n2007. Art dans les chapelles, Art \u00e0 la pointe<br \/>\n1996. L&#8217;art au March\u00e9, Saint-Cloud<br \/>\n1995. F.I.A.C., Paris, Krugier Ditesheim Art Contemporain<br \/>\n1995. ART 95, B\u00e2le, Krugier Ditesheim Art Contemporain<br \/>\n1995. Salon de Mars, Galerie Perrin et Galerie Pariente<br \/>\n1993. F.I.A.C., Paris, Galerie Montenay<br \/>\n1989. Galerie Moussion, Paris<br \/>\n1989. Biblioth\u00e8que Historique de la Ville de Paris, \u00ab\u00a0Barbey d&#8217;Aurevilly\u00a0\u00bb<br \/>\n1987. F.I.A.C. (Paris), Galerie Elisabeth Franck<br \/>\n1987. Galerie Elisabeth Franck, Knokke-Le-Zoute, Belgique<br \/>\n1986. Galerie Blondel, Paris, \u00ab\u00a0Classicisme au pr\u00e9sent\u00a0\u00bb<br \/>\n1985. Galerie de la Seita, \u00ab\u00a0Autoportraits contemporains\u00a0\u00bb<br \/>\n1984. Galerie Jean Briance, Paris<br \/>\n1983. Centre Georges Pompidou, Paris, \u00ab\u00a0Dessins d&#8217;expression figurative\u00a0\u00bb<br \/>\n1982. F.A.C., 5e Festival d&#8217;art contemporain, Vichy<br \/>\n1981. Galerie Jean Briance, Paris, \u00ab\u00a0Le baiser\u00a0\u00bb<br \/>\n1980. Galerie L&#8217;Escapade, Gen\u00e8ve, \u00ab\u00a0L&#8217;amour\u00a0\u00bb<br \/>\n1980. Galerie Jean Briance, Paris, \u00ab\u00a0Les chapeaux\u00a0\u00bb<br \/>\n1980. Salon de Montrouge<br \/>\n1978. Galerie Jean Briance, Paris, \u00ab\u00a0Peinture au beurre\u00a0\u00bb<br \/>\n1976. Galerie Art-Extension, Paris<br \/>\n1975. Maisons de la Culture de Limoges et Chateauroux : \u00ab\u00a0\u00c9vidences Apparences\u00a0\u00bb<br \/>\n1975. Salon de Mai, Paris<br \/>\n1974. Salon de Mai, Paris<br \/>\n1973. Huiti\u00e8me Biennale de Paris<br \/>\n1970. Galerie Weil, Paris<\/span><\/p>\n","protected":false},"excerpt":{"rendered":"<p>Hortense Damiron &#8220;La veuve Heuvrard&#8221; 1973, polyester polyurethane sur toile Hauteur 200 cm longueur 220 cm Contemporaine du mouvement pop art Hortense Damiron travaille aux cot\u00e8s de Horia Damian dans l&#8217;ancien atelier de Yves Klein \u00e0 Paris. Hortense Damiron pr\u00e9sente et vend son oeuvre lors de la 8eme biennale de Paris en 1973 depuis cette date le tableau \u00e9tait conserv\u00e9 par son collectionneur et transmis par succession. Des questions sur le produit, la logistique, la facture o\u00f9 le mode de r\u00e8glement une seule adresse pour obtenir votre r\u00e9ponse personnalis\u00e9\u00a0vincent@opecheurdelune.com Horsense Damiron Parcours Prix\u00a0 2013 1er prix concours Le P\u00e9lerin \u00ab Un Patrimoine pour demain \u00bb, projet de vitrail pour la Chapelle Sainte-C\u00e9cile 2013 Prix de l&#8217;Acad\u00e9mie des Beaux-Arts \/ Fr\u00e9d\u00e9ric et Jean de Vernon 2009 R\u00e9alisation d&#8217;un ouvrage \u00ab po\u00e8me &#8211; peinture \u00bb avec Henry Bauchau, tir\u00e9 \u00e0 30 exemplaires sign\u00e9s et num\u00e9rot\u00e9s 2009 Cr\u00e9ation et r\u00e9alisation d&#8217;un vitrail, en r\u00e9sidence au Centre International du Vitrail de Chartres 2002 Publication de la monographie Hortense Damiron aux \u00e9ditions Cercle d&#8217;Art. Texte de Jean-Luc Chalumeau 1993 1er prix concours Jury des murs peints de la Ville de Paris 1990 Cr\u00e9ation d&#8217;un meuble bureau \u00e9poxy et bois n\u00b0 1\/8 1987-1990 Conception et r\u00e9alisation de la d\u00e9coration du Conseil constitutionnel, Paris 1984 Carte de v\u0153ux du pr\u00e9sident de la R\u00e9publique, Fran\u00e7ois Mitterrand, 1985 1969 Premi\u00e8re rencontre avec Horia Damian (mariage officiel en 2004) 1969 Prix F\u00e9n\u00e9on 1968 Travaille avec \u00c9mile Compard 1965-1967 \u00c9cole nationale sup\u00e9rieure des Beaux-Arts (Paris) 1963-1964 S\u00e9jours de travail \u00e0 Florence chez Suzanne Van Damme et Bruno Capacci Expositions personnelles 2017. Le dessus des Halles, Audierne 2010. Galerie Artrial, Perpignan 2004-2005. Galerie Vallois, Paris 2007. Art dans les chapelles, Art \u00e0 la pointe, Eglise Saint-Rumon (Audierne) 2003. Espace Collectivit\u00e9s, parc d&#8217;expositions du Bourget 1996. Galerie de l&#8217;H\u00f4tel de Ville, Concarneau, Finist\u00e8re 1995. Espace M\u00e9lanie, Riec-sur-B\u00e9lon, Finist\u00e8re 1994. Galerie Montenay, Paris 1983. Galerie Jean Briance, Paris 1982. Galerie Raphael, Francfort, Allemagne 1981. Galerie Jean Briance, Paris 1980. Institut Gustave Roussy, Fondation Wildenstein, Paris 1979. Galerie Jean Briance, Paris 1978. Gemeentemuseum, Arnhem, Pays-Bas Collections publiques et priv\u00e9es Jacques Wertheimer Prince Murat Mus\u00e9e national d&#8217;art moderne Centre Georges Pompidou, Paris Mus\u00e9e d&#8217;Evreux Fonds national d&#8217;art contemporain Conseil constitutionnel Palais de l&#8217;\u00c9lys\u00e9e Philippe et Denis Durand-Ruel Kay Gimpel, Londres E. Spagnolo, Milan Expositions de groupe 2017. Festival &#8220;Les Jours de Lumi\u00e8re&#8221;, Saint-Saturnin, 22-24 septembre 2017 2016. Biennale de sculpture contemporaine ArtFareins 2009. Regards d&#8217;artistes pour la cath\u00e9drale de Chartres 2007. Art dans les chapelles, Art \u00e0 la pointe 1996. L&#8217;art au March\u00e9, Saint-Cloud 1995. F.I.A.C., Paris, Krugier Ditesheim Art Contemporain 1995. ART 95, B\u00e2le, Krugier Ditesheim Art Contemporain 1995. Salon de Mars, Galerie Perrin et Galerie Pariente 1993. F.I.A.C., Paris, Galerie Montenay 1989. Galerie Moussion, Paris 1989. Biblioth\u00e8que Historique de la Ville de Paris, \u00ab\u00a0Barbey d&#8217;Aurevilly\u00a0\u00bb 1987. F.I.A.C. (Paris), Galerie Elisabeth Franck 1987. Galerie Elisabeth Franck, Knokke-Le-Zoute, Belgique 1986. Galerie Blondel, Paris, \u00ab\u00a0Classicisme au pr\u00e9sent\u00a0\u00bb 1985. Galerie de la Seita, \u00ab\u00a0Autoportraits contemporains\u00a0\u00bb 1984. Galerie Jean Briance, Paris 1983. Centre Georges Pompidou, Paris, \u00ab\u00a0Dessins d&#8217;expression figurative\u00a0\u00bb 1982. F.A.C., 5e Festival d&#8217;art contemporain, Vichy 1981. Galerie Jean Briance, Paris, \u00ab\u00a0Le baiser\u00a0\u00bb 1980. Galerie L&#8217;Escapade, Gen\u00e8ve, \u00ab\u00a0L&#8217;amour\u00a0\u00bb 1980. Galerie Jean Briance, Paris, \u00ab\u00a0Les chapeaux\u00a0\u00bb 1980. Salon de Montrouge 1978. Galerie Jean Briance, Paris, \u00ab\u00a0Peinture au beurre\u00a0\u00bb 1976. Galerie Art-Extension, Paris 1975. Maisons de la Culture de Limoges et Chateauroux : \u00ab\u00a0\u00c9vidences Apparences\u00a0\u00bb 1975. Salon de Mai, Paris 1974. Salon de Mai, Paris 1973. Huiti\u00e8me Biennale de Paris 1970. Galerie Weil, Paris<\/p>\n","protected":false},"featured_media":9961,"comment_status":"closed","ping_status":"closed","template":"","meta":{"_seopress_robots_primary_cat":"","_seopress_titles_title":"","_seopress_titles_desc":"","_seopress_robots_index":"","_gspb_post_css":"","inline_featured_image":false},"product_brand":[],"product_cat":[336],"product_tag":[],"berocket_brand":[],"class_list":{"0":"post-10748","1":"product","2":"type-product","3":"status-publish","4":"has-post-thumbnail","6":"product_cat-objects-artworks","8":"first","9":"instock","10":"taxable","11":"shipping-taxable","12":"purchasable","13":"product-type-simple"},"_links":{"self":[{"href":"https:\/\/opecheurdelune.com\/en\/wp-json\/wp\/v2\/product\/10748","targetHints":{"allow":["GET"]}}],"collection":[{"href":"https:\/\/opecheurdelune.com\/en\/wp-json\/wp\/v2\/product"}],"about":[{"href":"https:\/\/opecheurdelune.com\/en\/wp-json\/wp\/v2\/types\/product"}],"replies":[{"embeddable":true,"href":"https:\/\/opecheurdelune.com\/en\/wp-json\/wp\/v2\/comments?post=10748"}],"wp:featuredmedia":[{"embeddable":true,"href":"https:\/\/opecheurdelune.com\/en\/wp-json\/wp\/v2\/media\/9961"}],"wp:attachment":[{"href":"https:\/\/opecheurdelune.com\/en\/wp-json\/wp\/v2\/media?parent=10748"}],"wp:term":[{"taxonomy":"product_brand","embeddable":true,"href":"https:\/\/opecheurdelune.com\/en\/wp-json\/wp\/v2\/product_brand?post=10748"},{"taxonomy":"product_cat","embeddable":true,"href":"https:\/\/opecheurdelune.com\/en\/wp-json\/wp\/v2\/product_cat?post=10748"},{"taxonomy":"product_tag","embeddable":true,"href":"https:\/\/opecheurdelune.com\/en\/wp-json\/wp\/v2\/product_tag?post=10748"},{"taxonomy":"berocket_brand","embeddable":true,"href":"https:\/\/opecheurdelune.com\/en\/wp-json\/wp\/v2\/berocket_brand?post=10748"}],"curies":[{"name":"wp","href":"https:\/\/api.w.org\/{rel}","templated":true}]}}