{"id":10747,"date":"2025-10-19T21:32:32","date_gmt":"2025-10-19T19:32:32","guid":{"rendered":"https:\/\/opecheurdelune.com\/product\/gertrude-bret-sculpture-de-femme-assise-platre-france-circa-1935\/"},"modified":"2025-10-23T21:04:25","modified_gmt":"2025-10-23T19:04:25","slug":"gertrude-bret-sculpture-de-femme-assise-platre-france-circa-1935","status":"publish","type":"product","link":"https:\/\/opecheurdelune.com\/en\/product\/gertrude-bret-sculpture-de-femme-assise-platre-france-circa-1935\/","title":{"rendered":"Gertrude Bret, sculpture de femme assise, pl\u00e2tre, France, circa 1935."},"content":{"rendered":"<section class=\"product__description margin--top-bottom--medium\" aria-labelledby=\"nav-label__product-description\">\n<div>\n<div id=\"tab-1\" role=\"tabpanel\" aria-labelledby=\"tabby-toggle_tab-1\">\n<div class=\"rte\">\n<div class=\"description\">\n<div>Sculpture de femme assise, pl\u00e2tre, France, circa 1935.<\/div>\n<div>Rare sculpture d&#8217;\u00e9poque Art D\u00e9co de l&#8217;artiste.<\/div>\n<div>N\u00e9e en Angleterre en 1904, morte en France en 1995, elle \u00e9tait l&#8217;\u00e9pouse de Paul Bret (1902-1956) peintre.<\/div>\n<div><\/div>\n<div>Elle a expos\u00e9 \u00e0 la Nationale des Beaux-arts en 1935 (buste de jeune fille) et 1936 (nu).<\/div>\n<div>Trois boites de photos anciennes de ses \u0153uvres sont conserv\u00e9es \u00e0 la biblioth\u00e8que Kandinsky \u00e0 Beaubourg.<\/div>\n<div><\/div>\n<div>Hauteur 85 cm, longueur 55 cm, profondeur 45 cm<\/div>\n<div><\/div>\n<div><\/div>\n<div>Des questions sur le produit, la logistique, la facture o\u00f9 le mode de r\u00e8glement une seule adresse pour obtenir votre r\u00e9ponse personnalis\u00e9\u00a0<a href=\"https:\/\/old.opecheurdelune.com\/contact-o-pecheur-de-lune\" target=\"_blank\" rel=\"noopener noreferrer\">vincent@opecheurdelune.com<\/a><\/div>\n<div><\/div>\n<\/div>\n<\/div>\n<\/div>\n<\/div>\n<\/section>\n<\/div>\n","protected":false},"excerpt":{"rendered":"<p>Sculpture de femme assise, pl\u00e2tre, France, circa 1935. Rare sculpture d&#8217;\u00e9poque Art D\u00e9co de l&#8217;artiste. N\u00e9e en Angleterre en 1904, morte en France en 1995, elle \u00e9tait l&#8217;\u00e9pouse de Paul Bret (1902-1956) peintre. Elle a expos\u00e9 \u00e0 la Nationale des Beaux-arts en 1935 (buste de jeune fille) et 1936 (nu). Trois boites de photos anciennes de ses \u0153uvres sont conserv\u00e9es \u00e0 la biblioth\u00e8que Kandinsky \u00e0 Beaubourg. Hauteur 85 cm, longueur 55 cm, profondeur 45 cm Des questions sur le produit, la logistique, la facture o\u00f9 le mode de r\u00e8glement une seule adresse pour obtenir votre r\u00e9ponse personnalis\u00e9\u00a0vincent@opecheurdelune.com<\/p>\n","protected":false},"featured_media":10238,"comment_status":"closed","ping_status":"closed","template":"","meta":{"_seopress_robots_primary_cat":"","_seopress_titles_title":"","_seopress_titles_desc":"","_seopress_robots_index":"","_gspb_post_css":"","inline_featured_image":false},"product_brand":[],"product_cat":[336],"product_tag":[],"berocket_brand":[],"class_list":{"0":"post-10747","1":"product","2":"type-product","3":"status-publish","4":"has-post-thumbnail","6":"product_cat-objects-artworks","8":"first","9":"instock","10":"taxable","11":"shipping-taxable","12":"purchasable","13":"product-type-simple"},"_links":{"self":[{"href":"https:\/\/opecheurdelune.com\/en\/wp-json\/wp\/v2\/product\/10747","targetHints":{"allow":["GET"]}}],"collection":[{"href":"https:\/\/opecheurdelune.com\/en\/wp-json\/wp\/v2\/product"}],"about":[{"href":"https:\/\/opecheurdelune.com\/en\/wp-json\/wp\/v2\/types\/product"}],"replies":[{"embeddable":true,"href":"https:\/\/opecheurdelune.com\/en\/wp-json\/wp\/v2\/comments?post=10747"}],"wp:featuredmedia":[{"embeddable":true,"href":"https:\/\/opecheurdelune.com\/en\/wp-json\/wp\/v2\/media\/10238"}],"wp:attachment":[{"href":"https:\/\/opecheurdelune.com\/en\/wp-json\/wp\/v2\/media?parent=10747"}],"wp:term":[{"taxonomy":"product_brand","embeddable":true,"href":"https:\/\/opecheurdelune.com\/en\/wp-json\/wp\/v2\/product_brand?post=10747"},{"taxonomy":"product_cat","embeddable":true,"href":"https:\/\/opecheurdelune.com\/en\/wp-json\/wp\/v2\/product_cat?post=10747"},{"taxonomy":"product_tag","embeddable":true,"href":"https:\/\/opecheurdelune.com\/en\/wp-json\/wp\/v2\/product_tag?post=10747"},{"taxonomy":"berocket_brand","embeddable":true,"href":"https:\/\/opecheurdelune.com\/en\/wp-json\/wp\/v2\/berocket_brand?post=10747"}],"curies":[{"name":"wp","href":"https:\/\/api.w.org\/{rel}","templated":true}]}}