{"id":10745,"date":"2025-10-19T21:32:32","date_gmt":"2025-10-19T19:32:32","guid":{"rendered":"https:\/\/opecheurdelune.com\/product\/sculpture-murale-de-claude-viseux-1984\/"},"modified":"2025-10-19T21:32:42","modified_gmt":"2025-10-19T19:32:42","slug":"sculpture-murale-de-claude-viseux-1984","status":"publish","type":"product","link":"https:\/\/opecheurdelune.com\/en\/product\/sculpture-murale-de-claude-viseux-1984\/","title":{"rendered":"Sculpture murale de Claude Viseux 1984"},"content":{"rendered":"<p>Claude Viseux (1927-2008) sculpture murale en titane et inox sign\u00e9e &#8220;Viseux&#8221; et dat\u00e9 &#8220;84&#8221;<\/p>\n<p>Hauteur et largueur 70 cm, profondeur 15 cm<\/p>\n<p>Claude Viseux est un peintre, sculpteur et graveur aquafortiste et lithographe fran\u00e7ais n\u00e9 le 3 juillet 1927 \u00e0 Champagne-sur-Oise et mort le 9 novembre 2008 \u00e0 Anglet.<\/p>\n<p>la sculpture de Claude Viseux, qualifi\u00e9e de \u00ab prot\u00e9iforme, onirique, fantastique \u00bb \u2014 ami de Max Ernst, Man Ray, Francis Ponge et Henri Michaux, il ne d\u00e9savoue pas une parent\u00e9 avec le Surr\u00e9alisme.<\/p>\n<p>Des questions sur le produit, la logistique, la facture o\u00f9 le mode de r\u00e8glement une seule adresse pour obtenir votre r\u00e9ponse personnalis\u00e9\u00a0<a href=\"https:\/\/old.opecheurdelune.com\/contact-o-pecheur-de-lune\" target=\"_blank\" rel=\"noopener\">vincent@opecheurdelune.com<\/a><\/p>\n","protected":false},"excerpt":{"rendered":"<p>Claude Viseux (1927-2008) sculpture murale en titane et inox sign\u00e9e &#8220;Viseux&#8221; et dat\u00e9 &#8220;84&#8221; Hauteur et largueur 70 cm, profondeur 15 cm Claude Viseux est un peintre, sculpteur et graveur aquafortiste et lithographe fran\u00e7ais n\u00e9 le 3 juillet 1927 \u00e0 Champagne-sur-Oise et mort le 9 novembre 2008 \u00e0 Anglet. la sculpture de Claude Viseux, qualifi\u00e9e de \u00ab prot\u00e9iforme, onirique, fantastique \u00bb \u2014 ami de Max Ernst, Man Ray, Francis Ponge et Henri Michaux, il ne d\u00e9savoue pas une parent\u00e9 avec le Surr\u00e9alisme. Des questions sur le produit, la logistique, la facture o\u00f9 le mode de r\u00e8glement une seule adresse pour obtenir votre r\u00e9ponse personnalis\u00e9\u00a0vincent@opecheurdelune.com<\/p>\n","protected":false},"featured_media":10248,"comment_status":"closed","ping_status":"closed","template":"","meta":{"_seopress_robots_primary_cat":"","_seopress_titles_title":"","_seopress_titles_desc":"","_seopress_robots_index":"","_gspb_post_css":"","inline_featured_image":false},"product_brand":[],"product_cat":[336],"product_tag":[],"berocket_brand":[],"class_list":{"0":"post-10745","1":"product","2":"type-product","3":"status-publish","4":"has-post-thumbnail","6":"product_cat-objects-artworks","8":"first","9":"instock","10":"taxable","11":"shipping-taxable","12":"purchasable","13":"product-type-simple"},"_links":{"self":[{"href":"https:\/\/opecheurdelune.com\/en\/wp-json\/wp\/v2\/product\/10745","targetHints":{"allow":["GET"]}}],"collection":[{"href":"https:\/\/opecheurdelune.com\/en\/wp-json\/wp\/v2\/product"}],"about":[{"href":"https:\/\/opecheurdelune.com\/en\/wp-json\/wp\/v2\/types\/product"}],"replies":[{"embeddable":true,"href":"https:\/\/opecheurdelune.com\/en\/wp-json\/wp\/v2\/comments?post=10745"}],"wp:featuredmedia":[{"embeddable":true,"href":"https:\/\/opecheurdelune.com\/en\/wp-json\/wp\/v2\/media\/10248"}],"wp:attachment":[{"href":"https:\/\/opecheurdelune.com\/en\/wp-json\/wp\/v2\/media?parent=10745"}],"wp:term":[{"taxonomy":"product_brand","embeddable":true,"href":"https:\/\/opecheurdelune.com\/en\/wp-json\/wp\/v2\/product_brand?post=10745"},{"taxonomy":"product_cat","embeddable":true,"href":"https:\/\/opecheurdelune.com\/en\/wp-json\/wp\/v2\/product_cat?post=10745"},{"taxonomy":"product_tag","embeddable":true,"href":"https:\/\/opecheurdelune.com\/en\/wp-json\/wp\/v2\/product_tag?post=10745"},{"taxonomy":"berocket_brand","embeddable":true,"href":"https:\/\/opecheurdelune.com\/en\/wp-json\/wp\/v2\/berocket_brand?post=10745"}],"curies":[{"name":"wp","href":"https:\/\/api.w.org\/{rel}","templated":true}]}}