{"id":10741,"date":"2025-10-19T21:32:32","date_gmt":"2025-10-19T19:32:32","guid":{"rendered":"https:\/\/opecheurdelune.com\/product\/affiche-de-corrida-saint-sever-1908\/"},"modified":"2025-10-23T21:04:25","modified_gmt":"2025-10-23T19:04:25","slug":"affiche-de-corrida-saint-sever-1908","status":"publish","type":"product","link":"https:\/\/opecheurdelune.com\/en\/product\/affiche-de-corrida-saint-sever-1908\/","title":{"rendered":"Affiche de corrida, Saint-Sever 1908."},"content":{"rendered":"<section class=\"product__description margin--top-bottom--medium\" aria-labelledby=\"nav-label__product-description\">\n<div>\n<div id=\"tab-1\" role=\"tabpanel\" aria-labelledby=\"tabby-toggle_tab-1\">\n<div class=\"rte\">\n<div class=\"description\">\n<p>Affiche originale des f\u00eates de la Saint-Jean et de la corrida de Saint-Sever en 1908, affiche ancienne entoil\u00e9e et restaur\u00e9e.<\/p>\n<p>L&#8217;affiche \u00e9tait imprim\u00e9e en Espagne puis exp\u00e9di\u00e9e en France en 3 parties. Le programme des f\u00eates locales de Saint-Sever \u00e9tait imprim\u00e9 par l&#8217;imprimeur local. L&#8217;affiche, fin pr\u00eate, \u00e9tait alors exp\u00e9di\u00e9 aux afficheurs des communes \u00e0 l&#8217;entour pour annoncer l&#8217;\u00e9v\u00e9nement.<\/p>\n<p>Notre affiche a \u00e9t\u00e9 affich\u00e9e, car on retrouve le timbre fiscal d&#8217;affichage est visible sur la face recto.<\/p>\n<p>Hauteur 290 cm largueur 140 cm<\/p>\n<p>Des questions sur le produit, la logistique, la facture o\u00f9 le mode de r\u00e8glement une seule adresse pour obtenir votre r\u00e9ponse personnalis\u00e9\u00a0<a href=\"https:\/\/old.opecheurdelune.com\/contact-o-pecheur-de-lune\" target=\"_blank\" rel=\"noopener\">vincent@opecheurdelune.com\u00a0<\/a><\/p>\n<\/div>\n<\/div>\n<\/div>\n<\/div>\n<\/section>\n<\/div>\n","protected":false},"excerpt":{"rendered":"<p>Affiche originale des f\u00eates de la Saint-Jean et de la corrida de Saint-Sever en 1908, affiche ancienne entoil\u00e9e et restaur\u00e9e. L&#8217;affiche \u00e9tait imprim\u00e9e en Espagne puis exp\u00e9di\u00e9e en France en 3 parties. Le programme des f\u00eates locales de Saint-Sever \u00e9tait imprim\u00e9 par l&#8217;imprimeur local. L&#8217;affiche, fin pr\u00eate, \u00e9tait alors exp\u00e9di\u00e9 aux afficheurs des communes \u00e0 l&#8217;entour pour annoncer l&#8217;\u00e9v\u00e9nement. Notre affiche a \u00e9t\u00e9 affich\u00e9e, car on retrouve le timbre fiscal d&#8217;affichage est visible sur la face recto. Hauteur 290 cm largueur 140 cm Des questions sur le produit, la logistique, la facture o\u00f9 le mode de r\u00e8glement une seule adresse pour obtenir votre r\u00e9ponse personnalis\u00e9\u00a0vincent@opecheurdelune.com\u00a0<\/p>\n","protected":false},"featured_media":10258,"comment_status":"closed","ping_status":"closed","template":"","meta":{"_seopress_robots_primary_cat":"","_seopress_titles_title":"","_seopress_titles_desc":"","_seopress_robots_index":"","_gspb_post_css":"","inline_featured_image":false},"product_brand":[],"product_cat":[336],"product_tag":[],"berocket_brand":[],"class_list":{"0":"post-10741","1":"product","2":"type-product","3":"status-publish","4":"has-post-thumbnail","6":"product_cat-objects-artworks","8":"first","9":"instock","10":"taxable","11":"shipping-taxable","12":"purchasable","13":"product-type-simple"},"_links":{"self":[{"href":"https:\/\/opecheurdelune.com\/en\/wp-json\/wp\/v2\/product\/10741","targetHints":{"allow":["GET"]}}],"collection":[{"href":"https:\/\/opecheurdelune.com\/en\/wp-json\/wp\/v2\/product"}],"about":[{"href":"https:\/\/opecheurdelune.com\/en\/wp-json\/wp\/v2\/types\/product"}],"replies":[{"embeddable":true,"href":"https:\/\/opecheurdelune.com\/en\/wp-json\/wp\/v2\/comments?post=10741"}],"wp:featuredmedia":[{"embeddable":true,"href":"https:\/\/opecheurdelune.com\/en\/wp-json\/wp\/v2\/media\/10258"}],"wp:attachment":[{"href":"https:\/\/opecheurdelune.com\/en\/wp-json\/wp\/v2\/media?parent=10741"}],"wp:term":[{"taxonomy":"product_brand","embeddable":true,"href":"https:\/\/opecheurdelune.com\/en\/wp-json\/wp\/v2\/product_brand?post=10741"},{"taxonomy":"product_cat","embeddable":true,"href":"https:\/\/opecheurdelune.com\/en\/wp-json\/wp\/v2\/product_cat?post=10741"},{"taxonomy":"product_tag","embeddable":true,"href":"https:\/\/opecheurdelune.com\/en\/wp-json\/wp\/v2\/product_tag?post=10741"},{"taxonomy":"berocket_brand","embeddable":true,"href":"https:\/\/opecheurdelune.com\/en\/wp-json\/wp\/v2\/berocket_brand?post=10741"}],"curies":[{"name":"wp","href":"https:\/\/api.w.org\/{rel}","templated":true}]}}