{"id":10739,"date":"2025-10-19T21:32:32","date_gmt":"2025-10-19T19:32:32","guid":{"rendered":"https:\/\/opecheurdelune.com\/product\/charlie-tastet-huile-sur-toile-serie-fusion\/"},"modified":"2025-10-23T11:44:52","modified_gmt":"2025-10-23T09:44:52","slug":"charlie-tastet-huile-sur-toile-serie-fusion","status":"publish","type":"product","link":"https:\/\/opecheurdelune.com\/en\/product\/charlie-tastet-huile-sur-toile-serie-fusion\/","title":{"rendered":"Charlie Tastet, huile sur toile, s\u00e9rie Fusion"},"content":{"rendered":"<p>Grande toile sepia, s\u00e9rie fusion, huile sur toile de Charlie Tastet 200 x 160 cm sign\u00e9e et dat\u00e9e au dos.<\/p>\n<p class=\"font_7\"><span class=\"color_14\">Charlie Tastet est n\u00e9 en 1983 \u00e0 Bayonne. Il vit et travaille actuellement \u00e0 Saint-Sever, Cap de Gascogne, France.<\/span><\/p>\n<p class=\"font_7\"><span class=\"color_14\">Le travail de Charlie Tastet est le t\u00e9moignage d\u2019un artiste \u00e0 la grande sensibilit\u00e9, aux yeux grands ouverts sur le monde que trois grands artistes de renom G\u00e9rard Fromanger, Jean-Paul Chambas et Jeannette Leroy soutiennent et encouragent.<\/span><\/p>\n<p class=\"font_7\"><span class=\"color_14\">EXPOSITIONS (s\u00e9lection r\u00e9cente) :<\/span><\/p>\n<p class=\"font_7\"><span class=\"color_14\">2022 Galerie Passevite, Lisbonne\u00a0<\/span><\/p>\n<p class=\"font_7\">2020-2021 Sporting casino d&#8217;Hossegor\u00a0exposition\u00a0monographique<\/p>\n<p class=\"font_7\"><span class=\"color_14\">2019 Mus\u00e9e de\u00a0<\/span>Gu\u00e9thary<\/p>\n<p class=\"font_7\"><span class=\"color_14\">2018\u00a0<\/span><span class=\"color_14\">Galerie \u00d4 p\u00eacheur de lune, Saint-Sever<\/span><\/p>\n<p class=\"font_7\"><span class=\"color_14\">2017 salon des antiquaires et art contemporain de Biarritz, galerie \u00d4 p\u00eacheur de lune,<\/span><\/p>\n<p class=\"font_7\"><span class=\"color_14\">2016 Galerie \u00d4 p\u00eacheur de lune, Saint-Sever<\/span><\/p>\n<p class=\"font_7\">\n<p class=\"font_7\"><span class=\"color_14\">Des questions sur le produit, la logistique, la facture o\u00f9 le mode de r\u00e8glement une seule adresse pour obtenir votre r\u00e9ponse personnalis\u00e9\u00a0<a href=\"https:\/\/o-pecheur-de-lune.myshopify.com\/products\/Des%20questions%20sur%20le%20produit,%20la%20logistique,%20la%20facture%20o%C3%B9%20le%20mode%20de%20r%C3%A8glement%20une%20seule%20adresse%20pour%20obtenir%20votre%20r%C3%A9ponse%20personnalis%C3%A9%20vincent@opecheurdelune.com\" target=\"_blank\" rel=\"noopener noreferrer\">vincent@opecheurdelune.com<\/a><\/span><\/p>\n","protected":false},"excerpt":{"rendered":"<p>Grande toile sepia, s\u00e9rie fusion, huile sur toile de Charlie Tastet 200 x 160 cm sign\u00e9e et dat\u00e9e au dos. Charlie Tastet est n\u00e9 en 1983 \u00e0 Bayonne. Il vit et travaille actuellement \u00e0 Saint-Sever, Cap de Gascogne, France. Le travail de Charlie Tastet est le t\u00e9moignage d\u2019un artiste \u00e0 la grande sensibilit\u00e9, aux yeux grands ouverts sur le monde que trois grands artistes de renom G\u00e9rard Fromanger, Jean-Paul Chambas et Jeannette Leroy soutiennent et encouragent. EXPOSITIONS (s\u00e9lection r\u00e9cente) : 2022 Galerie Passevite, Lisbonne\u00a0 2020-2021 Sporting casino d&#8217;Hossegor\u00a0exposition\u00a0monographique 2019 Mus\u00e9e de\u00a0Gu\u00e9thary 2018\u00a0Galerie \u00d4 p\u00eacheur de lune, Saint-Sever 2017 salon des antiquaires et art contemporain de Biarritz, galerie \u00d4 p\u00eacheur de lune, 2016 Galerie \u00d4 p\u00eacheur de lune, Saint-Sever Des questions sur le produit, la logistique, la facture o\u00f9 le mode de r\u00e8glement une seule adresse pour obtenir votre r\u00e9ponse personnalis\u00e9\u00a0vincent@opecheurdelune.com<\/p>\n","protected":false},"featured_media":10263,"comment_status":"closed","ping_status":"closed","template":"","meta":{"_seopress_robots_primary_cat":"","_seopress_titles_title":"","_seopress_titles_desc":"","_seopress_robots_index":"","_gspb_post_css":"","inline_featured_image":false},"product_brand":[],"product_cat":[336],"product_tag":[],"berocket_brand":[349],"class_list":{"0":"post-10739","1":"product","2":"type-product","3":"status-publish","4":"has-post-thumbnail","6":"product_cat-objects-artworks","7":"berocket_brand-charlie-tastet-en","9":"first","10":"instock","11":"taxable","12":"shipping-taxable","13":"purchasable","14":"product-type-simple"},"_links":{"self":[{"href":"https:\/\/opecheurdelune.com\/en\/wp-json\/wp\/v2\/product\/10739","targetHints":{"allow":["GET"]}}],"collection":[{"href":"https:\/\/opecheurdelune.com\/en\/wp-json\/wp\/v2\/product"}],"about":[{"href":"https:\/\/opecheurdelune.com\/en\/wp-json\/wp\/v2\/types\/product"}],"replies":[{"embeddable":true,"href":"https:\/\/opecheurdelune.com\/en\/wp-json\/wp\/v2\/comments?post=10739"}],"wp:featuredmedia":[{"embeddable":true,"href":"https:\/\/opecheurdelune.com\/en\/wp-json\/wp\/v2\/media\/10263"}],"wp:attachment":[{"href":"https:\/\/opecheurdelune.com\/en\/wp-json\/wp\/v2\/media?parent=10739"}],"wp:term":[{"taxonomy":"product_brand","embeddable":true,"href":"https:\/\/opecheurdelune.com\/en\/wp-json\/wp\/v2\/product_brand?post=10739"},{"taxonomy":"product_cat","embeddable":true,"href":"https:\/\/opecheurdelune.com\/en\/wp-json\/wp\/v2\/product_cat?post=10739"},{"taxonomy":"product_tag","embeddable":true,"href":"https:\/\/opecheurdelune.com\/en\/wp-json\/wp\/v2\/product_tag?post=10739"},{"taxonomy":"berocket_brand","embeddable":true,"href":"https:\/\/opecheurdelune.com\/en\/wp-json\/wp\/v2\/berocket_brand?post=10739"}],"curies":[{"name":"wp","href":"https:\/\/api.w.org\/{rel}","templated":true}]}}