{"id":10738,"date":"2025-10-19T21:32:32","date_gmt":"2025-10-19T19:32:32","guid":{"rendered":"https:\/\/opecheurdelune.com\/product\/sculpture-murale-de-sophie-garralon-2019-2\/"},"modified":"2025-10-23T21:04:24","modified_gmt":"2025-10-23T19:04:24","slug":"sculpture-murale-de-sophie-garralon-2019-2","status":"publish","type":"product","link":"https:\/\/opecheurdelune.com\/en\/product\/sculpture-murale-de-sophie-garralon-2019-2\/","title":{"rendered":"Sculpture murale de Sophie Garralon, 2019"},"content":{"rendered":"<section class=\"product__description margin--top-bottom--medium\" aria-labelledby=\"nav-label__product-description\">\n<div>\n<div id=\"tab-1\" role=\"tabpanel\" aria-labelledby=\"tabby-toggle_tab-1\">\n<div class=\"rte\">\n<div class=\"description\">\n<p>Sculpture mural de Sophie Garralon<\/p>\n<p>Hauteur 94 cm,\u00a0 largueur 72 cm, profondeur 17 cm.<\/p>\n<p class=\"font_8\">Sophie Garralon\u00a0est une artiste fran\u00e7aise n\u00e9e le 30\/01\/1966 .<\/p>\n<p class=\"font_8\">Elle cr\u00e9e des compositions en haut-relief color\u00e9es.<\/p>\n<p class=\"font_8\">Volumes \u00e9mergents, structures aux lignes jaillissantes , fragment\u00e9es, rompues, dynamiques..<\/p>\n<p class=\"font_8\">Le commencement d\u2019une \u0153uvre d\u00e9marre sur l\u2019impulsion de libert\u00e9 des formes, d\u2019une pl\u00e9thore de minis chaos enchev\u00eatr\u00e9s les uns aux autres, de lignes al\u00e9atoires.<\/p>\n<p class=\"font_8\"><span class=\"wixGuard\">?<\/span><\/p>\n<p class=\"font_8\">\u00c0 ce stade la lecture incertaine de l\u2019\u0153uvre inspire \u00e0 l\u2019artiste une nouvelle orientation. Jouant des couleurs ( souvent compl\u00e9mentaires entre elles : rouge\/vert, jaune\/violet, orange\/bleu \u2026), de mat\u00e9riaux divers comme le carton , le papier vinyle, des rehauts paillet\u00e9s\u2026<\/p>\n<p class=\"font_8\"><span class=\"wixGuard\">?<\/span><\/p>\n<p class=\"font_8\">L\u2019artiste cherche \u00e0 capter l\u2019\u0153il et les sens du spectateur par des jeux optiques graphiques multicolores et des effets de mati\u00e8re. La vitalit\u00e9 onirique dans cette joyeuse complexit\u00e9 invite le passant \u00e0 r\u00e9veiller des \u00e9motions de l\u2019enfant qui est en lui.<br \/>\nElle cherche \u00e0 \u00eatre en connivence avec le monde int\u00e9rieur originel de chaque spectateur. R\u00e9miniscences des premiers \u00e9mois dans la d\u00e9couverte esth\u00e9tique du monde de l\u2019enfant \u2026Une dame mexicaine me dit un jour que dans son pays \u00ab\u00a0des peintures avec certaines couleurs avaient la vocation de soigner l\u2019\u00e2me des gens \u2026\u00a0\u00bb<\/p>\n<p class=\"font_8\">Exposition :<\/p>\n<p class=\"font_8\"><span class=\"wixGuard\">?<\/span><\/p>\n<p class=\"font_8\">galerie \u00d4 p\u00eacheur de lune juillet ao\u00fbt 2019<\/p>\n<p class=\"font_8\">galerie Brassilia St Ouen\/Paris<\/p>\n<p class=\"font_8\"><span class=\"wixGuard\">?<\/span><\/p>\n<p class=\"font_8\">Collection :<\/p>\n<p class=\"font_8\"><span class=\"wixGuard\">?<\/span><\/p>\n<p class=\"font_8\">collection priv\u00e9 en France, Chine, Etat-unis, Angleterre, Pays-bas.<\/p>\n<p>Des questions sur le produit, la logistique, la facture o\u00f9 le mode de r\u00e8glement une seule adresse pour obtenir votre r\u00e9ponse personnalis\u00e9\u00a0<a href=\"https:\/\/old.opecheurdelune.com\/contact-o-pecheur-de-lune\" target=\"_blank\" rel=\"noopener\">vincent@opecheurdelune.com<\/a><\/p>\n<\/div>\n<\/div>\n<\/div>\n<\/div>\n<\/section>\n<\/div>\n","protected":false},"excerpt":{"rendered":"<p>Sculpture mural de Sophie Garralon Hauteur 94 cm,\u00a0 largueur 72 cm, profondeur 17 cm. Sophie Garralon\u00a0est une artiste fran\u00e7aise n\u00e9e le 30\/01\/1966 . Elle cr\u00e9e des compositions en haut-relief color\u00e9es. Volumes \u00e9mergents, structures aux lignes jaillissantes , fragment\u00e9es, rompues, dynamiques.. Le commencement d\u2019une \u0153uvre d\u00e9marre sur l\u2019impulsion de libert\u00e9 des formes, d\u2019une pl\u00e9thore de minis chaos enchev\u00eatr\u00e9s les uns aux autres, de lignes al\u00e9atoires. ? \u00c0 ce stade la lecture incertaine de l\u2019\u0153uvre inspire \u00e0 l\u2019artiste une nouvelle orientation. Jouant des couleurs ( souvent compl\u00e9mentaires entre elles : rouge\/vert, jaune\/violet, orange\/bleu \u2026), de mat\u00e9riaux divers comme le carton , le papier vinyle, des rehauts paillet\u00e9s\u2026 ? L\u2019artiste cherche \u00e0 capter l\u2019\u0153il et les sens du spectateur par des jeux optiques graphiques multicolores et des effets de mati\u00e8re. La vitalit\u00e9 onirique dans cette joyeuse complexit\u00e9 invite le passant \u00e0 r\u00e9veiller des \u00e9motions de l\u2019enfant qui est en lui. Elle cherche \u00e0 \u00eatre en connivence avec le monde int\u00e9rieur originel de chaque spectateur. R\u00e9miniscences des premiers \u00e9mois dans la d\u00e9couverte esth\u00e9tique du monde de l\u2019enfant \u2026Une dame mexicaine me dit un jour que dans son pays \u00ab\u00a0des peintures avec certaines couleurs avaient la vocation de soigner l\u2019\u00e2me des gens \u2026\u00a0\u00bb Exposition : ? galerie \u00d4 p\u00eacheur de lune juillet ao\u00fbt 2019 galerie Brassilia St Ouen\/Paris ? Collection : ? collection priv\u00e9 en France, Chine, Etat-unis, Angleterre, Pays-bas. Des questions sur le produit, la logistique, la facture o\u00f9 le mode de r\u00e8glement une seule adresse pour obtenir votre r\u00e9ponse personnalis\u00e9\u00a0vincent@opecheurdelune.com<\/p>\n","protected":false},"featured_media":10278,"comment_status":"closed","ping_status":"closed","template":"","meta":{"_seopress_robots_primary_cat":"","_seopress_titles_title":"","_seopress_titles_desc":"","_seopress_robots_index":"","_gspb_post_css":"","inline_featured_image":false},"product_brand":[],"product_cat":[336],"product_tag":[],"berocket_brand":[352],"class_list":{"0":"post-10738","1":"product","2":"type-product","3":"status-publish","4":"has-post-thumbnail","6":"product_cat-objects-artworks","7":"berocket_brand-sophie-garralon-en","9":"first","10":"instock","11":"taxable","12":"shipping-taxable","13":"purchasable","14":"product-type-simple"},"_links":{"self":[{"href":"https:\/\/opecheurdelune.com\/en\/wp-json\/wp\/v2\/product\/10738","targetHints":{"allow":["GET"]}}],"collection":[{"href":"https:\/\/opecheurdelune.com\/en\/wp-json\/wp\/v2\/product"}],"about":[{"href":"https:\/\/opecheurdelune.com\/en\/wp-json\/wp\/v2\/types\/product"}],"replies":[{"embeddable":true,"href":"https:\/\/opecheurdelune.com\/en\/wp-json\/wp\/v2\/comments?post=10738"}],"wp:featuredmedia":[{"embeddable":true,"href":"https:\/\/opecheurdelune.com\/en\/wp-json\/wp\/v2\/media\/10278"}],"wp:attachment":[{"href":"https:\/\/opecheurdelune.com\/en\/wp-json\/wp\/v2\/media?parent=10738"}],"wp:term":[{"taxonomy":"product_brand","embeddable":true,"href":"https:\/\/opecheurdelune.com\/en\/wp-json\/wp\/v2\/product_brand?post=10738"},{"taxonomy":"product_cat","embeddable":true,"href":"https:\/\/opecheurdelune.com\/en\/wp-json\/wp\/v2\/product_cat?post=10738"},{"taxonomy":"product_tag","embeddable":true,"href":"https:\/\/opecheurdelune.com\/en\/wp-json\/wp\/v2\/product_tag?post=10738"},{"taxonomy":"berocket_brand","embeddable":true,"href":"https:\/\/opecheurdelune.com\/en\/wp-json\/wp\/v2\/berocket_brand?post=10738"}],"curies":[{"name":"wp","href":"https:\/\/api.w.org\/{rel}","templated":true}]}}