{"id":10737,"date":"2025-10-19T21:32:32","date_gmt":"2025-10-19T19:32:32","guid":{"rendered":"https:\/\/opecheurdelune.com\/product\/enfilade-en-palissandre-de-rio-arne-vodder-sibast-furniture-danemark\/"},"modified":"2025-10-23T21:04:24","modified_gmt":"2025-10-23T19:04:24","slug":"enfilade-en-palissandre-de-rio-arne-vodder-sibast-furniture-danemark","status":"publish","type":"product","link":"https:\/\/opecheurdelune.com\/en\/product\/enfilade-en-palissandre-de-rio-arne-vodder-sibast-furniture-danemark\/","title":{"rendered":"Enfilade en palissandre de rio, Arne Vodder, Sibast Furniture, Danemark"},"content":{"rendered":"<section class=\"product__description margin--top-bottom--medium\" aria-labelledby=\"nav-label__product-description\">\n<div>\n<div id=\"tab-1\" role=\"tabpanel\" aria-labelledby=\"tabby-toggle_tab-1\">\n<div class=\"rte\">\n<div class=\"description\">\n<p><span>Enfilade en palissandre de rio, Arne Vodder, Meubles Sibast, Danemark, 1970.<\/span><\/p>\n<p><span>L&#8217;enfilade en palissandre de rio se compose de 4 tiroirs en ceinture et 2 portes coulissantes ouvrant sur de grande \u00e9tag\u00e8re.\u00a0Une estampille de &#8220;Sibast Furniture made in Danmark&#8221; et une contre marque &#8220;Furnituremakers Danish control&#8221; se trouvent dans un des tiroirs.\u00a0L&#8217;enfilade est en tr\u00e8s bon \u00e9tat.\u00a0Le dos de l&#8217;enfilade est \u00e9galement plaqu\u00e9 de palissandre de rio sur remarque ainsi que les soins apport\u00e9s au finition de ce meuble d&#8217;exception.\u00a0Provenances enfilade et\u00a0<\/span>palissandre de rio, Arne Vodder, Sibast Furniture,<span>\u00a0\u00a0 acquise en 1972 \u00e0 chez &#8220;La boutique danoise&#8221; \u00e0 Paris en 1972 par les derniers propri\u00e9taires.<\/span><\/p>\n<p><span>Hauteur : 92 cm, longueur : 250 cm, profondeur : 49 cm<\/span><\/p>\n<p><span>Des questions sur le produit, la logistique, la facture o\u00f9 le mode de r\u00e8glement une seule adresse pour obtenir votre r\u00e9ponse personnalis\u00e9e\u00a0\u00a0\u00a0<\/span><a href=\"https:\/\/old.opecheurdelune.com\/contact-o-pecheur-de-lune\" target=\"_blank\" rel=\"noopener\"><span>vincent@opecheurdelune.com<\/span><\/a><\/p>\n<p><span>Arne Vodder est n\u00e9 en 1926 au Danemark.\u00a0<\/span>\u00a0<span>Il suit une formation d&#8217;\u00e9b\u00e9niste et d&#8217;architecte \u00e0 la Royal Danish Academy of Fine Arts de Copenhague, sous la direction de\u00a0<\/span>\u00a0<span>Finn Juhl\u00a0<\/span>\u00a0<span>, o\u00f9 il obtient son dipl\u00f4me en 1947. Il travaille ensuite comme designer pour Hindsgaul \u00e0 Copenhague, majoritairement dans le conception de bureau.\u00a0<\/span>\u00a0<span>En 1950, Vodder lance son propre studio d&#8217;architecture et de design avec Anton Borg.\u00a0<\/span>\u00a0<span>Au fil des ann\u00e9es, le studio d\u00e9m\u00e9nage plusieurs fois, toujours \u00e0 Copenhague, avant de s&#8217;installer d\u00e9finitivement dans la banlieue de Holte, au nord de la ville.\u00a0<\/span>\u00a0<span>Jusqu&#8217;aux ann\u00e9es 1970, le duo collabore et con\u00e7oit des meubles, mais aussi de nombreuses maisons low-cost.<\/span><\/p>\n<p><span>Vodder est surtout connu pour ses conceptions de mobilier, tr\u00e8s simples, faites de mat\u00e9riaux naturels comme le palissandre\u00a0de rio et le teck.\u00a0<\/span>\u00a0<span>Ses pi\u00e8ces sont souvent inspir\u00e9es de formes naturelles, et parfois accentu\u00e9es de couleurs vives.\u00a0<\/span>\u00a0<span>Au long de sa carri\u00e8re, Vodder travaille avec de nombreuses marques tr\u00e8s c\u00e9l\u00e8bres, pour lesquelles il con\u00e7oit des armoires, des tables, des assises, et bien d&#8217;autres encore.\u00a0<\/span>\u00a0<span>Il travaille \u00e9galement pour Fritz Hansen, France &amp; Son, Nielaus, Sibast, Kircodan (pour qui il a con\u00e7u du mobilier de jardin), mais aussi pour la cha\u00eene de magasins Havemanns.<\/span><\/p>\n<p><span>Dans les ann\u00e9es 1950 et 1970, les conceptions de mobilier de Arne Vodder ont \u00e9t\u00e9 utilis\u00e9es par le Pr\u00e9sident Jimmy Carter \u00e0 la Maison Blanche, par le Pr\u00e9sident Anwar Sadat au Caire, et m\u00eame au Bureau des Nations Unies \u00e0 Gen\u00e8ve, mais aussi par un grand nombre d&#8217;h\u00f4tels, de banques et d&#8217;ambassades \u00e0 travers le monde.\u00a0<\/span>\u00a0<span>Son travail est expos\u00e9 individuellement ou dans des expositions group\u00e9es, aux c\u00f4t\u00e9s de celui de\u00a0\u00a0<\/span>\u00a0<span>Verner Panton\u00a0<\/span>\u00a0<span>\u00a0et\u00a0\u00a0<\/span>\u00a0<span>Nanna Ditzel\u00a0<\/span>\u00a0<span>.<\/span><\/p>\n<p><span>M. Vodder d\u00e9c\u00e8de en 2009<\/span><\/p>\n<\/div>\n<\/div>\n<\/div>\n<\/div>\n<\/section>\n<\/div>\n","protected":false},"excerpt":{"rendered":"<p>Enfilade en palissandre de rio, Arne Vodder, Meubles Sibast, Danemark, 1970. L&#8217;enfilade en palissandre de rio se compose de 4 tiroirs en ceinture et 2 portes coulissantes ouvrant sur de grande \u00e9tag\u00e8re.\u00a0Une estampille de &#8220;Sibast Furniture made in Danmark&#8221; et une contre marque &#8220;Furnituremakers Danish control&#8221; se trouvent dans un des tiroirs.\u00a0L&#8217;enfilade est en tr\u00e8s bon \u00e9tat.\u00a0Le dos de l&#8217;enfilade est \u00e9galement plaqu\u00e9 de palissandre de rio sur remarque ainsi que les soins apport\u00e9s au finition de ce meuble d&#8217;exception.\u00a0Provenances enfilade et\u00a0palissandre de rio, Arne Vodder, Sibast Furniture,\u00a0\u00a0 acquise en 1972 \u00e0 chez &#8220;La boutique danoise&#8221; \u00e0 Paris en 1972 par les derniers propri\u00e9taires. Hauteur : 92 cm, longueur : 250 cm, profondeur : 49 cm Des questions sur le produit, la logistique, la facture o\u00f9 le mode de r\u00e8glement une seule adresse pour obtenir votre r\u00e9ponse personnalis\u00e9e\u00a0\u00a0\u00a0vincent@opecheurdelune.com Arne Vodder est n\u00e9 en 1926 au Danemark.\u00a0\u00a0Il suit une formation d&#8217;\u00e9b\u00e9niste et d&#8217;architecte \u00e0 la Royal Danish Academy of Fine Arts de Copenhague, sous la direction de\u00a0\u00a0Finn Juhl\u00a0\u00a0, o\u00f9 il obtient son dipl\u00f4me en 1947. Il travaille ensuite comme designer pour Hindsgaul \u00e0 Copenhague, majoritairement dans le conception de bureau.\u00a0\u00a0En 1950, Vodder lance son propre studio d&#8217;architecture et de design avec Anton Borg.\u00a0\u00a0Au fil des ann\u00e9es, le studio d\u00e9m\u00e9nage plusieurs fois, toujours \u00e0 Copenhague, avant de s&#8217;installer d\u00e9finitivement dans la banlieue de Holte, au nord de la ville.\u00a0\u00a0Jusqu&#8217;aux ann\u00e9es 1970, le duo collabore et con\u00e7oit des meubles, mais aussi de nombreuses maisons low-cost. Vodder est surtout connu pour ses conceptions de mobilier, tr\u00e8s simples, faites de mat\u00e9riaux naturels comme le palissandre\u00a0de rio et le teck.\u00a0\u00a0Ses pi\u00e8ces sont souvent inspir\u00e9es de formes naturelles, et parfois accentu\u00e9es de couleurs vives.\u00a0\u00a0Au long de sa carri\u00e8re, Vodder travaille avec de nombreuses marques tr\u00e8s c\u00e9l\u00e8bres, pour lesquelles il con\u00e7oit des armoires, des tables, des assises, et bien d&#8217;autres encore.\u00a0\u00a0Il travaille \u00e9galement pour Fritz Hansen, France &amp; Son, Nielaus, Sibast, Kircodan (pour qui il a con\u00e7u du mobilier de jardin), mais aussi pour la cha\u00eene de magasins Havemanns. Dans les ann\u00e9es 1950 et 1970, les conceptions de mobilier de Arne Vodder ont \u00e9t\u00e9 utilis\u00e9es par le Pr\u00e9sident Jimmy Carter \u00e0 la Maison Blanche, par le Pr\u00e9sident Anwar Sadat au Caire, et m\u00eame au Bureau des Nations Unies \u00e0 Gen\u00e8ve, mais aussi par un grand nombre d&#8217;h\u00f4tels, de banques et d&#8217;ambassades \u00e0 travers le monde.\u00a0\u00a0Son travail est expos\u00e9 individuellement ou dans des expositions group\u00e9es, aux c\u00f4t\u00e9s de celui de\u00a0\u00a0\u00a0Verner Panton\u00a0\u00a0\u00a0et\u00a0\u00a0\u00a0Nanna Ditzel\u00a0\u00a0. M. Vodder d\u00e9c\u00e8de en 2009<\/p>\n","protected":false},"featured_media":10314,"comment_status":"closed","ping_status":"closed","template":"","meta":{"_seopress_robots_primary_cat":"","_seopress_titles_title":"","_seopress_titles_desc":"","_seopress_robots_index":"","_gspb_post_css":"","inline_featured_image":false},"product_brand":[],"product_cat":[335],"product_tag":[],"berocket_brand":[],"class_list":{"0":"post-10737","1":"product","2":"type-product","3":"status-publish","4":"has-post-thumbnail","6":"product_cat-furniture-storage","8":"first","9":"instock","10":"taxable","11":"shipping-taxable","12":"purchasable","13":"product-type-simple"},"_links":{"self":[{"href":"https:\/\/opecheurdelune.com\/en\/wp-json\/wp\/v2\/product\/10737","targetHints":{"allow":["GET"]}}],"collection":[{"href":"https:\/\/opecheurdelune.com\/en\/wp-json\/wp\/v2\/product"}],"about":[{"href":"https:\/\/opecheurdelune.com\/en\/wp-json\/wp\/v2\/types\/product"}],"replies":[{"embeddable":true,"href":"https:\/\/opecheurdelune.com\/en\/wp-json\/wp\/v2\/comments?post=10737"}],"wp:featuredmedia":[{"embeddable":true,"href":"https:\/\/opecheurdelune.com\/en\/wp-json\/wp\/v2\/media\/10314"}],"wp:attachment":[{"href":"https:\/\/opecheurdelune.com\/en\/wp-json\/wp\/v2\/media?parent=10737"}],"wp:term":[{"taxonomy":"product_brand","embeddable":true,"href":"https:\/\/opecheurdelune.com\/en\/wp-json\/wp\/v2\/product_brand?post=10737"},{"taxonomy":"product_cat","embeddable":true,"href":"https:\/\/opecheurdelune.com\/en\/wp-json\/wp\/v2\/product_cat?post=10737"},{"taxonomy":"product_tag","embeddable":true,"href":"https:\/\/opecheurdelune.com\/en\/wp-json\/wp\/v2\/product_tag?post=10737"},{"taxonomy":"berocket_brand","embeddable":true,"href":"https:\/\/opecheurdelune.com\/en\/wp-json\/wp\/v2\/berocket_brand?post=10737"}],"curies":[{"name":"wp","href":"https:\/\/api.w.org\/{rel}","templated":true}]}}