{"id":10736,"date":"2024-10-19T19:32:38","date_gmt":"2024-10-19T17:32:38","guid":{"rendered":"https:\/\/opecheurdelune.com\/product\/enfilade-willy-rizzo-pour-mario-sabot-italie-1970\/"},"modified":"2025-10-23T21:04:25","modified_gmt":"2025-10-23T19:04:25","slug":"enfilade-willy-rizzo-pour-mario-sabot-italie-1970","status":"publish","type":"product","link":"https:\/\/opecheurdelune.com\/en\/product\/enfilade-willy-rizzo-pour-mario-sabot-italie-1970\/","title":{"rendered":"Enfilade Willy Rizzo pour Mario Sabot, Italie, 1970"},"content":{"rendered":"<section class=\"product__description margin--top-bottom--medium\" aria-labelledby=\"nav-label__product-description\">\n<div>\n<div id=\"tab-1\" role=\"tabpanel\" aria-labelledby=\"tabby-toggle_tab-1\">\n<div class=\"rte\">\n<div class=\"description\">\n<p>Enfilade 3 portes, 3 tiroirs de Willy Rizzo pour Mario Sabot \u00e9diteur circa 1970. Structure en m\u00e9lamin\u00e9 noir. Bon \u00e9tat g\u00e9n\u00e9ral le buffet de Willy Rizzo est compos\u00e9 de\u00a03 portes et 3 tiroirs en fa\u00e7ade avec prises circulaires et corni\u00e8res en m\u00e9tal chrom\u00e9.<\/p>\n<p>hauteur 75 cm longueur 177 cm largeur 48 cm<\/p>\n<p>Des questions sur le produit, la logistique, la facture o\u00f9 le mode de r\u00e8glement une seule adresse pour obtenir votre r\u00e9ponse personnalis\u00e9\u00a0<a href=\"https:\/\/old.opecheurdelune.com\/contact-o-pecheur-de-lune\" target=\"_blank\" rel=\"noopener\">vincent@opecheurdelune.com<\/a><\/p>\n<p>Willy Rizzo (1928-2013), designer italo-fran\u00e7ais et photographe de presse, de mode et de c\u00e9l\u00e9brit\u00e9s. Passionn\u00e9 d\u2019antiquit\u00e9s, il imagine dans les ann\u00e9es 70 un mobilier au design tr\u00e8s contemporain fabriqu\u00e9 \u00e0 base de mat\u00e9riaux nobles comme le bois, le marbre, le laiton ou l\u2019acier. Son style tr\u00e8s personnel a marqu\u00e9 cette \u00e9poque. Un cr\u00e9ateur ind\u00e9pendant visionnaire et esth\u00e8te.<\/p>\n<\/div>\n<\/div>\n<\/div>\n<\/div>\n<\/section>\n<\/div>\n","protected":false},"excerpt":{"rendered":"<p>Enfilade 3 portes, 3 tiroirs de Willy Rizzo pour Mario Sabot \u00e9diteur circa 1970. Structure en m\u00e9lamin\u00e9 noir. Bon \u00e9tat g\u00e9n\u00e9ral le buffet de Willy Rizzo est compos\u00e9 de\u00a03 portes et 3 tiroirs en fa\u00e7ade avec prises circulaires et corni\u00e8res en m\u00e9tal chrom\u00e9. hauteur 75 cm longueur 177 cm largeur 48 cm Des questions sur le produit, la logistique, la facture o\u00f9 le mode de r\u00e8glement une seule adresse pour obtenir votre r\u00e9ponse personnalis\u00e9\u00a0vincent@opecheurdelune.com Willy Rizzo (1928-2013), designer italo-fran\u00e7ais et photographe de presse, de mode et de c\u00e9l\u00e9brit\u00e9s. Passionn\u00e9 d\u2019antiquit\u00e9s, il imagine dans les ann\u00e9es 70 un mobilier au design tr\u00e8s contemporain fabriqu\u00e9 \u00e0 base de mat\u00e9riaux nobles comme le bois, le marbre, le laiton ou l\u2019acier. Son style tr\u00e8s personnel a marqu\u00e9 cette \u00e9poque. Un cr\u00e9ateur ind\u00e9pendant visionnaire et esth\u00e8te.<\/p>\n","protected":false},"featured_media":10307,"comment_status":"closed","ping_status":"closed","template":"","meta":{"_seopress_robots_primary_cat":"","_seopress_titles_title":"","_seopress_titles_desc":"","_seopress_robots_index":"","_gspb_post_css":"","inline_featured_image":false},"product_brand":[],"product_cat":[335],"product_tag":[],"berocket_brand":[],"class_list":{"0":"post-10736","1":"product","2":"type-product","3":"status-publish","4":"has-post-thumbnail","6":"product_cat-furniture-storage","8":"first","9":"outofstock","10":"taxable","11":"shipping-taxable","12":"purchasable","13":"product-type-simple"},"_links":{"self":[{"href":"https:\/\/opecheurdelune.com\/en\/wp-json\/wp\/v2\/product\/10736","targetHints":{"allow":["GET"]}}],"collection":[{"href":"https:\/\/opecheurdelune.com\/en\/wp-json\/wp\/v2\/product"}],"about":[{"href":"https:\/\/opecheurdelune.com\/en\/wp-json\/wp\/v2\/types\/product"}],"replies":[{"embeddable":true,"href":"https:\/\/opecheurdelune.com\/en\/wp-json\/wp\/v2\/comments?post=10736"}],"wp:featuredmedia":[{"embeddable":true,"href":"https:\/\/opecheurdelune.com\/en\/wp-json\/wp\/v2\/media\/10307"}],"wp:attachment":[{"href":"https:\/\/opecheurdelune.com\/en\/wp-json\/wp\/v2\/media?parent=10736"}],"wp:term":[{"taxonomy":"product_brand","embeddable":true,"href":"https:\/\/opecheurdelune.com\/en\/wp-json\/wp\/v2\/product_brand?post=10736"},{"taxonomy":"product_cat","embeddable":true,"href":"https:\/\/opecheurdelune.com\/en\/wp-json\/wp\/v2\/product_cat?post=10736"},{"taxonomy":"product_tag","embeddable":true,"href":"https:\/\/opecheurdelune.com\/en\/wp-json\/wp\/v2\/product_tag?post=10736"},{"taxonomy":"berocket_brand","embeddable":true,"href":"https:\/\/opecheurdelune.com\/en\/wp-json\/wp\/v2\/berocket_brand?post=10736"}],"curies":[{"name":"wp","href":"https:\/\/api.w.org\/{rel}","templated":true}]}}