{"id":10735,"date":"2025-10-19T21:32:32","date_gmt":"2025-10-19T19:32:32","guid":{"rendered":"https:\/\/opecheurdelune.com\/product\/commode-vintage-en-teck-de-gunnar-nielsen-tibergaard-danemark-1960\/"},"modified":"2025-10-19T21:32:39","modified_gmt":"2025-10-19T19:32:39","slug":"commode-vintage-en-teck-de-gunnar-nielsen-tibergaard-danemark-1960","status":"publish","type":"product","link":"https:\/\/opecheurdelune.com\/en\/product\/commode-vintage-en-teck-de-gunnar-nielsen-tibergaard-danemark-1960\/","title":{"rendered":"Commode vintage en teck de Gunnar Nielsen Tibergaard, Danemark 1960"},"content":{"rendered":"<p>Commode vintage en teck de Gunnar Nielsen Tibergaard, Danemark 1960 commode en teck ouvrant sur trois tiroir, sign\u00e9 au dos<\/p>\n<p>Hauteur : 61 cm longueur 83, profondeur : 41 cm<\/p>\n<p>&nbsp;<\/p>\n<p>Des questions sur le produit, la logistique, la facture o\u00f9 le mode de r\u00e8glement une seule adresse pour obtenir votre r\u00e9ponse personnalis\u00e9\u00a0<a href=\"https:\/\/old.opecheurdelune.com\/contact-o-pecheur-de-lune\" target=\"_blank\" rel=\"noopener noreferrer\">vincent@opecheurdelune.com\u00a0<\/a><\/p>\n","protected":false},"excerpt":{"rendered":"<p>Commode vintage en teck de Gunnar Nielsen Tibergaard, Danemark 1960 commode en teck ouvrant sur trois tiroir, sign\u00e9 au dos Hauteur : 61 cm longueur 83, profondeur : 41 cm &nbsp; Des questions sur le produit, la logistique, la facture o\u00f9 le mode de r\u00e8glement une seule adresse pour obtenir votre r\u00e9ponse personnalis\u00e9\u00a0vincent@opecheurdelune.com\u00a0<\/p>\n","protected":false},"featured_media":10293,"comment_status":"closed","ping_status":"closed","template":"","meta":{"_seopress_robots_primary_cat":"","_seopress_titles_title":"","_seopress_titles_desc":"","_seopress_robots_index":"","_gspb_post_css":"","inline_featured_image":false},"product_brand":[],"product_cat":[335],"product_tag":[],"berocket_brand":[],"class_list":{"0":"post-10735","1":"product","2":"type-product","3":"status-publish","4":"has-post-thumbnail","6":"product_cat-furniture-storage","8":"first","9":"instock","10":"taxable","11":"shipping-taxable","12":"purchasable","13":"product-type-simple"},"_links":{"self":[{"href":"https:\/\/opecheurdelune.com\/en\/wp-json\/wp\/v2\/product\/10735","targetHints":{"allow":["GET"]}}],"collection":[{"href":"https:\/\/opecheurdelune.com\/en\/wp-json\/wp\/v2\/product"}],"about":[{"href":"https:\/\/opecheurdelune.com\/en\/wp-json\/wp\/v2\/types\/product"}],"replies":[{"embeddable":true,"href":"https:\/\/opecheurdelune.com\/en\/wp-json\/wp\/v2\/comments?post=10735"}],"wp:featuredmedia":[{"embeddable":true,"href":"https:\/\/opecheurdelune.com\/en\/wp-json\/wp\/v2\/media\/10293"}],"wp:attachment":[{"href":"https:\/\/opecheurdelune.com\/en\/wp-json\/wp\/v2\/media?parent=10735"}],"wp:term":[{"taxonomy":"product_brand","embeddable":true,"href":"https:\/\/opecheurdelune.com\/en\/wp-json\/wp\/v2\/product_brand?post=10735"},{"taxonomy":"product_cat","embeddable":true,"href":"https:\/\/opecheurdelune.com\/en\/wp-json\/wp\/v2\/product_cat?post=10735"},{"taxonomy":"product_tag","embeddable":true,"href":"https:\/\/opecheurdelune.com\/en\/wp-json\/wp\/v2\/product_tag?post=10735"},{"taxonomy":"berocket_brand","embeddable":true,"href":"https:\/\/opecheurdelune.com\/en\/wp-json\/wp\/v2\/berocket_brand?post=10735"}],"curies":[{"name":"wp","href":"https:\/\/api.w.org\/{rel}","templated":true}]}}