{"id":10734,"date":"2025-10-19T21:32:32","date_gmt":"2025-10-19T19:32:32","guid":{"rendered":"https:\/\/opecheurdelune.com\/product\/buffet-reconstruction-france-1950\/"},"modified":"2025-10-23T21:04:24","modified_gmt":"2025-10-23T19:04:24","slug":"buffet-reconstruction-france-1950","status":"publish","type":"product","link":"https:\/\/opecheurdelune.com\/en\/product\/buffet-reconstruction-france-1950\/","title":{"rendered":"Buffet, reconstruction, france, 1950"},"content":{"rendered":"<section class=\"product__description margin--top-bottom--medium\" aria-labelledby=\"nav-label__product-description\">\n<div>\n<div id=\"tab-1\" role=\"tabpanel\" aria-labelledby=\"tabby-toggle_tab-1\">\n<div class=\"rte\">\n<div class=\"description\">\n<p>Buffet en ch\u00eane et placage de ch\u00eane travail fran\u00e7ais des ann\u00e9es 1950.<\/p>\n<p>2 portes coulissantes et trois tiroirs en ceinture. Mobilier fran\u00e7ais artisanal inspir\u00e9 des cr\u00e9ateurs de la reconstruction des ann\u00e9es 1950.<\/p>\n<p>Hauteur 150 cm profondeur 48 cm longueur 150 cm<\/p>\n<p>Des questions sur le produit, la logistique, la facture, le mode de r\u00e8glement une seule adresse pour obtenir votre r\u00e9ponse personnalis\u00e9e\u00a0<a href=\"https:\/\/old.opecheurdelune.com\/contact-o-pecheur-de-lune\">vincent@opecheurdelune.com\u00a0<\/a><\/p>\n<\/div>\n<\/div>\n<\/div>\n<\/div>\n<\/section>\n<\/div>\n","protected":false},"excerpt":{"rendered":"<p>Buffet en ch\u00eane et placage de ch\u00eane travail fran\u00e7ais des ann\u00e9es 1950. 2 portes coulissantes et trois tiroirs en ceinture. Mobilier fran\u00e7ais artisanal inspir\u00e9 des cr\u00e9ateurs de la reconstruction des ann\u00e9es 1950. Hauteur 150 cm profondeur 48 cm longueur 150 cm Des questions sur le produit, la logistique, la facture, le mode de r\u00e8glement une seule adresse pour obtenir votre r\u00e9ponse personnalis\u00e9e\u00a0vincent@opecheurdelune.com\u00a0<\/p>\n","protected":false},"featured_media":10304,"comment_status":"closed","ping_status":"closed","template":"","meta":{"_seopress_robots_primary_cat":"","_seopress_titles_title":"","_seopress_titles_desc":"","_seopress_robots_index":"","_gspb_post_css":"","inline_featured_image":false},"product_brand":[],"product_cat":[335],"product_tag":[],"berocket_brand":[],"class_list":{"0":"post-10734","1":"product","2":"type-product","3":"status-publish","4":"has-post-thumbnail","6":"product_cat-furniture-storage","8":"first","9":"instock","10":"taxable","11":"shipping-taxable","12":"purchasable","13":"product-type-simple"},"_links":{"self":[{"href":"https:\/\/opecheurdelune.com\/en\/wp-json\/wp\/v2\/product\/10734","targetHints":{"allow":["GET"]}}],"collection":[{"href":"https:\/\/opecheurdelune.com\/en\/wp-json\/wp\/v2\/product"}],"about":[{"href":"https:\/\/opecheurdelune.com\/en\/wp-json\/wp\/v2\/types\/product"}],"replies":[{"embeddable":true,"href":"https:\/\/opecheurdelune.com\/en\/wp-json\/wp\/v2\/comments?post=10734"}],"wp:featuredmedia":[{"embeddable":true,"href":"https:\/\/opecheurdelune.com\/en\/wp-json\/wp\/v2\/media\/10304"}],"wp:attachment":[{"href":"https:\/\/opecheurdelune.com\/en\/wp-json\/wp\/v2\/media?parent=10734"}],"wp:term":[{"taxonomy":"product_brand","embeddable":true,"href":"https:\/\/opecheurdelune.com\/en\/wp-json\/wp\/v2\/product_brand?post=10734"},{"taxonomy":"product_cat","embeddable":true,"href":"https:\/\/opecheurdelune.com\/en\/wp-json\/wp\/v2\/product_cat?post=10734"},{"taxonomy":"product_tag","embeddable":true,"href":"https:\/\/opecheurdelune.com\/en\/wp-json\/wp\/v2\/product_tag?post=10734"},{"taxonomy":"berocket_brand","embeddable":true,"href":"https:\/\/opecheurdelune.com\/en\/wp-json\/wp\/v2\/berocket_brand?post=10734"}],"curies":[{"name":"wp","href":"https:\/\/api.w.org\/{rel}","templated":true}]}}