{"id":10733,"date":"2025-10-19T21:32:32","date_gmt":"2025-10-19T19:32:32","guid":{"rendered":"https:\/\/opecheurdelune.com\/product\/commode-d154-carlo-de-carli-pour-sormani-italie-1963-1964\/"},"modified":"2025-10-23T21:04:24","modified_gmt":"2025-10-23T19:04:24","slug":"commode-d154-carlo-de-carli-pour-sormani-italie-1963-1964","status":"publish","type":"product","link":"https:\/\/opecheurdelune.com\/en\/product\/commode-d154-carlo-de-carli-pour-sormani-italie-1963-1964\/","title":{"rendered":"Commode D154, Carlo de Carli pour Sormani, Italie, 1963-1964"},"content":{"rendered":"<section class=\"product__description margin--top-bottom--medium\" aria-labelledby=\"nav-label__product-description\">\n<div>\n<div id=\"tab-1\" role=\"tabpanel\" aria-labelledby=\"tabby-toggle_tab-1\">\n<div class=\"rte\">\n<div class=\"description\">\n<p>Tr\u00e8s \u00e9l\u00e9gante commode \u00e0 3 tiroirs pantalonniers, rare, en palissandre de Rio, les prises et pi\u00e9tements sont en laiton. CARLO DE CARLI (1910-1971) &amp; SORMANI (\u00c9diteur) Commode en placage de palissandre, mod\u00e8le &#8220;DC154&#8221;, circa 1963, pi\u00e9tement gaine formant colonnettes d\u00e9tach\u00e9es rainur\u00e9es, reposant sur des sabots m\u00e9talliques cubiques \u00e0 patine canon de fusil s&#8217;\u00e9levant de hauts cylindres, elle ouvre en fa\u00e7ade par trois tiroirs munis de poign\u00e9es rondes en m\u00e9tal \u00e0 patine canon de fusil, plateau d\u00e9bordant, bord\u00e9 d&#8217;une large doucine.<\/p>\n<p>Historique design de Carlo De Carli pour les \u00e9ditions Sormani en 1963-1964.<\/p>\n<p>H. 81 cm, L. 145 cm, P. 43,5 cm<\/p>\n<\/div>\n<\/div>\n<\/div>\n<\/div>\n<\/section>\n<\/div>\n","protected":false},"excerpt":{"rendered":"<p>Tr\u00e8s \u00e9l\u00e9gante commode \u00e0 3 tiroirs pantalonniers, rare, en palissandre de Rio, les prises et pi\u00e9tements sont en laiton. CARLO DE CARLI (1910-1971) &amp; SORMANI (\u00c9diteur) Commode en placage de palissandre, mod\u00e8le &#8220;DC154&#8221;, circa 1963, pi\u00e9tement gaine formant colonnettes d\u00e9tach\u00e9es rainur\u00e9es, reposant sur des sabots m\u00e9talliques cubiques \u00e0 patine canon de fusil s&#8217;\u00e9levant de hauts cylindres, elle ouvre en fa\u00e7ade par trois tiroirs munis de poign\u00e9es rondes en m\u00e9tal \u00e0 patine canon de fusil, plateau d\u00e9bordant, bord\u00e9 d&#8217;une large doucine. Historique design de Carlo De Carli pour les \u00e9ditions Sormani en 1963-1964. H. 81 cm, L. 145 cm, P. 43,5 cm<\/p>\n","protected":false},"featured_media":10281,"comment_status":"closed","ping_status":"closed","template":"","meta":{"_seopress_robots_primary_cat":"","_seopress_titles_title":"","_seopress_titles_desc":"","_seopress_robots_index":"","_gspb_post_css":"","inline_featured_image":false},"product_brand":[],"product_cat":[335],"product_tag":[],"berocket_brand":[],"class_list":{"0":"post-10733","1":"product","2":"type-product","3":"status-publish","4":"has-post-thumbnail","6":"product_cat-furniture-storage","8":"first","9":"instock","10":"taxable","11":"shipping-taxable","12":"purchasable","13":"product-type-simple"},"_links":{"self":[{"href":"https:\/\/opecheurdelune.com\/en\/wp-json\/wp\/v2\/product\/10733","targetHints":{"allow":["GET"]}}],"collection":[{"href":"https:\/\/opecheurdelune.com\/en\/wp-json\/wp\/v2\/product"}],"about":[{"href":"https:\/\/opecheurdelune.com\/en\/wp-json\/wp\/v2\/types\/product"}],"replies":[{"embeddable":true,"href":"https:\/\/opecheurdelune.com\/en\/wp-json\/wp\/v2\/comments?post=10733"}],"wp:featuredmedia":[{"embeddable":true,"href":"https:\/\/opecheurdelune.com\/en\/wp-json\/wp\/v2\/media\/10281"}],"wp:attachment":[{"href":"https:\/\/opecheurdelune.com\/en\/wp-json\/wp\/v2\/media?parent=10733"}],"wp:term":[{"taxonomy":"product_brand","embeddable":true,"href":"https:\/\/opecheurdelune.com\/en\/wp-json\/wp\/v2\/product_brand?post=10733"},{"taxonomy":"product_cat","embeddable":true,"href":"https:\/\/opecheurdelune.com\/en\/wp-json\/wp\/v2\/product_cat?post=10733"},{"taxonomy":"product_tag","embeddable":true,"href":"https:\/\/opecheurdelune.com\/en\/wp-json\/wp\/v2\/product_tag?post=10733"},{"taxonomy":"berocket_brand","embeddable":true,"href":"https:\/\/opecheurdelune.com\/en\/wp-json\/wp\/v2\/berocket_brand?post=10733"}],"curies":[{"name":"wp","href":"https:\/\/api.w.org\/{rel}","templated":true}]}}